{"id":965857,"date":"2024-05-21T16:56:04","date_gmt":"2024-05-21T14:56:04","guid":{"rendered":"https:\/\/www.claret.cat\/llibre\/compartir-catc-9788416427710\/"},"modified":"2026-02-23T17:20:21","modified_gmt":"2026-02-23T16:20:21","slug":"compartir-cat-9788416427710","status":"publish","type":"product","link":"https:\/\/www.claret.cat\/es\/libro\/compartir-cat-9788416427710\/","title":{"rendered":"COMPARTIR (CAT)"},"content":{"rendered":"<p>Dos conills anhelen la mateixa pastanaga, qui ser\u00e0 l&#8217;afortunat que se la menjar\u00e0? Dos micos desitgen el mateix pl\u00e0tan, quin \u00e9s el cam\u00ed a seguir? La resposta es revela en passar les p\u00e0gines troquelades d&#8217;aquesta meravella del disseny creada per Yusuke Yonezu, l&#8217;aclamat artista japon\u00e8s dels llibres de cartr\u00f3. Un llibre de cartr\u00f3 interactiu i ideal perqu\u00e8 els prelectors descobreixin com els amics sempre poden trobar la felicitat compartint.<\/p>\n","protected":false},"excerpt":{"rendered":"<p>YONEZU, YUSUKE<\/p>\n","protected":false},"featured_media":1085694,"template":"","meta":{"_acf_changed":false,"om_disable_all_campaigns":false,"rs_blank_template":"","rs_page_bg_color":"","slide_template_v7":"","inline_featured_image":false,"_monsterinsights_skip_tracking":false,"_monsterinsights_sitenote_active":false,"_monsterinsights_sitenote_note":"","_monsterinsights_sitenote_category":0},"product_brand":[],"product_cat":[131,361],"product_tag":[],"class_list":{"0":"post-965857","1":"product","2":"type-product","3":"status-publish","4":"has-post-thumbnail","6":"product_cat-contes-per-infants-0-6-anys","7":"product_cat-cuentos-para-ninos-0-6-anos","9":"first","10":"outofstock","11":"taxable","12":"shipping-taxable","13":"purchasable","14":"product-type-simple"},"acf":{"autor":"YONEZU, YUSUKE","codart":"841642771","libros-coleccion":"FORA DE COL.LECCI\u00d3","ediciones":"1","encuadernacion":"Carpeta","fecha_de_publicacion":"01\/05\/2024","novedad":"0","paginas":"20","subtitulo":"","orden":"0","portada":"0","idioma":"cat","editorial":[{"ID":148647,"post_author":"3","post_date":"2022-10-14 11:59:53","post_date_gmt":"2022-10-14 09:59:53","post_content":"","post_title":"PASTEL DE LUNA","post_excerpt":"","post_status":"publish","comment_status":"closed","ping_status":"closed","post_password":"","post_name":"pastel-de-luna","to_ping":"","pinged":"","post_modified":"2022-10-14 11:59:53","post_modified_gmt":"2022-10-14 09:59:53","post_content_filtered":"","post_parent":0,"guid":"http:\/\/dev.claret.cat\/editorial\/pastel-de-luna\/","menu_order":0,"post_type":"editorial","post_mime_type":"","comment_count":"0","filter":"raw"}],"booktrailer":"","resenas":""},"aioseo_notices":[],"_links":{"self":[{"href":"https:\/\/www.claret.cat\/es\/wp-json\/wp\/v2\/product\/965857","targetHints":{"allow":["GET"]}}],"collection":[{"href":"https:\/\/www.claret.cat\/es\/wp-json\/wp\/v2\/product"}],"about":[{"href":"https:\/\/www.claret.cat\/es\/wp-json\/wp\/v2\/types\/product"}],"wp:featuredmedia":[{"embeddable":true,"href":"https:\/\/www.claret.cat\/es\/wp-json\/wp\/v2\/media\/1085694"}],"wp:attachment":[{"href":"https:\/\/www.claret.cat\/es\/wp-json\/wp\/v2\/media?parent=965857"}],"wp:term":[{"taxonomy":"product_brand","embeddable":true,"href":"https:\/\/www.claret.cat\/es\/wp-json\/wp\/v2\/product_brand?post=965857"},{"taxonomy":"product_cat","embeddable":true,"href":"https:\/\/www.claret.cat\/es\/wp-json\/wp\/v2\/product_cat?post=965857"},{"taxonomy":"product_tag","embeddable":true,"href":"https:\/\/www.claret.cat\/es\/wp-json\/wp\/v2\/product_tag?post=965857"}],"curies":[{"name":"wp","href":"https:\/\/api.w.org\/{rel}","templated":true}]}}