{"id":96586,"date":"2022-10-12T07:00:08","date_gmt":"2022-10-12T05:00:08","guid":{"rendered":"http:\/\/dev.claret.cat\/producte\/carnaval\/"},"modified":"2025-02-04T18:52:29","modified_gmt":"2025-02-04T17:52:29","slug":"carnaval-9788424666446","status":"publish","type":"product","link":"https:\/\/www.claret.cat\/es\/libro\/carnaval-9788424666446\/","title":{"rendered":"CARNAVAL"},"content":{"rendered":"<p>Ha llegado Carnaval y todos los ni\u00f1os y las ni\u00f1as se disfrazan y se lo pasan a lo grande. Luc\u00eda ya no es Luc\u00eda, es un hada. Y Teresa es Cenicienta. Tambi\u00e9n hay robots, magos y vampiros. En Carnaval todo el mundo se divierte.<\/p>\n<p>Libro de cart\u00f3n con textos en may\u00fasculas para acompa\u00f1ar a los m\u00e1s peque\u00f1os en el proceso de aprendizaje de la lectura.<\/p>\n","protected":false},"excerpt":{"rendered":"<p>CANYELLES, ANNA<\/p>\n","protected":false},"featured_media":1002778,"template":"","meta":{"_acf_changed":false,"om_disable_all_campaigns":false,"rs_blank_template":"","rs_page_bg_color":"","slide_template_v7":"","inline_featured_image":false,"_monsterinsights_skip_tracking":false,"_monsterinsights_sitenote_active":false,"_monsterinsights_sitenote_note":"","_monsterinsights_sitenote_category":0},"product_brand":[],"product_cat":[131,361],"product_tag":[],"class_list":{"0":"post-96586","1":"product","2":"type-product","3":"status-publish","4":"has-post-thumbnail","6":"product_cat-contes-per-infants-0-6-anys","7":"product_cat-cuentos-para-ninos-0-6-anos","9":"first","10":"instock","11":"taxable","12":"shipping-taxable","13":"purchasable","14":"product-type-simple"},"acf":{"autor":"CANYELLES, ANNA","codart":"842466644","libros-coleccion":"Tradiciones","ediciones":"1","encuadernacion":"Carpeta","fecha_de_publicacion":"01\/02\/2020","novedad":"1","paginas":"12","subtitulo":"","orden":"0","portada":"0","idioma":"spa","editorial":[{"ID":148189,"post_author":"3","post_date":"2022-10-14 11:56:19","post_date_gmt":"2022-10-14 09:56:19","post_content":"","post_title":"GALERA, EDITORIAL","post_excerpt":"","post_status":"publish","comment_status":"closed","ping_status":"closed","post_password":"","post_name":"galera-editorial","to_ping":"","pinged":"","post_modified":"2022-10-14 11:56:19","post_modified_gmt":"2022-10-14 09:56:19","post_content_filtered":"","post_parent":0,"guid":"http:\/\/dev.claret.cat\/editorial\/galera-editorial\/","menu_order":0,"post_type":"editorial","post_mime_type":"","comment_count":"0","filter":"raw"}],"autores-libros":[{"ID":150541,"post_author":"3","post_date":"2022-10-14 14:33:47","post_date_gmt":"2022-10-14 12:33:47","post_content":"","post_title":"ANNA CANYELLES","post_excerpt":"","post_status":"publish","comment_status":"closed","ping_status":"closed","post_password":"","post_name":"anna-canyelles","to_ping":"","pinged":"","post_modified":"2022-10-14 14:33:47","post_modified_gmt":"2022-10-14 12:33:47","post_content_filtered":"","post_parent":0,"guid":"http:\/\/dev.claret.cat\/autor\/anna-canyelles\/","menu_order":0,"post_type":"autor","post_mime_type":"","comment_count":"0","filter":"raw"}]},"aioseo_notices":[],"_links":{"self":[{"href":"https:\/\/www.claret.cat\/es\/wp-json\/wp\/v2\/product\/96586","targetHints":{"allow":["GET"]}}],"collection":[{"href":"https:\/\/www.claret.cat\/es\/wp-json\/wp\/v2\/product"}],"about":[{"href":"https:\/\/www.claret.cat\/es\/wp-json\/wp\/v2\/types\/product"}],"wp:featuredmedia":[{"embeddable":true,"href":"https:\/\/www.claret.cat\/es\/wp-json\/wp\/v2\/media\/1002778"}],"wp:attachment":[{"href":"https:\/\/www.claret.cat\/es\/wp-json\/wp\/v2\/media?parent=96586"}],"wp:term":[{"taxonomy":"product_brand","embeddable":true,"href":"https:\/\/www.claret.cat\/es\/wp-json\/wp\/v2\/product_brand?post=96586"},{"taxonomy":"product_cat","embeddable":true,"href":"https:\/\/www.claret.cat\/es\/wp-json\/wp\/v2\/product_cat?post=96586"},{"taxonomy":"product_tag","embeddable":true,"href":"https:\/\/www.claret.cat\/es\/wp-json\/wp\/v2\/product_tag?post=96586"}],"curies":[{"name":"wp","href":"https:\/\/api.w.org\/{rel}","templated":true}]}}