{"id":965887,"date":"2024-05-21T17:01:26","date_gmt":"2024-05-21T15:01:26","guid":{"rendered":"https:\/\/www.claret.cat\/llibre\/coragre-9788412793079\/"},"modified":"2025-04-23T19:36:11","modified_gmt":"2025-04-23T17:36:11","slug":"coragre-9788412793079","status":"publish","type":"product","link":"https:\/\/www.claret.cat\/es\/libro\/coragre-9788412793079\/","title":{"rendered":"CORAGRE"},"content":{"rendered":"<p>\u00abVaig devorar el llibre i me&#8217;n vaig fer fan, com la meva mare, la meva tieta, la meva \u00e0via i qualsevol dona intel\u00b7ligent que et puguis trobar\u00bb<br \/> Lena Dunham<\/p>\n<p> \u00bf\u00c9s possible escriure un llibre hilarant sobre la ruptura d&#8217;un matrimoni perfecte? Si l&#8217;escriptora \u00e9s Nora Ephron, la resposta \u00e9s un s\u00ed rotund. Una hist\u00f2ria que lliga l&#8217;adulteri, , la ter\u00e0pia de grup i l&#8217;estofat de carn, i que ens demostra que una bona com\u00e8dia necessita la seva dosi d&#8217;angoixa com una bona salsa necessita farina i mantega. La Rachel Samstat, embarassada de set mesos, un dia descobreix que el seu marit, Mark, est\u00e0 enamorat d&#8217;una altra dona. La Rachel, que es guanya la vida escrivint llibres de cuina, troba en el menjar un cert b\u00e0lsam i consol; aix\u00ed, mentre es debat entre l&#8217;intent de recuperar en Mark i el desig de veure&#8217;l mort, la Rachel troba temps per oferir-nos algunes de les seves receptes preferides. Coragre \u00e9s l&#8217;\u00fanica novel\u00b7la de Nora Ephron; una hist\u00f2ria deliciosa explicada amb l&#8217;humor \u00e0cid propi de l&#8217;autora, una muntanya russa d&#8217;amor, tra\u00efci\u00f3, p\u00e8rdua i, el m\u00e9s satisfactori, venjan\u00e7a.<\/p>\n","protected":false},"excerpt":{"rendered":"<p>EPHRON, NORA<\/p>\n","protected":false},"featured_media":966657,"template":"","meta":{"_acf_changed":false,"om_disable_all_campaigns":false,"rs_blank_template":"","rs_page_bg_color":"","slide_template_v7":"","inline_featured_image":false,"_monsterinsights_skip_tracking":false,"_monsterinsights_sitenote_active":false,"_monsterinsights_sitenote_note":"","_monsterinsights_sitenote_category":0},"product_brand":[],"product_cat":[127,357],"product_tag":[],"class_list":{"0":"post-965887","1":"product","2":"type-product","3":"status-publish","4":"has-post-thumbnail","6":"product_cat-novella-contemporania","7":"product_cat-novela-contemporanea","9":"first","10":"instock","11":"taxable","12":"shipping-taxable","13":"purchasable","14":"product-type-simple"},"acf":{"autor":"EPHRON, NORA","codart":"841279307","libros-coleccion":"","ediciones":"1","encuadernacion":"R\u00fastica","fecha_de_publicacion":"01\/05\/2024","novedad":"1","paginas":"224","subtitulo":"","orden":"0","portada":"1","idioma":"cat","editorial":[{"ID":8251,"post_author":"3","post_date":"2022-09-30 09:21:29","post_date_gmt":"2022-09-30 07:21:29","post_content":"","post_title":"L'ALTRA EDITORIAL","post_excerpt":"","post_status":"publish","comment_status":"closed","ping_status":"closed","post_password":"","post_name":"laltra-editorial-3","to_ping":"","pinged":"","post_modified":"2022-09-30 09:21:29","post_modified_gmt":"2022-09-30 07:21:29","post_content_filtered":"","post_parent":0,"guid":"http:\/\/dev.claret.cat\/editorial\/laltra-editorial-3\/","menu_order":0,"post_type":"editorial","post_mime_type":"","comment_count":"0","filter":"raw"}],"booktrailer":"","resenas":""},"aioseo_notices":[],"_links":{"self":[{"href":"https:\/\/www.claret.cat\/es\/wp-json\/wp\/v2\/product\/965887","targetHints":{"allow":["GET"]}}],"collection":[{"href":"https:\/\/www.claret.cat\/es\/wp-json\/wp\/v2\/product"}],"about":[{"href":"https:\/\/www.claret.cat\/es\/wp-json\/wp\/v2\/types\/product"}],"wp:featuredmedia":[{"embeddable":true,"href":"https:\/\/www.claret.cat\/es\/wp-json\/wp\/v2\/media\/966657"}],"wp:attachment":[{"href":"https:\/\/www.claret.cat\/es\/wp-json\/wp\/v2\/media?parent=965887"}],"wp:term":[{"taxonomy":"product_brand","embeddable":true,"href":"https:\/\/www.claret.cat\/es\/wp-json\/wp\/v2\/product_brand?post=965887"},{"taxonomy":"product_cat","embeddable":true,"href":"https:\/\/www.claret.cat\/es\/wp-json\/wp\/v2\/product_cat?post=965887"},{"taxonomy":"product_tag","embeddable":true,"href":"https:\/\/www.claret.cat\/es\/wp-json\/wp\/v2\/product_tag?post=965887"}],"curies":[{"name":"wp","href":"https:\/\/api.w.org\/{rel}","templated":true}]}}