{"id":965983,"date":"2024-05-21T17:26:57","date_gmt":"2024-05-21T15:26:57","guid":{"rendered":"https:\/\/www.claret.cat\/llibre\/arigato-1-el-gat-samurai-9788413898179\/"},"modified":"2025-12-05T11:20:10","modified_gmt":"2025-12-05T10:20:10","slug":"arigato-1-el-gat-samurai-9788413898179","status":"publish","type":"product","link":"https:\/\/www.claret.cat\/es\/libro\/arigato-1-el-gat-samurai-9788413898179\/","title":{"rendered":"ARIGATO 1. EL GAT SAMURAI"},"content":{"rendered":"<p>Viure en una mansi\u00f3 i ser el gat m\u00e9s mimat de tot Gat\u00f2polis \u00e9s f\u00e0cil. Que les teves \u00faniques preocupacions siguin dormir i menjar, tamb\u00e9. El que \u00e9s dif\u00edcil, o millor dit, superdif\u00edcil, \u00e9s perdre-ho tot per culpa d&#8221;un majordom envej\u00f3s. Aix\u00f2 \u00e9s el que li ha passat a l&#8221;Arigato. El seu repte m\u00e9s desafiant a partir d&#8221;ara ser\u00e0 demostrar que no \u00e9s un lladregot. Fins que un bon dia&#8230; un superpoder ho canvia tot! Podr\u00e0 l&#8221;Arigato\u00a0 controlar aquests nous poders?<br \/> Us presentem la col\u00b7lecci\u00f3 m\u00e9s divertida per a primers lectors.<br \/> El seu primer llibre en lletra d&#8221;impremta. Ideal per adquirir autonomia lectora.<\/p>\n","protected":false},"excerpt":{"rendered":"<p>BLANC, TERESA<\/p>\n","protected":false},"featured_media":985096,"template":"","meta":{"_acf_changed":false,"om_disable_all_campaigns":false,"rs_blank_template":"","rs_page_bg_color":"","slide_template_v7":"","inline_featured_image":false,"_monsterinsights_skip_tracking":false,"_monsterinsights_sitenote_active":false,"_monsterinsights_sitenote_note":"","_monsterinsights_sitenote_category":0},"product_brand":[],"product_cat":[131,364,134,361],"product_tag":[],"class_list":{"0":"post-965983","1":"product","2":"type-product","3":"status-publish","4":"has-post-thumbnail","6":"product_cat-contes-per-infants-0-6-anys","7":"product_cat-comics-infantil-3_infantil-juvenil-spa","8":"product_cat-comics","9":"product_cat-cuentos-para-ninos-0-6-anos","11":"first","12":"instock","13":"taxable","14":"shipping-taxable","15":"purchasable","16":"product-type-simple"},"acf":{"autor":"BLANC, TERESA","codart":"841389817","libros-coleccion":"FORA DE COL.LECCI\u00d3","ediciones":"1","encuadernacion":"Carton\u00e9","fecha_de_publicacion":"01\/05\/2024","novedad":"1","paginas":"76","subtitulo":"","orden":"0","portada":"0","idioma":"cat","editorial":[{"ID":6249,"post_author":"3","post_date":"2022-07-28 17:48:09","post_date_gmt":"2022-07-28 15:48:09","post_content":"","post_title":"Estrella Polar","post_excerpt":"","post_status":"publish","comment_status":"closed","ping_status":"closed","post_password":"","post_name":"estrella-polar","to_ping":"","pinged":"","post_modified":"2022-07-28 17:48:09","post_modified_gmt":"2022-07-28 15:48:09","post_content_filtered":"","post_parent":0,"guid":"http:\/\/dev.claret.cat\/editorial\/estrella-polar\/","menu_order":0,"post_type":"editorial","post_mime_type":"","comment_count":"0","filter":"raw"}],"booktrailer":"","resenas":""},"aioseo_notices":[],"_links":{"self":[{"href":"https:\/\/www.claret.cat\/es\/wp-json\/wp\/v2\/product\/965983","targetHints":{"allow":["GET"]}}],"collection":[{"href":"https:\/\/www.claret.cat\/es\/wp-json\/wp\/v2\/product"}],"about":[{"href":"https:\/\/www.claret.cat\/es\/wp-json\/wp\/v2\/types\/product"}],"wp:featuredmedia":[{"embeddable":true,"href":"https:\/\/www.claret.cat\/es\/wp-json\/wp\/v2\/media\/985096"}],"wp:attachment":[{"href":"https:\/\/www.claret.cat\/es\/wp-json\/wp\/v2\/media?parent=965983"}],"wp:term":[{"taxonomy":"product_brand","embeddable":true,"href":"https:\/\/www.claret.cat\/es\/wp-json\/wp\/v2\/product_brand?post=965983"},{"taxonomy":"product_cat","embeddable":true,"href":"https:\/\/www.claret.cat\/es\/wp-json\/wp\/v2\/product_cat?post=965983"},{"taxonomy":"product_tag","embeddable":true,"href":"https:\/\/www.claret.cat\/es\/wp-json\/wp\/v2\/product_tag?post=965983"}],"curies":[{"name":"wp","href":"https:\/\/api.w.org\/{rel}","templated":true}]}}