{"id":9660,"date":"2022-09-30T19:42:42","date_gmt":"2022-09-30T17:42:42","guid":{"rendered":"http:\/\/dev.claret.cat\/producte\/la-pastisseria-i-la-cuina-de-la-garrofa\/"},"modified":"2025-03-03T16:42:14","modified_gmt":"2025-03-03T15:42:14","slug":"la-pastisseria-i-la-cuina-de-la-garrofa-9788416505593","status":"publish","type":"product","link":"https:\/\/www.claret.cat\/es\/libro\/la-pastisseria-i-la-cuina-de-la-garrofa-9788416505593\/","title":{"rendered":"LA PASTISSERIA I LA CUINA DE LA GARROFA"},"content":{"rendered":"<p>La pastisseria i la cuina de la garrofa ens ofereix un recull de receptes on es<br \/> proposa una nova cultura sobre aquest producte, humil i sovint menystingut,<br \/> de la nostre territori. Des d&#8217;un respecte program\u00e0tic per la garrofa i la<br \/> seva tradici\u00f3, la Fundaci\u00f3 Al\u00edcia ha impulsat un treball innovador, amb<br \/> col\u00b7laboracions des dels \u00e0mbits de la restauraci\u00f3, la pastisseria, les fleques<br \/> i les escoles de cuina. Un treball d&#8217;aut\u00e8ntica excel\u00b7l\u00e8ncia que despertar\u00e0 la<br \/> curiositat dels professionals i els afeccionats al m\u00f3n de la cuina. <br \/> El lector hi trobar\u00e0 un munt de receptes de base que ens proporciona<br \/> la Fundaci\u00f3 Al\u00edcia, un ventall de plats on la garrofa es mostra com<br \/> un ingredient nou, sabor\u00f3s i vers\u00e0til, per a tot tipus de menjars. Tamb\u00e9<br \/> s&#8217;hi presenten les aportacions fetes per professionals diversos, amb propostes<br \/> tan variades com el creatiu trif\u00e0sic de garrofa, civada i ratafia o el<br \/> comprom\u00e8s pa ecol\u00f2gic de gingebre i garrofa.<br \/> La introducci\u00f3 del llibre l&#8217;ha feta el prestigi\u00f3s periodista, gastr\u00f2nom i<br \/> professor d&#8217;enogastronomia de l&#8217;Escola Universit\u00e0ria de Turisme i Direcci\u00f3<br \/> Hotelera de la UAB, Jaume F\u00e0brega.<\/p>\n","protected":false},"excerpt":{"rendered":"<p>FUNDACI\u00d3 AL\u00cdCIA<\/p>\n","protected":false},"featured_media":74444,"template":"","meta":{"_acf_changed":false,"om_disable_all_campaigns":false,"rs_blank_template":"","rs_page_bg_color":"","slide_template_v7":"","inline_featured_image":false,"_monsterinsights_skip_tracking":false,"_monsterinsights_sitenote_active":false,"_monsterinsights_sitenote_note":"","_monsterinsights_sitenote_category":0},"product_brand":[],"product_cat":[553,103],"product_tag":[],"class_list":{"0":"post-9660","1":"product","2":"type-product","3":"status-publish","4":"has-post-thumbnail","6":"product_cat-cocina","7":"product_cat-cuina","9":"first","10":"instock","11":"taxable","12":"shipping-taxable","13":"purchasable","14":"product-type-simple"},"acf":{"autor":"FUNDACI\u00d3 AL\u00cdCIA","codart":"841650559","libros-coleccion":"","ediciones":"1","encuadernacion":"Carton\u00e9","fecha_de_publicacion":"01\/09\/2016","novedad":"0","paginas":"72","subtitulo":"","orden":"999","portada":"0","idioma":"cat","editorial":[{"ID":148608,"post_author":"3","post_date":"2022-10-14 11:59:35","post_date_gmt":"2022-10-14 09:59:35","post_content":"","post_title":"ONADA EDICIONS","post_excerpt":"","post_status":"publish","comment_status":"closed","ping_status":"closed","post_password":"","post_name":"onada-edicions","to_ping":"","pinged":"","post_modified":"2022-10-14 11:59:35","post_modified_gmt":"2022-10-14 09:59:35","post_content_filtered":"","post_parent":0,"guid":"http:\/\/dev.claret.cat\/editorial\/onada-edicions\/","menu_order":0,"post_type":"editorial","post_mime_type":"","comment_count":"0","filter":"raw"}],"autores-libros":[{"ID":156467,"post_author":"3","post_date":"2022-10-14 15:21:02","post_date_gmt":"2022-10-14 13:21:02","post_content":"","post_title":"FUNDACI\u00d3 AL\u00cdCIA","post_excerpt":"","post_status":"publish","comment_status":"closed","ping_status":"closed","post_password":"","post_name":"fundacio-alicia","to_ping":"","pinged":"","post_modified":"2022-10-14 15:21:02","post_modified_gmt":"2022-10-14 13:21:02","post_content_filtered":"","post_parent":0,"guid":"http:\/\/dev.claret.cat\/autor\/fundacio-alicia\/","menu_order":0,"post_type":"autor","post_mime_type":"","comment_count":"0","filter":"raw"}]},"aioseo_notices":[],"_links":{"self":[{"href":"https:\/\/www.claret.cat\/es\/wp-json\/wp\/v2\/product\/9660","targetHints":{"allow":["GET"]}}],"collection":[{"href":"https:\/\/www.claret.cat\/es\/wp-json\/wp\/v2\/product"}],"about":[{"href":"https:\/\/www.claret.cat\/es\/wp-json\/wp\/v2\/types\/product"}],"wp:featuredmedia":[{"embeddable":true,"href":"https:\/\/www.claret.cat\/es\/wp-json\/wp\/v2\/media\/74444"}],"wp:attachment":[{"href":"https:\/\/www.claret.cat\/es\/wp-json\/wp\/v2\/media?parent=9660"}],"wp:term":[{"taxonomy":"product_brand","embeddable":true,"href":"https:\/\/www.claret.cat\/es\/wp-json\/wp\/v2\/product_brand?post=9660"},{"taxonomy":"product_cat","embeddable":true,"href":"https:\/\/www.claret.cat\/es\/wp-json\/wp\/v2\/product_cat?post=9660"},{"taxonomy":"product_tag","embeddable":true,"href":"https:\/\/www.claret.cat\/es\/wp-json\/wp\/v2\/product_tag?post=9660"}],"curies":[{"name":"wp","href":"https:\/\/api.w.org\/{rel}","templated":true}]}}