{"id":966117,"date":"2024-05-24T10:32:01","date_gmt":"2024-05-24T08:32:01","guid":{"rendered":"https:\/\/www.claret.cat\/llibre\/libro-portarretratos-mi-primera-comunion-9783647216140\/"},"modified":"2024-05-24T10:39:50","modified_gmt":"2024-05-24T08:39:50","slug":"libro-portarretratos-mi-primera-comunion-9783647216140","status":"publish","type":"product","link":"https:\/\/www.claret.cat\/es\/libro\/libro-portarretratos-mi-primera-comunion-9783647216140\/","title":{"rendered":"LIBRO PORTARRETRATOS: MI PRIMERA COMUNI\u00d3N"},"content":{"rendered":"<p>Libro encuadernado en papel artesano de lomo estrecho. Con estampaci\u00f3n en plata y marco met\u00e1lico plateado. Con 18 hojas impresas a color y hojas en blanco para fotograf\u00edas, firmas o ecuerdos. Estuche decorado tama\u00f1o: 35&#215;27 cm.<\/p>\n","protected":false},"excerpt":{"rendered":"<p>EDICROMO<\/p>\n","protected":false},"featured_media":966118,"template":"","meta":{"_acf_changed":false,"om_disable_all_campaigns":false,"rs_blank_template":"","rs_page_bg_color":"","slide_template_v7":"","inline_featured_image":false,"_monsterinsights_skip_tracking":false,"_monsterinsights_sitenote_active":false,"_monsterinsights_sitenote_note":"","_monsterinsights_sitenote_category":0},"product_brand":[],"product_cat":[119,568],"product_tag":[],"class_list":{"0":"post-966117","1":"product","2":"type-product","3":"status-publish","4":"has-post-thumbnail","6":"product_cat-primera-comunio","7":"product_cat-primera-comunion-1_espiritualidad-spa","9":"first","10":"instock","11":"taxable","12":"shipping-taxable","13":"purchasable","14":"product-type-simple"},"acf":{"autor":"EDICROMO","codart":"364721614","libros-coleccion":"","ediciones":"1","encuadernacion":"R\u00fastica","fecha_de_publicacion":"01\/05\/2024","novedad":"1","paginas":"1","subtitulo":"REF:21614","orden":"0","portada":"0","idioma":"spa","editorial":[{"ID":147900,"post_author":"3","post_date":"2022-10-14 11:54:05","post_date_gmt":"2022-10-14 09:54:05","post_content":"","post_title":"EDICROMO S.A.","post_excerpt":"","post_status":"publish","comment_status":"closed","ping_status":"closed","post_password":"","post_name":"edicromo-s-a","to_ping":"","pinged":"","post_modified":"2022-10-14 11:54:05","post_modified_gmt":"2022-10-14 09:54:05","post_content_filtered":"","post_parent":0,"guid":"http:\/\/dev.claret.cat\/editorial\/edicromo-s-a\/","menu_order":0,"post_type":"editorial","post_mime_type":"","comment_count":"0","filter":"raw"}]},"aioseo_notices":[],"_links":{"self":[{"href":"https:\/\/www.claret.cat\/es\/wp-json\/wp\/v2\/product\/966117","targetHints":{"allow":["GET"]}}],"collection":[{"href":"https:\/\/www.claret.cat\/es\/wp-json\/wp\/v2\/product"}],"about":[{"href":"https:\/\/www.claret.cat\/es\/wp-json\/wp\/v2\/types\/product"}],"wp:featuredmedia":[{"embeddable":true,"href":"https:\/\/www.claret.cat\/es\/wp-json\/wp\/v2\/media\/966118"}],"wp:attachment":[{"href":"https:\/\/www.claret.cat\/es\/wp-json\/wp\/v2\/media?parent=966117"}],"wp:term":[{"taxonomy":"product_brand","embeddable":true,"href":"https:\/\/www.claret.cat\/es\/wp-json\/wp\/v2\/product_brand?post=966117"},{"taxonomy":"product_cat","embeddable":true,"href":"https:\/\/www.claret.cat\/es\/wp-json\/wp\/v2\/product_cat?post=966117"},{"taxonomy":"product_tag","embeddable":true,"href":"https:\/\/www.claret.cat\/es\/wp-json\/wp\/v2\/product_tag?post=966117"}],"curies":[{"name":"wp","href":"https:\/\/api.w.org\/{rel}","templated":true}]}}