{"id":966146,"date":"2024-05-24T10:34:46","date_gmt":"2024-05-24T08:34:46","guid":{"rendered":"https:\/\/www.claret.cat\/llibre\/libro-portarretratos-catala-la-meva-primera-comunio-9788647216145\/"},"modified":"2025-03-24T16:07:09","modified_gmt":"2025-03-24T15:07:09","slug":"ref-21614c-libro-portarretratos-catala-la-meva-primera-comunio-9788647216145","status":"publish","type":"product","link":"https:\/\/www.claret.cat\/es\/libro\/ref-21614c-libro-portarretratos-catala-la-meva-primera-comunio-9788647216145\/","title":{"rendered":"REF. 21614C &#8211; LIBRO PORTARRETRATOS CATALA: LA MEVA PRIMERA COMUNI\u00d3"},"content":{"rendered":"<p>Llibre enquadernat en paper artes\u00e0 de llom estret. Amb estampaci\u00f3 en plata i marc met\u00e0l\u00b7lic platejat. Amb 18 fulles impreses a color i fulles en blanc per a fotografies, signatures.<br \/>Estoig decorat grand\u00e0ria: 35&#215;27 cm.<\/p>\n","protected":false},"excerpt":{"rendered":"<p>EDICROMO<\/p>\n","protected":false},"featured_media":1008520,"template":"","meta":{"_acf_changed":false,"om_disable_all_campaigns":false,"rs_blank_template":"","rs_page_bg_color":"","slide_template_v7":"","inline_featured_image":false,"_monsterinsights_skip_tracking":false,"_monsterinsights_sitenote_active":false,"_monsterinsights_sitenote_note":"","_monsterinsights_sitenote_category":0},"product_brand":[],"product_cat":[119,568],"product_tag":[],"class_list":{"0":"post-966146","1":"product","2":"type-product","3":"status-publish","4":"has-post-thumbnail","6":"product_cat-primera-comunio","7":"product_cat-primera-comunion-1_espiritualidad-spa","9":"first","10":"instock","11":"taxable","12":"shipping-taxable","13":"purchasable","14":"product-type-simple"},"acf":{"autor":"EDICROMO","codart":"864721614","libros-coleccion":"","ediciones":"1","encuadernacion":"R\u00fastica","fecha_de_publicacion":"22\/05\/2024","novedad":"1","paginas":"1","subtitulo":"REF:21614C","orden":"0","portada":"0","idioma":"cat","editorial":[{"ID":147900,"post_author":"3","post_date":"2022-10-14 11:54:05","post_date_gmt":"2022-10-14 09:54:05","post_content":"","post_title":"EDICROMO S.A.","post_excerpt":"","post_status":"publish","comment_status":"closed","ping_status":"closed","post_password":"","post_name":"edicromo-s-a","to_ping":"","pinged":"","post_modified":"2022-10-14 11:54:05","post_modified_gmt":"2022-10-14 09:54:05","post_content_filtered":"","post_parent":0,"guid":"http:\/\/dev.claret.cat\/editorial\/edicromo-s-a\/","menu_order":0,"post_type":"editorial","post_mime_type":"","comment_count":"0","filter":"raw"}]},"aioseo_notices":[],"_links":{"self":[{"href":"https:\/\/www.claret.cat\/es\/wp-json\/wp\/v2\/product\/966146","targetHints":{"allow":["GET"]}}],"collection":[{"href":"https:\/\/www.claret.cat\/es\/wp-json\/wp\/v2\/product"}],"about":[{"href":"https:\/\/www.claret.cat\/es\/wp-json\/wp\/v2\/types\/product"}],"wp:featuredmedia":[{"embeddable":true,"href":"https:\/\/www.claret.cat\/es\/wp-json\/wp\/v2\/media\/1008520"}],"wp:attachment":[{"href":"https:\/\/www.claret.cat\/es\/wp-json\/wp\/v2\/media?parent=966146"}],"wp:term":[{"taxonomy":"product_brand","embeddable":true,"href":"https:\/\/www.claret.cat\/es\/wp-json\/wp\/v2\/product_brand?post=966146"},{"taxonomy":"product_cat","embeddable":true,"href":"https:\/\/www.claret.cat\/es\/wp-json\/wp\/v2\/product_cat?post=966146"},{"taxonomy":"product_tag","embeddable":true,"href":"https:\/\/www.claret.cat\/es\/wp-json\/wp\/v2\/product_tag?post=966146"}],"curies":[{"name":"wp","href":"https:\/\/api.w.org\/{rel}","templated":true}]}}