{"id":966193,"date":"2024-05-24T10:45:55","date_gmt":"2024-05-24T08:45:55","guid":{"rendered":"https:\/\/www.claret.cat\/llibre\/panico-9788436849585\/"},"modified":"2024-05-24T10:53:29","modified_gmt":"2024-05-24T08:53:29","slug":"panico-9788436849585","status":"publish","type":"product","link":"https:\/\/www.claret.cat\/es\/libro\/panico-9788436849585\/","title":{"rendered":"\u00a1P\u00c1NICO!"},"content":{"rendered":"<p>\u00bfPor qu\u00e9 a veces tenemos un miedo intenso o p\u00e1nico a situaciones que, aparentemente, no nos deber\u00edan dar miedo? <br \/> \u00ab\u00a1Estoy nervioso!\u00bb, \u00abNo me encuentro bien\u00bb, \u00abMe quiero ir\u00bb&#8230; es lo que cualquier ni\u00f1o con ansiedad dir\u00eda en estas situaciones. <br \/> Pero \u00bfqu\u00e9 ocurre en su interior para que sientan sensaciones tan desagradables? Sensaciones como un nudo en la garganta, molestias en el est\u00f3mago, respiraci\u00f3n acelerada, un coraz\u00f3n que late muy r\u00e1pido y unas ganas inmensas de salir corriendo de all\u00ed. Adem\u00e1s, a esas sensaciones las acompa\u00f1a un gran miedo irracional. <br \/> En esta narraci\u00f3n, a trav\u00e9s de los personajes de Pablo y Bruno, iremos descubriendo las explicaciones a temas como: \u00bfc\u00f3mo empieza un miedo?, \u00bfqu\u00e9 pasa en mi cuerpo cuando siento miedo y por qu\u00e9 se comporta as\u00ed?, \u00bfc\u00f3mo se mantiene un miedo en el tiempo? <br \/> Porque entendiendo y comprendiendo c\u00f3mo funciona el miedo, los ni\u00f1os estar\u00e1n mejor preparados para aprender a hacerle frente. <br \/> Este libro est\u00e1 escrito por psic\u00f3logos especialistas en psicolog\u00eda infantil y conocedores de la neurobiolog\u00eda de la respuesta emocional al miedo. Todo lo explicado en este libro representa lo que pasa en realidad en nuestros cuerpos. Adem\u00e1s, las ilustraciones har\u00e1n que hasta los ni\u00f1os m\u00e1s peque\u00f1os puedan entenderlo sin problemas.<\/p>\n","protected":false},"excerpt":{"rendered":"<p>BORR\u00c1S BARRACHINA, AROA \/ CONESA BELTR\u00c1N, FRANCISCO<\/p>\n","protected":false},"featured_media":966194,"template":"","meta":{"_acf_changed":false,"om_disable_all_campaigns":false,"rs_blank_template":"","rs_page_bg_color":"","slide_template_v7":"","inline_featured_image":false,"_monsterinsights_skip_tracking":false,"_monsterinsights_sitenote_active":false,"_monsterinsights_sitenote_note":"","_monsterinsights_sitenote_category":0},"product_brand":[],"product_cat":[131,361,137,425],"product_tag":[],"class_list":{"0":"post-966193","1":"product","2":"type-product","3":"status-publish","4":"has-post-thumbnail","6":"product_cat-contes-per-infants-0-6-anys","7":"product_cat-cuentos-para-ninos-0-6-anos","8":"product_cat-escola-de-pares-infantil","9":"product_cat-escuela-de-padres","11":"first","12":"instock","13":"taxable","14":"shipping-taxable","15":"purchasable","16":"product-type-simple"},"acf":{"autor":"BORR\u00c1S BARRACHINA, AROA \/ CONESA BELTR\u00c1N, FRANCISCO","codart":"843684958","libros-coleccion":"FORA DE COL.LECCI\u00d3","ediciones":"1","encuadernacion":"R\u00fastica","fecha_de_publicacion":"01\/05\/2024","novedad":"1","paginas":"48","subtitulo":"PSICOEDUCACI\u00d3N PARA EL TRASTORNO DE ANSIEDAD INFANTIL","orden":"0","portada":"0","idioma":"spa","editorial":[{"ID":147844,"post_author":"3","post_date":"2022-10-14 11:53:39","post_date_gmt":"2022-10-14 09:53:39","post_content":"","post_title":"Ediciones Pir\u00e1mide","post_excerpt":"","post_status":"publish","comment_status":"closed","ping_status":"closed","post_password":"","post_name":"ediciones-piramide","to_ping":"","pinged":"","post_modified":"2022-10-14 11:53:39","post_modified_gmt":"2022-10-14 09:53:39","post_content_filtered":"","post_parent":0,"guid":"http:\/\/dev.claret.cat\/editorial\/ediciones-piramide\/","menu_order":0,"post_type":"editorial","post_mime_type":"","comment_count":"0","filter":"raw"}]},"aioseo_notices":[],"_links":{"self":[{"href":"https:\/\/www.claret.cat\/es\/wp-json\/wp\/v2\/product\/966193","targetHints":{"allow":["GET"]}}],"collection":[{"href":"https:\/\/www.claret.cat\/es\/wp-json\/wp\/v2\/product"}],"about":[{"href":"https:\/\/www.claret.cat\/es\/wp-json\/wp\/v2\/types\/product"}],"wp:featuredmedia":[{"embeddable":true,"href":"https:\/\/www.claret.cat\/es\/wp-json\/wp\/v2\/media\/966194"}],"wp:attachment":[{"href":"https:\/\/www.claret.cat\/es\/wp-json\/wp\/v2\/media?parent=966193"}],"wp:term":[{"taxonomy":"product_brand","embeddable":true,"href":"https:\/\/www.claret.cat\/es\/wp-json\/wp\/v2\/product_brand?post=966193"},{"taxonomy":"product_cat","embeddable":true,"href":"https:\/\/www.claret.cat\/es\/wp-json\/wp\/v2\/product_cat?post=966193"},{"taxonomy":"product_tag","embeddable":true,"href":"https:\/\/www.claret.cat\/es\/wp-json\/wp\/v2\/product_tag?post=966193"}],"curies":[{"name":"wp","href":"https:\/\/api.w.org\/{rel}","templated":true}]}}