{"id":966284,"date":"2024-05-24T10:58:34","date_gmt":"2024-05-24T08:58:34","guid":{"rendered":"https:\/\/www.claret.cat\/llibre\/bismillah-en-nombre-de-dios-amad-a-los-musulmanes-9788412632484\/"},"modified":"2024-05-24T11:27:38","modified_gmt":"2024-05-24T09:27:38","slug":"bismillah-en-nombre-de-dios-amad-a-los-musulmanes-9788412632484","status":"publish","type":"product","link":"https:\/\/www.claret.cat\/es\/libro\/bismillah-en-nombre-de-dios-amad-a-los-musulmanes-9788412632484\/","title":{"rendered":"BISMILLAH (EN NOMBRE DE DIOS): AMAD A LOS MUSULMANES"},"content":{"rendered":"<p>\u00abEste libro est\u00e1 dirigido de modo espec\u00edfico a mis hermanos en la fe cristiana. Las p\u00e1ginas siguientes no tratan de exponer una teolog\u00eda isl\u00e1mica en paralelo a una teolog\u00eda cristiana, a fin de comparar, valorar, desvalorizar o hallar elementos para una yuxtaposici\u00f3n o un precario anclaje. He intentado, en la medida en que me lo permita Dios, hacer una reflexi\u00f3n cristiana sobre el islam vertebrada por el amor infinito que Dios tiene a cada una de las personas que le confiesan desde esta religi\u00f3n, por la pasi\u00f3n de ese amor, por la ternura. En el intento me pongo en manos de \u00c9l, pidiendo luz a su Esp\u00edritu en la confianza de que mis propias y abismales ignorancias sobre el asunto pueden ser, en sus manos, instrumento de esa luz, instrumento de una providencia amorosa en favor de todos\u2026 Nuestra reflexi\u00f3n, que escudri\u00f1a la acci\u00f3n de la gracia en el islam, que afirma sin rubor la presencia de santos entre los que se confiesan musulmanes, que habla de verdadero misterio en el origen de esta religi\u00f3n y en nuestra relaci\u00f3n con ella, no s\u00f3lo no minusvalora el Se\u00f1or\u00edo de Jesucristo, sino que remite todo este dinamismo sobrenatural a este Se\u00f1or\u00edo\u00bb (de la Introducci\u00f3n)<\/p>\n","protected":false},"excerpt":{"rendered":"<p>L\u00d3PEZ LAGUNA, GERARDO<\/p>\n","protected":false},"featured_media":966285,"template":"","meta":{"_acf_changed":false,"om_disable_all_campaigns":false,"rs_blank_template":"","rs_page_bg_color":"","slide_template_v7":"","inline_featured_image":false,"_monsterinsights_skip_tracking":false,"_monsterinsights_sitenote_active":false,"_monsterinsights_sitenote_note":"","_monsterinsights_sitenote_category":0},"product_brand":[],"product_cat":[544,94],"product_tag":[],"class_list":{"0":"post-966284","1":"product","2":"type-product","3":"status-publish","4":"has-post-thumbnail","6":"product_cat-religiones","7":"product_cat-religions","9":"first","10":"instock","11":"taxable","12":"shipping-taxable","13":"purchasable","14":"product-type-simple"},"acf":{"autor":"L\u00d3PEZ LAGUNA, GERARDO","codart":"841263248","libros-coleccion":"","ediciones":"1","encuadernacion":"R\u00fastica","fecha_de_publicacion":"01\/05\/2024","novedad":"1","paginas":"594","subtitulo":"","orden":"0","portada":"0","idioma":"spa","editorial":[{"ID":411567,"post_author":"3","post_date":"2023-03-10 16:45:40","post_date_gmt":"2023-03-10 15:45:40","post_content":"","post_title":"Editorial Anawim","post_excerpt":"","post_status":"publish","comment_status":"closed","ping_status":"closed","post_password":"","post_name":"editorial-anawim-45","to_ping":"","pinged":"","post_modified":"2023-03-10 16:45:40","post_modified_gmt":"2023-03-10 15:45:40","post_content_filtered":"","post_parent":0,"guid":"https:\/\/www.claret.cat\/editorial\/editorial-anawim-45\/","menu_order":0,"post_type":"editorial","post_mime_type":"","comment_count":"0","filter":"raw"}]},"aioseo_notices":[],"_links":{"self":[{"href":"https:\/\/www.claret.cat\/es\/wp-json\/wp\/v2\/product\/966284","targetHints":{"allow":["GET"]}}],"collection":[{"href":"https:\/\/www.claret.cat\/es\/wp-json\/wp\/v2\/product"}],"about":[{"href":"https:\/\/www.claret.cat\/es\/wp-json\/wp\/v2\/types\/product"}],"wp:featuredmedia":[{"embeddable":true,"href":"https:\/\/www.claret.cat\/es\/wp-json\/wp\/v2\/media\/966285"}],"wp:attachment":[{"href":"https:\/\/www.claret.cat\/es\/wp-json\/wp\/v2\/media?parent=966284"}],"wp:term":[{"taxonomy":"product_brand","embeddable":true,"href":"https:\/\/www.claret.cat\/es\/wp-json\/wp\/v2\/product_brand?post=966284"},{"taxonomy":"product_cat","embeddable":true,"href":"https:\/\/www.claret.cat\/es\/wp-json\/wp\/v2\/product_cat?post=966284"},{"taxonomy":"product_tag","embeddable":true,"href":"https:\/\/www.claret.cat\/es\/wp-json\/wp\/v2\/product_tag?post=966284"}],"curies":[{"name":"wp","href":"https:\/\/api.w.org\/{rel}","templated":true}]}}