{"id":966293,"date":"2024-05-24T10:59:24","date_gmt":"2024-05-24T08:59:24","guid":{"rendered":"https:\/\/www.claret.cat\/llibre\/bailar-en-la-cocina-9788413683737\/"},"modified":"2025-11-17T11:27:11","modified_gmt":"2025-11-17T10:27:11","slug":"bailar-en-la-cocina-9788413683737","status":"publish","type":"product","link":"https:\/\/www.claret.cat\/es\/libro\/bailar-en-la-cocina-9788413683737\/","title":{"rendered":"BAILAR EN LA COCINA"},"content":{"rendered":"<p>En las cocinas de nuestras casas es donde se cuecen las habas y mil y una historias familiares. Unas tristes, otras alegres, como la vida misma.<\/p>\n<p> Lo importante es conseguir la alegr\u00eda, la armon\u00eda, el buen ambiente, que en casa se viva bien, en definitiva, disfrutar del matrimonio.<\/p>\n<p> S\u00ed, del matrimonio.<\/p>\n<p> Y t\u00fa, \u00bfdisfrutas de tu matrimonio o vas tirando?<\/p>\n<p> \u00bfOs lo pas\u00e1is bien u os aguant\u00e1is?<\/p>\n<p> Seguro que conoces a un mont\u00f3n de matrimonios que han sido muy felices durante toda la vida, quiz\u00e1 tus padres o tus abuelos, unos vecinos&#8230; los hubo, los hay y los habr\u00e1, much\u00edsimos.<br \/> En este libro quiero contagiar de una manera sencilla, con peque\u00f1os detalles y an\u00e9cdotas, c\u00f3mo conseguir un matrimonio disfrut\u00f3n.<\/p>\n<p> El tema no es aguantar, ni ir tirando, hay que &#8216;pasarlo de muerte&#8217;.<\/p>\n<p> Que s\u00ed, que merece la pena casarse, comprometerse, que los j\u00f3venes necesitan tener ejemplos. Que despu\u00e9s de veros, vuestros hijos y sus amigos digan: &#8216;Yo quiero ser como ellos&#8217;.<\/p>\n<p> Hay que cambiar las estad\u00edsticas.<\/p>\n<p> \u00a1A BAILAR!<\/p>\n","protected":false},"excerpt":{"rendered":"<p>BORRELL VILANOVA, PEP<\/p>\n","protected":false},"featured_media":1066180,"template":"","meta":{"_acf_changed":false,"om_disable_all_campaigns":false,"rs_blank_template":"","rs_page_bg_color":"","slide_template_v7":"","inline_featured_image":false,"_monsterinsights_skip_tracking":false,"_monsterinsights_sitenote_active":false,"_monsterinsights_sitenote_note":"","_monsterinsights_sitenote_category":0},"product_brand":[],"product_cat":[270,408],"product_tag":[],"class_list":{"0":"post-966293","1":"product","2":"type-product","3":"status-publish","4":"has-post-thumbnail","6":"product_cat-familiar-pastoral","7":"product_cat-familiar-pastoral-1_espiritualidad","9":"first","10":"instock","11":"taxable","12":"shipping-taxable","13":"purchasable","14":"product-type-simple"},"acf":{"autor":"BORRELL VILANOVA, PEP","codart":"841368373","libros-coleccion":"EDUCACI\u00d3N Y FAMILIA","ediciones":"1","encuadernacion":"R\u00fastica","fecha_de_publicacion":"01\/05\/2024","novedad":"1","paginas":"158","subtitulo":"EL SECRETO DE LOS MATRIMONIOS QUE DISFRUTAN","orden":"0","portada":"0","idioma":"spa","editorial":[{"ID":148624,"post_author":"3","post_date":"2022-10-14 11:59:42","post_date_gmt":"2022-10-14 09:59:42","post_content":"","post_title":"PALABRA S.A., EDICIONES","post_excerpt":"","post_status":"publish","comment_status":"closed","ping_status":"closed","post_password":"","post_name":"palabra-s-a-ediciones","to_ping":"","pinged":"","post_modified":"2022-10-14 11:59:42","post_modified_gmt":"2022-10-14 09:59:42","post_content_filtered":"","post_parent":0,"guid":"http:\/\/dev.claret.cat\/editorial\/palabra-s-a-ediciones\/","menu_order":0,"post_type":"editorial","post_mime_type":"","comment_count":"0","filter":"raw"}],"autores-libros":"","traductores-libros":"","ilustradores-libros":"","formato":"","linkebook":"","precioebook":"","ebookportada":false,"ficha":"","muestra":"","presentacion":"","booktrailer":"","resenas":"","recomendamos":"","mas_vendido":""},"aioseo_notices":[],"_links":{"self":[{"href":"https:\/\/www.claret.cat\/es\/wp-json\/wp\/v2\/product\/966293","targetHints":{"allow":["GET"]}}],"collection":[{"href":"https:\/\/www.claret.cat\/es\/wp-json\/wp\/v2\/product"}],"about":[{"href":"https:\/\/www.claret.cat\/es\/wp-json\/wp\/v2\/types\/product"}],"wp:featuredmedia":[{"embeddable":true,"href":"https:\/\/www.claret.cat\/es\/wp-json\/wp\/v2\/media\/1066180"}],"wp:attachment":[{"href":"https:\/\/www.claret.cat\/es\/wp-json\/wp\/v2\/media?parent=966293"}],"wp:term":[{"taxonomy":"product_brand","embeddable":true,"href":"https:\/\/www.claret.cat\/es\/wp-json\/wp\/v2\/product_brand?post=966293"},{"taxonomy":"product_cat","embeddable":true,"href":"https:\/\/www.claret.cat\/es\/wp-json\/wp\/v2\/product_cat?post=966293"},{"taxonomy":"product_tag","embeddable":true,"href":"https:\/\/www.claret.cat\/es\/wp-json\/wp\/v2\/product_tag?post=966293"}],"curies":[{"name":"wp","href":"https:\/\/api.w.org\/{rel}","templated":true}]}}