{"id":966393,"date":"2024-05-24T11:09:44","date_gmt":"2024-05-24T09:09:44","guid":{"rendered":"https:\/\/www.claret.cat\/llibre\/animales-colorea-por-numeros-9788411962100\/"},"modified":"2024-05-24T11:12:43","modified_gmt":"2024-05-24T09:12:43","slug":"animales-colorea-por-numeros-9788411962100","status":"publish","type":"product","link":"https:\/\/www.claret.cat\/es\/libro\/animales-colorea-por-numeros-9788411962100\/","title":{"rendered":"ANIMALES, COLOREA POR N\u00daMEROS"},"content":{"rendered":"<p>Del\u00e9itate con la belleza de los animales mientras desarrollas tu creatividad y tus dotes art\u00edsticas. Completa las bellas l\u00e1minas de este libro siguiendo el c\u00f3digo de colores y rel\u00e1jate durante horas disfrutando del placer de colorear. Adem\u00e1s, cuando termines tus obras, puedes desprender las p\u00e1ginas del libro y enmarcarlas o regal\u00e1rselas a quien t\u00fa quieras.<\/p>\n","protected":false},"excerpt":{"rendered":"<p>TRUJILLO, EDUARDO<\/p>\n","protected":false},"featured_media":966394,"template":"","meta":{"_acf_changed":false,"om_disable_all_campaigns":false,"rs_blank_template":"","rs_page_bg_color":"","slide_template_v7":"","inline_featured_image":false,"_monsterinsights_skip_tracking":false,"_monsterinsights_sitenote_active":false,"_monsterinsights_sitenote_note":"","_monsterinsights_sitenote_category":0},"product_brand":[],"product_cat":[131,132,361,362],"product_tag":[],"class_list":{"0":"post-966393","1":"product","2":"type-product","3":"status-publish","4":"has-post-thumbnail","6":"product_cat-contes-per-infants-0-6-anys","7":"product_cat-lectures-per-preadolescents-6-12-anys","8":"product_cat-cuentos-para-ninos-0-6-anos","9":"product_cat-libros-preadolescentes-6-12-anos","11":"first","12":"instock","13":"taxable","14":"shipping-taxable","15":"purchasable","16":"product-type-simple"},"acf":{"autor":"TRUJILLO, EDUARDO","codart":"841196210","libros-coleccion":"FORA DE COL.LECCI\u00d3","ediciones":"1","encuadernacion":"R\u00fastica","fecha_de_publicacion":"01\/05\/2024","novedad":"1","paginas":"64","subtitulo":"","orden":"0","portada":"0","idioma":"spa","editorial":[{"ID":148846,"post_author":"3","post_date":"2022-10-14 12:01:27","post_date_gmt":"2022-10-14 10:01:27","post_content":"","post_title":"SUSAETA EDICIONES","post_excerpt":"","post_status":"publish","comment_status":"closed","ping_status":"closed","post_password":"","post_name":"susaeta-ediciones","to_ping":"","pinged":"","post_modified":"2022-10-14 12:01:27","post_modified_gmt":"2022-10-14 10:01:27","post_content_filtered":"","post_parent":0,"guid":"http:\/\/dev.claret.cat\/editorial\/susaeta-ediciones\/","menu_order":0,"post_type":"editorial","post_mime_type":"","comment_count":"0","filter":"raw"}]},"aioseo_notices":[],"_links":{"self":[{"href":"https:\/\/www.claret.cat\/es\/wp-json\/wp\/v2\/product\/966393","targetHints":{"allow":["GET"]}}],"collection":[{"href":"https:\/\/www.claret.cat\/es\/wp-json\/wp\/v2\/product"}],"about":[{"href":"https:\/\/www.claret.cat\/es\/wp-json\/wp\/v2\/types\/product"}],"wp:featuredmedia":[{"embeddable":true,"href":"https:\/\/www.claret.cat\/es\/wp-json\/wp\/v2\/media\/966394"}],"wp:attachment":[{"href":"https:\/\/www.claret.cat\/es\/wp-json\/wp\/v2\/media?parent=966393"}],"wp:term":[{"taxonomy":"product_brand","embeddable":true,"href":"https:\/\/www.claret.cat\/es\/wp-json\/wp\/v2\/product_brand?post=966393"},{"taxonomy":"product_cat","embeddable":true,"href":"https:\/\/www.claret.cat\/es\/wp-json\/wp\/v2\/product_cat?post=966393"},{"taxonomy":"product_tag","embeddable":true,"href":"https:\/\/www.claret.cat\/es\/wp-json\/wp\/v2\/product_tag?post=966393"}],"curies":[{"name":"wp","href":"https:\/\/api.w.org\/{rel}","templated":true}]}}