{"id":966636,"date":"2024-05-24T16:10:02","date_gmt":"2024-05-24T14:10:02","guid":{"rendered":"https:\/\/www.claret.cat\/llibre\/la-peste-escarlata-y-otros-relatos-9788446054870\/"},"modified":"2024-05-24T17:50:25","modified_gmt":"2024-05-24T15:50:25","slug":"la-peste-escarlata-y-otros-relatos-9788446054870","status":"publish","type":"product","link":"https:\/\/www.claret.cat\/es\/libro\/la-peste-escarlata-y-otros-relatos-9788446054870\/","title":{"rendered":"LA PESTE ESCARLATA Y OTROS RELATOS"},"content":{"rendered":"<p>Los humanos est\u00e1n en peligro de extinci\u00f3n. En el lapso de unas pocas semanas, una pandemia ha matado a hombres y mujeres sin reparar en clase social, edad ni etnia, y ha condenado al olvido todo progreso y conquista civilizatorios. El mundo vuelve a comenzar y los escasos supervivientes de la plaga mundial est\u00e1n reviviendo la Prehistoria. El abuelo de unos salvajes muchachos, que no conocieron ni son capaces de imaginar el mundo que fue, les narra c\u00f3mo la Peste Escarlata lo cambi\u00f3 todo.  El presente compendio de relatos de Jack London, adem\u00e1s de \u00abLa Peste Escarlata\u00bb, recoge \u00abUna destiler\u00eda hiperb\u00f3rea\u00bb, \u00abLa fe de los hombres\u00bb, \u00abDemasiado oro\u00bb y \u00abLa historia de Jees Uck\u00bb, obras en las que el gran narrador de aventuras hace de las pasiones m\u00e1s humanas pura literatura.<\/p>\n","protected":false},"excerpt":{"rendered":"<p>JACK LONDON<\/p>\n","protected":false},"featured_media":966693,"template":"","meta":{"_acf_changed":false,"om_disable_all_campaigns":false,"rs_blank_template":"","rs_page_bg_color":"","slide_template_v7":"","inline_featured_image":false,"_monsterinsights_skip_tracking":false,"_monsterinsights_sitenote_active":false,"_monsterinsights_sitenote_note":"","_monsterinsights_sitenote_category":0},"product_brand":[],"product_cat":[354,123],"product_tag":[],"class_list":{"0":"post-966636","1":"product","2":"type-product","3":"status-publish","4":"has-post-thumbnail","6":"product_cat-clasica","7":"product_cat-classica","9":"first","10":"instock","11":"taxable","12":"shipping-taxable","13":"purchasable","14":"product-type-simple"},"acf":{"autor":"JACK LONDON","codart":"844605487","libros-coleccion":"B\u00e1sica de bolsillo","ediciones":"2","encuadernacion":"R\u00fastica","fecha_de_publicacion":"01\/05\/2024","novedad":"1","paginas":"164","subtitulo":"Y OTROS RELATOS","orden":"0","portada":"0","idioma":"spa","editorial":[{"ID":6115,"post_author":"3","post_date":"2022-07-28 17:45:13","post_date_gmt":"2022-07-28 15:45:13","post_content":"","post_title":"AKAL, EDICIONES S.A.","post_excerpt":"","post_status":"publish","comment_status":"closed","ping_status":"closed","post_password":"","post_name":"akal-ediciones-s-a","to_ping":"","pinged":"","post_modified":"2022-07-28 17:45:13","post_modified_gmt":"2022-07-28 15:45:13","post_content_filtered":"","post_parent":0,"guid":"http:\/\/dev.claret.cat\/editorial\/akal-ediciones-s-a\/","menu_order":0,"post_type":"editorial","post_mime_type":"","comment_count":"0","filter":"raw"}]},"aioseo_notices":[],"_links":{"self":[{"href":"https:\/\/www.claret.cat\/es\/wp-json\/wp\/v2\/product\/966636","targetHints":{"allow":["GET"]}}],"collection":[{"href":"https:\/\/www.claret.cat\/es\/wp-json\/wp\/v2\/product"}],"about":[{"href":"https:\/\/www.claret.cat\/es\/wp-json\/wp\/v2\/types\/product"}],"wp:featuredmedia":[{"embeddable":true,"href":"https:\/\/www.claret.cat\/es\/wp-json\/wp\/v2\/media\/966693"}],"wp:attachment":[{"href":"https:\/\/www.claret.cat\/es\/wp-json\/wp\/v2\/media?parent=966636"}],"wp:term":[{"taxonomy":"product_brand","embeddable":true,"href":"https:\/\/www.claret.cat\/es\/wp-json\/wp\/v2\/product_brand?post=966636"},{"taxonomy":"product_cat","embeddable":true,"href":"https:\/\/www.claret.cat\/es\/wp-json\/wp\/v2\/product_cat?post=966636"},{"taxonomy":"product_tag","embeddable":true,"href":"https:\/\/www.claret.cat\/es\/wp-json\/wp\/v2\/product_tag?post=966636"}],"curies":[{"name":"wp","href":"https:\/\/api.w.org\/{rel}","templated":true}]}}