{"id":966753,"date":"2024-05-27T11:16:15","date_gmt":"2024-05-27T09:16:15","guid":{"rendered":"https:\/\/www.claret.cat\/llibre\/vacances-2-primaria-9788466157445\/"},"modified":"2024-05-27T11:17:11","modified_gmt":"2024-05-27T09:17:11","slug":"vacances-2-primaria-9788466157445","status":"publish","type":"product","link":"https:\/\/www.claret.cat\/es\/libro\/vacances-2-primaria-9788466157445\/","title":{"rendered":"VACANCES. 2 PRIM\u00c0RIA"},"content":{"rendered":"<p>Col\u00b7lecci\u00f3 de quaderns de vacances, de 1r a 6\u00e8 d&#8221;educaci\u00f3 prim\u00e0ria, per repassar els continguts i les destreses m\u00e9s importants de Catal\u00e0, Castell\u00e0, Matem\u00e0tiques, Medi i Angl\u00e8s, de manera globalitzada i motivadora. Tots els quaderns inclouen el solucionari de les activitats, adhesius i un passaport per ressenyar les experi\u00e8ncies m\u00e9s motivadores de l&#8221;estiu.<\/p>\n","protected":false},"excerpt":{"rendered":"<p>EQUIP SM CRU\u00cfLLA,<\/p>\n","protected":false},"featured_media":966754,"template":"","meta":{"_acf_changed":false,"om_disable_all_campaigns":false,"rs_blank_template":"","rs_page_bg_color":"","slide_template_v7":"","inline_featured_image":false,"_monsterinsights_skip_tracking":false,"_monsterinsights_sitenote_active":false,"_monsterinsights_sitenote_note":"","_monsterinsights_sitenote_category":0},"product_brand":[],"product_cat":[333,122],"product_tag":[],"class_list":{"0":"post-966753","1":"product","2":"type-product","3":"status-publish","4":"has-post-thumbnail","6":"product_cat-cuadernos-de-vacaciones","7":"product_cat-quaderns-de-vacances","9":"first","10":"instock","11":"taxable","12":"shipping-taxable","13":"purchasable","14":"product-type-simple"},"acf":{"autor":"EQUIP SM CRU\u00cfLLA,","codart":"846615744","libros-coleccion":"","ediciones":"1","encuadernacion":"Grapado","fecha_de_publicacion":"01\/04\/2024","novedad":"1","paginas":"58","subtitulo":"","orden":"0","portada":"0","idioma":"cat","editorial":[{"ID":147679,"post_author":"3","post_date":"2022-10-14 11:52:25","post_date_gmt":"2022-10-14 09:52:25","post_content":"","post_title":"CRUILLA \/SM-EDICIONS -VALENCIANO\/CATALAN","post_excerpt":"","post_status":"publish","comment_status":"closed","ping_status":"closed","post_password":"","post_name":"cruilla-sm-edicions-valenciano-catalan","to_ping":"","pinged":"","post_modified":"2022-10-14 11:52:25","post_modified_gmt":"2022-10-14 09:52:25","post_content_filtered":"","post_parent":0,"guid":"http:\/\/dev.claret.cat\/editorial\/cruilla-sm-edicions-valenciano-catalan\/","menu_order":0,"post_type":"editorial","post_mime_type":"","comment_count":"0","filter":"raw"}]},"aioseo_notices":[],"_links":{"self":[{"href":"https:\/\/www.claret.cat\/es\/wp-json\/wp\/v2\/product\/966753","targetHints":{"allow":["GET"]}}],"collection":[{"href":"https:\/\/www.claret.cat\/es\/wp-json\/wp\/v2\/product"}],"about":[{"href":"https:\/\/www.claret.cat\/es\/wp-json\/wp\/v2\/types\/product"}],"wp:featuredmedia":[{"embeddable":true,"href":"https:\/\/www.claret.cat\/es\/wp-json\/wp\/v2\/media\/966754"}],"wp:attachment":[{"href":"https:\/\/www.claret.cat\/es\/wp-json\/wp\/v2\/media?parent=966753"}],"wp:term":[{"taxonomy":"product_brand","embeddable":true,"href":"https:\/\/www.claret.cat\/es\/wp-json\/wp\/v2\/product_brand?post=966753"},{"taxonomy":"product_cat","embeddable":true,"href":"https:\/\/www.claret.cat\/es\/wp-json\/wp\/v2\/product_cat?post=966753"},{"taxonomy":"product_tag","embeddable":true,"href":"https:\/\/www.claret.cat\/es\/wp-json\/wp\/v2\/product_tag?post=966753"}],"curies":[{"name":"wp","href":"https:\/\/api.w.org\/{rel}","templated":true}]}}