{"id":966759,"date":"2024-05-27T11:25:02","date_gmt":"2024-05-27T09:25:02","guid":{"rendered":"https:\/\/www.claret.cat\/llibre\/bizancio-9788410199897\/"},"modified":"2026-01-23T18:19:22","modified_gmt":"2026-01-23T17:19:22","slug":"bizancio-9788410199897","status":"publish","type":"product","link":"https:\/\/www.claret.cat\/es\/libro\/bizancio-9788410199897\/","title":{"rendered":"BIZANCIO"},"content":{"rendered":"<p>Tras sobrevivir a la ca\u00edda del Imperio Romano de Europa Occidental en el siglo V, el Imperio Bizantino floreci\u00f3 como una de las fuerzas econ\u00f3micas, culturales y militares m\u00e1s poderosas de Europa durante mil a\u00f1os.  En esta breve introducci\u00f3n, Peter Sarris introduce al lector en la singular fusi\u00f3n de la cultura pol\u00edtica romana, la tradici\u00f3n intelectual griega y la fe cristiana que tuvo lugar en la capital imperial de Bizancio bajo el emperador Constantino y sus herederos.  Utilizando ejemplos de la arquitectura, el arte y la literatura bizantinos, Sarris muestra c\u00f3mo su legado fue reelaborado y reinventado en los siglos siguientes, frente a los desaf\u00edos y amenazas exteriores. A trav\u00e9s del impacto de la guerra con los  mundos persa e isl\u00e1mico en el este, Sarris explora la creatividad del arte de gobernar y la estrategia bizantinas, as\u00ed como los repetidos (pero en \u00faltima instancia infructuosos) intentos del imperio de conseguir la ayuda de las potencias cristianas  de Europa occidental para asegurar su supervivencia.<\/p>\n","protected":false},"excerpt":{"rendered":"<p>SARRIS, PETER<\/p>\n","protected":false},"featured_media":966760,"template":"","meta":{"_acf_changed":false,"om_disable_all_campaigns":false,"rs_blank_template":"","rs_page_bg_color":"","slide_template_v7":"","inline_featured_image":false,"_monsterinsights_skip_tracking":false,"_monsterinsights_sitenote_active":false,"_monsterinsights_sitenote_note":"","_monsterinsights_sitenote_category":0},"product_brand":[],"product_cat":[427,149],"product_tag":[],"class_list":{"0":"post-966759","1":"product","2":"type-product","3":"status-publish","4":"has-post-thumbnail","6":"product_cat-medieval-historia-2_humanidades","7":"product_cat-medieval","9":"first","10":"instock","11":"taxable","12":"shipping-taxable","13":"purchasable","14":"product-type-simple"},"acf":{"autor":"SARRIS, PETER","codart":"841019989","libros-coleccion":"Historia","ediciones":"1","encuadernacion":"Carpeta","fecha_de_publicacion":"01\/05\/2024","novedad":"1","paginas":"190","subtitulo":"UNA BREVE INTRODUCCI\u00d3N","orden":"0","portada":"0","idioma":"spa","editorial":[{"ID":147919,"post_author":"3","post_date":"2022-10-14 11:54:15","post_date_gmt":"2022-10-14 09:54:15","post_content":"","post_title":"EDITORIAL ALMUZARA","post_excerpt":"","post_status":"publish","comment_status":"closed","ping_status":"closed","post_password":"","post_name":"editorial-almuzara","to_ping":"","pinged":"","post_modified":"2022-10-14 11:54:15","post_modified_gmt":"2022-10-14 09:54:15","post_content_filtered":"","post_parent":0,"guid":"http:\/\/dev.claret.cat\/editorial\/editorial-almuzara\/","menu_order":0,"post_type":"editorial","post_mime_type":"","comment_count":"0","filter":"raw"}],"booktrailer":"","resenas":""},"aioseo_notices":[],"_links":{"self":[{"href":"https:\/\/www.claret.cat\/es\/wp-json\/wp\/v2\/product\/966759","targetHints":{"allow":["GET"]}}],"collection":[{"href":"https:\/\/www.claret.cat\/es\/wp-json\/wp\/v2\/product"}],"about":[{"href":"https:\/\/www.claret.cat\/es\/wp-json\/wp\/v2\/types\/product"}],"wp:featuredmedia":[{"embeddable":true,"href":"https:\/\/www.claret.cat\/es\/wp-json\/wp\/v2\/media\/966760"}],"wp:attachment":[{"href":"https:\/\/www.claret.cat\/es\/wp-json\/wp\/v2\/media?parent=966759"}],"wp:term":[{"taxonomy":"product_brand","embeddable":true,"href":"https:\/\/www.claret.cat\/es\/wp-json\/wp\/v2\/product_brand?post=966759"},{"taxonomy":"product_cat","embeddable":true,"href":"https:\/\/www.claret.cat\/es\/wp-json\/wp\/v2\/product_cat?post=966759"},{"taxonomy":"product_tag","embeddable":true,"href":"https:\/\/www.claret.cat\/es\/wp-json\/wp\/v2\/product_tag?post=966759"}],"curies":[{"name":"wp","href":"https:\/\/api.w.org\/{rel}","templated":true}]}}