{"id":96679,"date":"2022-10-12T07:01:23","date_gmt":"2022-10-12T05:01:23","guid":{"rendered":"http:\/\/dev.claret.cat\/producte\/san-jose-los-ojos-de-las-entranas\/"},"modified":"2026-04-01T08:02:18","modified_gmt":"2026-04-01T06:02:18","slug":"san-jose-los-ojos-de-las-entranas-9788429330243","status":"publish","type":"product","link":"https:\/\/www.claret.cat\/es\/libro\/san-jose-los-ojos-de-las-entranas-9788429330243\/","title":{"rendered":"SAN JOS\u00c9. LOS OJOS DE LAS ENTRA\u00d1AS"},"content":{"rendered":"<p>Invocado durante siglos como protector y gu\u00eda, san Jos\u00e9 sigue guardando un mensaje precioso. Una buena noticia para nuestro mundo en ocasiones tan vac\u00edo de vida y descolorido.<\/p>\n<p> Un libro que ofrece un poco de luz para buscadores de Dios que quieren releer su propia experiencia creyente de la mano de Jos\u00e9 de Nazaret. Y es que la vida sin \u00edndice del santo puede hacer brillar nuestra fe cuando la observamos desde las entra\u00f1as de las Escrituras, la tradici\u00f3n cristiana y la propia actualidad.<\/p>\n","protected":false},"excerpt":{"rendered":"<p>SALDA\u00d1A MOSTAJO, MARGARITA<\/p>\n","protected":false},"featured_media":394144,"template":"","meta":{"_acf_changed":false,"om_disable_all_campaigns":false,"rs_blank_template":"","rs_page_bg_color":"","slide_template_v7":"","inline_featured_image":false,"_monsterinsights_skip_tracking":false,"_monsterinsights_sitenote_active":false,"_monsterinsights_sitenote_note":"","_monsterinsights_sitenote_category":0},"product_brand":[],"product_cat":[92,542],"product_tag":[],"class_list":{"0":"post-96679","1":"product","2":"type-product","3":"status-publish","4":"has-post-thumbnail","6":"product_cat-vida-religiosa","7":"product_cat-vida-religiosa-1_espiritualidad-spa","9":"first","10":"instock","11":"taxable","12":"shipping-taxable","13":"purchasable","14":"product-type-simple"},"acf":{"editorial":[{"ID":6351,"post_author":"3","post_date":"2022-07-28 17:50:19","post_date_gmt":"2022-07-28 15:50:19","post_content":"","post_title":"Sal Terrae","post_excerpt":"","post_status":"publish","comment_status":"closed","ping_status":"closed","post_password":"","post_name":"sal-terrae","to_ping":"","pinged":"","post_modified":"2022-07-28 17:50:19","post_modified_gmt":"2022-07-28 15:50:19","post_content_filtered":"","post_parent":0,"guid":"http:\/\/dev.claret.cat\/editorial\/sal-terrae\/","menu_order":0,"post_type":"editorial","post_mime_type":"","comment_count":"0","filter":"raw"}],"autor":"SALDA\u00d1A MOSTAJO, MARGARITA","codart":"842933024","libros-coleccion":"El pozo de Siquen","ediciones":"1","encuadernacion":"R\u00fastica","fecha_de_publicacion":"08\/02\/2021","novedad":"1","paginas":"96","subtitulo":"","orden":"0","portada":"0","idioma":"spa","autores-libros":[{"ID":163488,"post_author":"3","post_date":"2022-10-14 17:39:26","post_date_gmt":"2022-10-14 15:39:26","post_content":"","post_title":"MARGARITA SALDA\u00d1A MOSTAJO","post_excerpt":"","post_status":"publish","comment_status":"closed","ping_status":"closed","post_password":"","post_name":"margarita-saldana-mostajo","to_ping":"","pinged":"","post_modified":"2022-10-14 17:39:26","post_modified_gmt":"2022-10-14 15:39:26","post_content_filtered":"","post_parent":0,"guid":"http:\/\/dev.claret.cat\/autor\/margarita-saldana-mostajo\/","menu_order":0,"post_type":"autor","post_mime_type":"","comment_count":"0","filter":"raw"}],"booktrailer":"","resenas":""},"aioseo_notices":[],"_links":{"self":[{"href":"https:\/\/www.claret.cat\/es\/wp-json\/wp\/v2\/product\/96679","targetHints":{"allow":["GET"]}}],"collection":[{"href":"https:\/\/www.claret.cat\/es\/wp-json\/wp\/v2\/product"}],"about":[{"href":"https:\/\/www.claret.cat\/es\/wp-json\/wp\/v2\/types\/product"}],"wp:featuredmedia":[{"embeddable":true,"href":"https:\/\/www.claret.cat\/es\/wp-json\/wp\/v2\/media\/394144"}],"wp:attachment":[{"href":"https:\/\/www.claret.cat\/es\/wp-json\/wp\/v2\/media?parent=96679"}],"wp:term":[{"taxonomy":"product_brand","embeddable":true,"href":"https:\/\/www.claret.cat\/es\/wp-json\/wp\/v2\/product_brand?post=96679"},{"taxonomy":"product_cat","embeddable":true,"href":"https:\/\/www.claret.cat\/es\/wp-json\/wp\/v2\/product_cat?post=96679"},{"taxonomy":"product_tag","embeddable":true,"href":"https:\/\/www.claret.cat\/es\/wp-json\/wp\/v2\/product_tag?post=96679"}],"curies":[{"name":"wp","href":"https:\/\/api.w.org\/{rel}","templated":true}]}}