{"id":966952,"date":"2024-05-28T12:00:03","date_gmt":"2024-05-28T10:00:03","guid":{"rendered":"https:\/\/www.claret.cat\/llibre\/que-se-come-al-universo-9788411326339\/"},"modified":"2025-02-04T18:18:50","modified_gmt":"2025-02-04T17:18:50","slug":"que-se-come-al-universo-9788411326339","status":"publish","type":"product","link":"https:\/\/www.claret.cat\/es\/libro\/que-se-come-al-universo-9788411326339\/","title":{"rendered":"\u00bfQU\u00c9 SE COME AL UNIVERSO?"},"content":{"rendered":"<p>UN RECORRIDO POR LOS MISTERIOS DEL UNIVERSO\u00a0QUE NOS INTRODUCE EN LOS \u00daLTIMOS HALLAZGOS\u00a0CIENT\u00cdFICOS EN EL \u00c1MBITO DE LA COSMOLOG\u00cdA.En la constelaci\u00f3n de Eridanus se esconde un misterio c\u00f3smico: all\u00ed parece como si algo le hubiese dado un gran mordisco al universo. Pero \u00bfa qu\u00e9 se debe ese fen\u00f3meno? Este es solo uno de los muchos enigmas que mantienen ocupados a los cosm\u00f3logos. Agujeros negros supermasivos, burbujas de nada que devoran el espacio, universos monstruosos que se tragan a otros\u2026 Gracias al impresionante progreso de la astronom\u00eda, la historia de nuestro universo se comprende ahora mejor que la de nuestro planeta. En este extraordinario libro, el prestigioso cosm\u00f3logo y divulgador Paul Davies nos explica con amenidad y claridad a trav\u00e9s de treinta grandes cuestiones lo que sabemos y no sabemos sobre el cosmos y sus enigmas. Combinando los avances cient\u00edficos m\u00e1s recientes con un estilo ingenioso y absorbente, el autor nos invita a explorar las tentadoras \u2014y a veces aterradoras\u2014 posibilidades que se abren ante nosotros.<br \/>\u00bfQu\u00e9 se come al universo? da respuesta o, cuanto menos,\u00a0despierta nuestro asombro frente a toda\u00a0clase de cuestiones c\u00f3smicas.<\/p>\n","protected":false},"excerpt":{"rendered":"<p>DAVIES, PAUL<\/p>\n","protected":false},"featured_media":966984,"template":"","meta":{"_acf_changed":false,"om_disable_all_campaigns":false,"rs_blank_template":"","rs_page_bg_color":"","slide_template_v7":"","inline_featured_image":false,"_monsterinsights_skip_tracking":false,"_monsterinsights_sitenote_active":false,"_monsterinsights_sitenote_note":"","_monsterinsights_sitenote_category":0},"product_brand":[],"product_cat":[104,554],"product_tag":[],"class_list":{"0":"post-966952","1":"product","2":"type-product","3":"status-publish","4":"has-post-thumbnail","6":"product_cat-ciencia","7":"product_cat-ciencia-5_otras-spa","9":"first","10":"instock","11":"taxable","12":"shipping-taxable","13":"purchasable","14":"product-type-simple"},"acf":{"autor":"DAVIES, PAUL","codart":"841132633","libros-coleccion":"Divulgaci\u00f3n","ediciones":"1","encuadernacion":"R\u00fastica","fecha_de_publicacion":"01\/05\/2024","novedad":"1","paginas":"240","subtitulo":"Y OTRAS PREGUNTAS SOBRE EL COSMOS","orden":"0","portada":"0","idioma":"spa","editorial":[{"ID":148737,"post_author":"3","post_date":"2022-10-14 12:00:35","post_date_gmt":"2022-10-14 10:00:35","post_content":"","post_title":"RBA Libros","post_excerpt":"","post_status":"publish","comment_status":"closed","ping_status":"closed","post_password":"","post_name":"rba-libros","to_ping":"","pinged":"","post_modified":"2022-10-14 12:00:35","post_modified_gmt":"2022-10-14 10:00:35","post_content_filtered":"","post_parent":0,"guid":"http:\/\/dev.claret.cat\/editorial\/rba-libros\/","menu_order":0,"post_type":"editorial","post_mime_type":"","comment_count":"0","filter":"raw"}]},"aioseo_notices":[],"_links":{"self":[{"href":"https:\/\/www.claret.cat\/es\/wp-json\/wp\/v2\/product\/966952","targetHints":{"allow":["GET"]}}],"collection":[{"href":"https:\/\/www.claret.cat\/es\/wp-json\/wp\/v2\/product"}],"about":[{"href":"https:\/\/www.claret.cat\/es\/wp-json\/wp\/v2\/types\/product"}],"wp:featuredmedia":[{"embeddable":true,"href":"https:\/\/www.claret.cat\/es\/wp-json\/wp\/v2\/media\/966984"}],"wp:attachment":[{"href":"https:\/\/www.claret.cat\/es\/wp-json\/wp\/v2\/media?parent=966952"}],"wp:term":[{"taxonomy":"product_brand","embeddable":true,"href":"https:\/\/www.claret.cat\/es\/wp-json\/wp\/v2\/product_brand?post=966952"},{"taxonomy":"product_cat","embeddable":true,"href":"https:\/\/www.claret.cat\/es\/wp-json\/wp\/v2\/product_cat?post=966952"},{"taxonomy":"product_tag","embeddable":true,"href":"https:\/\/www.claret.cat\/es\/wp-json\/wp\/v2\/product_tag?post=966952"}],"curies":[{"name":"wp","href":"https:\/\/api.w.org\/{rel}","templated":true}]}}