{"id":967058,"date":"2024-05-28T16:41:46","date_gmt":"2024-05-28T14:41:46","guid":{"rendered":"https:\/\/www.claret.cat\/llibre\/fantomas-9788435055741\/"},"modified":"2024-05-28T16:55:53","modified_gmt":"2024-05-28T14:55:53","slug":"fantomas-9788435055741","status":"publish","type":"product","link":"https:\/\/www.claret.cat\/es\/libro\/fantomas-9788435055741\/","title":{"rendered":"FANTOMAS"},"content":{"rendered":"<p>Una amenaza sobrevuela Par\u00eds. Una figura sombr\u00eda, espectral, capaz de cometer las peores villan\u00edas que se puedan imaginar. Un hombre sin identidad, con la pericia de convertirse en cualquiera; un maestro del disfraz, del robo, del secuestro, del chantaje, de la suplantaci\u00f3n de identidades y del asesinato. Fantomas es, probablemente, el primer \u00absupervillano\u00bb de la historia tal y como conocemos actualmente la denominaci\u00f3n, el que sigui\u00f3 la estela de Ars\u00e9ne Lupin (creado por Maurice Leblanc seis a\u00f1os antes) pero llev\u00e1ndolo m\u00e1s lejos.<\/p>\n<p> Porque, aun siguiendo la estela de Ars\u00e9ne Lupin, desde el momento de su publicaci\u00f3n, en febrero de 1911, Fantomas (y las treinta y una novelas en torno al personaje que r\u00e1pidamente aparecieron) se convirti\u00f3 en un fen\u00f3meno de masas, cuya popularidad trascendi\u00f3 todos los estratos sociales y culturales. A\u00f1os m\u00e1s tarde, las pel\u00edculas de Louis Feuillade acabaron de encumbrar las haza\u00f1as del \u00abrey de la noche\u00bb y de sus implacables enemigos, el inspector Juve y el periodista J\u00e9r\u00f4me Fandor. Y, hoy, al fin, podemos volver a leerlas y a disfrutar de ellas.<\/p>\n","protected":false},"excerpt":{"rendered":"<p>SOUVESTRE, PIERRE \/ ALLAIN, MARCEL<\/p>\n","protected":false},"featured_media":967059,"template":"","meta":{"_acf_changed":false,"om_disable_all_campaigns":false,"rs_blank_template":"","rs_page_bg_color":"","slide_template_v7":"","inline_featured_image":false,"_monsterinsights_skip_tracking":false,"_monsterinsights_sitenote_active":false,"_monsterinsights_sitenote_note":"","_monsterinsights_sitenote_category":0},"product_brand":[],"product_cat":[354,123],"product_tag":[],"class_list":{"0":"post-967058","1":"product","2":"type-product","3":"status-publish","4":"has-post-thumbnail","6":"product_cat-clasica","7":"product_cat-classica","9":"first","10":"instock","11":"taxable","12":"shipping-taxable","13":"purchasable","14":"product-type-simple"},"acf":{"autor":"SOUVESTRE, PIERRE \/ ALLAIN, MARCEL","codart":"843505574","libros-coleccion":"FORA DE COL.LECCI\u00d3","ediciones":"1","encuadernacion":"R\u00fastica","fecha_de_publicacion":"01\/05\/2024","novedad":"1","paginas":"384","subtitulo":"","orden":"0","portada":"0","idioma":"spa","editorial":[{"ID":147773,"post_author":"3","post_date":"2022-10-14 11:53:07","post_date_gmt":"2022-10-14 09:53:07","post_content":"","post_title":"EDHASA","post_excerpt":"","post_status":"publish","comment_status":"closed","ping_status":"closed","post_password":"","post_name":"edhasa","to_ping":"","pinged":"","post_modified":"2022-10-14 11:53:07","post_modified_gmt":"2022-10-14 09:53:07","post_content_filtered":"","post_parent":0,"guid":"http:\/\/dev.claret.cat\/editorial\/edhasa\/","menu_order":0,"post_type":"editorial","post_mime_type":"","comment_count":"0","filter":"raw"}]},"aioseo_notices":[],"_links":{"self":[{"href":"https:\/\/www.claret.cat\/es\/wp-json\/wp\/v2\/product\/967058","targetHints":{"allow":["GET"]}}],"collection":[{"href":"https:\/\/www.claret.cat\/es\/wp-json\/wp\/v2\/product"}],"about":[{"href":"https:\/\/www.claret.cat\/es\/wp-json\/wp\/v2\/types\/product"}],"wp:featuredmedia":[{"embeddable":true,"href":"https:\/\/www.claret.cat\/es\/wp-json\/wp\/v2\/media\/967059"}],"wp:attachment":[{"href":"https:\/\/www.claret.cat\/es\/wp-json\/wp\/v2\/media?parent=967058"}],"wp:term":[{"taxonomy":"product_brand","embeddable":true,"href":"https:\/\/www.claret.cat\/es\/wp-json\/wp\/v2\/product_brand?post=967058"},{"taxonomy":"product_cat","embeddable":true,"href":"https:\/\/www.claret.cat\/es\/wp-json\/wp\/v2\/product_cat?post=967058"},{"taxonomy":"product_tag","embeddable":true,"href":"https:\/\/www.claret.cat\/es\/wp-json\/wp\/v2\/product_tag?post=967058"}],"curies":[{"name":"wp","href":"https:\/\/api.w.org\/{rel}","templated":true}]}}