{"id":96718,"date":"2022-10-12T07:01:54","date_gmt":"2022-10-12T05:01:54","guid":{"rendered":"http:\/\/dev.claret.cat\/producte\/el-juego-de-la-mariposa\/"},"modified":"2026-02-23T11:15:37","modified_gmt":"2026-02-23T10:15:37","slug":"el-juego-de-la-mariposa-9788418184215","status":"publish","type":"product","link":"https:\/\/www.claret.cat\/es\/libro\/el-juego-de-la-mariposa-9788418184215\/","title":{"rendered":"EL JUEGO DE LA MARIPOSA"},"content":{"rendered":"<p>Unas alas rotas tambi\u00e9n pueden volar. Es peligroso subestimar el poder de la fragilidad.<\/p>\n<p>Despu\u00e9s de La estrategia del cocodrilo, Katrine Engberg regresa con una novela que logra una perfecta combinaci\u00f3n a trav\u00e9s de la investigaci\u00f3n criminal, las historias personales y la denuncia social, todo aderezado con un fino toque de humor. <\/p>\n<p>Tras el hallazgo del cad\u00e1ver de una mujer en la fuente de una de las plazas m\u00e1s c\u00e9ntricas de Copenhague, el inspector Jeppe K\u00f8rner lidera la investigaci\u00f3n de un caso que tiene en vilo a la ciudad. Esta vez no puede contar con la ayuda de su colega Anette Werner, de baja tras una inesperada maternidad a la que no logra acostumbrarse. Y tampoco con la de su amiga, la escritora Esther de Laurenti, que se olvida del bloqueo creativo que la ten\u00eda preocupada y se siente motivada gracias a un nuevo vecino. Pronto K\u00f8rner se da de bruces con una instituci\u00f3n para j\u00f3venes con problemas psiqui\u00e1tricos que est\u00e1n a cargo de personas que tienen su propia idea de lo que significa cuidar de los dem\u00e1s.<\/p>\n","protected":false},"excerpt":{"rendered":"<p>ENGBERG, KATRINE<\/p>\n","protected":false},"featured_media":1085449,"template":"","meta":{"_acf_changed":false,"om_disable_all_campaigns":false,"rs_blank_template":"","rs_page_bg_color":"","slide_template_v7":"","inline_featured_image":false,"_monsterinsights_skip_tracking":false,"_monsterinsights_sitenote_active":false,"_monsterinsights_sitenote_note":"","_monsterinsights_sitenote_category":0},"product_brand":[],"product_cat":[127,357],"product_tag":[],"class_list":{"0":"post-96718","1":"product","2":"type-product","3":"status-publish","4":"has-post-thumbnail","6":"product_cat-novella-contemporania","7":"product_cat-novela-contemporanea","9":"first","10":"outofstock","11":"taxable","12":"shipping-taxable","13":"purchasable","14":"product-type-simple"},"acf":{"editorial":[{"ID":6297,"post_author":"3","post_date":"2022-07-28 17:49:10","post_date_gmt":"2022-07-28 15:49:10","post_content":"","post_title":"Maeva Ediciones","post_excerpt":"","post_status":"publish","comment_status":"closed","ping_status":"closed","post_password":"","post_name":"maeva-ediciones","to_ping":"","pinged":"","post_modified":"2022-07-28 17:49:10","post_modified_gmt":"2022-07-28 15:49:10","post_content_filtered":"","post_parent":0,"guid":"http:\/\/dev.claret.cat\/editorial\/maeva-ediciones\/","menu_order":0,"post_type":"editorial","post_mime_type":"","comment_count":"0","filter":"raw"}],"autor":"ENGBERG, KATRINE","codart":"841818421","libros-coleccion":"MAEVA noir","ediciones":"1","encuadernacion":"R\u00fastica","fecha_de_publicacion":"01\/02\/2021","novedad":"0","paginas":"380","subtitulo":"UNAS ALAS ROTAS TAMBI\u00c9N PUEDEN VOLAR...","orden":"0","portada":"0","idioma":"spa","autores-libros":[{"ID":161563,"post_author":"3","post_date":"2022-10-14 17:19:13","post_date_gmt":"2022-10-14 15:19:13","post_content":"","post_title":"KATRINE ENGBERG","post_excerpt":"","post_status":"publish","comment_status":"closed","ping_status":"closed","post_password":"","post_name":"katrine-engberg","to_ping":"","pinged":"","post_modified":"2022-10-14 17:19:13","post_modified_gmt":"2022-10-14 15:19:13","post_content_filtered":"","post_parent":0,"guid":"http:\/\/dev.claret.cat\/autor\/katrine-engberg\/","menu_order":0,"post_type":"autor","post_mime_type":"","comment_count":"0","filter":"raw"}],"booktrailer":"","resenas":""},"aioseo_notices":[],"_links":{"self":[{"href":"https:\/\/www.claret.cat\/es\/wp-json\/wp\/v2\/product\/96718","targetHints":{"allow":["GET"]}}],"collection":[{"href":"https:\/\/www.claret.cat\/es\/wp-json\/wp\/v2\/product"}],"about":[{"href":"https:\/\/www.claret.cat\/es\/wp-json\/wp\/v2\/types\/product"}],"wp:featuredmedia":[{"embeddable":true,"href":"https:\/\/www.claret.cat\/es\/wp-json\/wp\/v2\/media\/1085449"}],"wp:attachment":[{"href":"https:\/\/www.claret.cat\/es\/wp-json\/wp\/v2\/media?parent=96718"}],"wp:term":[{"taxonomy":"product_brand","embeddable":true,"href":"https:\/\/www.claret.cat\/es\/wp-json\/wp\/v2\/product_brand?post=96718"},{"taxonomy":"product_cat","embeddable":true,"href":"https:\/\/www.claret.cat\/es\/wp-json\/wp\/v2\/product_cat?post=96718"},{"taxonomy":"product_tag","embeddable":true,"href":"https:\/\/www.claret.cat\/es\/wp-json\/wp\/v2\/product_tag?post=96718"}],"curies":[{"name":"wp","href":"https:\/\/api.w.org\/{rel}","templated":true}]}}