{"id":967212,"date":"2024-05-29T12:45:43","date_gmt":"2024-05-29T10:45:43","guid":{"rendered":"https:\/\/www.claret.cat\/llibre\/resuelve-el-misterio-6-el-enigma-del-laboratorio-secreto-9788427241633\/"},"modified":"2025-04-07T11:36:15","modified_gmt":"2025-04-07T09:36:15","slug":"resuelve-el-misterio-6-el-enigma-del-laboratorio-secreto-9788427241633","status":"publish","type":"product","link":"https:\/\/www.claret.cat\/es\/libro\/resuelve-el-misterio-6-el-enigma-del-laboratorio-secreto-9788427241633\/","title":{"rendered":"\u00a1RESUELVE EL MISTERIO! 6 &#8211; EL ENIGMA DEL LABORATORIO SECRETO"},"content":{"rendered":"<p>\u00bfTe atreves a convertirte en detective?  \u00a1T\u00fa decides a qu\u00e9 sospechoso interrogar, qu\u00e9 preguntas hacer y qu\u00e9 pistas seguir! En un laboratorio ultrasecreto escondido bajo la arena del desierto se esconde un invento que podr\u00eda cambiar la historia de la humanidad: una m\u00e1quina telestransportadora. \u00bfEl problema? Alguien la ha robado y, en malas manos, este artilugio podr\u00eda ser incre\u00edblemente peligroso.Solo seis personas tienen acceso a las instalaciones. Entre ellos se encuentran los cinco mejores cient\u00edficos del pa\u00eds, capaces de hacer los descubrimientos m\u00e1s incre\u00edbles y, a la vez, de ocultar los secretos m\u00e1s sorprendentes. El comandante al mando del proyecto contrata a Carlos, Eliza y Frank para que investiguen lo sucedido, pero los detectives se enfrentan a su caso m\u00e1s complicado. \u00bfAyudar\u00e1s a Carlos y compa\u00f1\u00eda a desentra\u00f1ar el enigma de la m\u00e1quina teletransportadora y a encontrar al culpable?<\/p>\n","protected":false},"excerpt":{"rendered":"<p>MAGAZINER, LAUREN<\/p>\n","protected":false},"featured_media":967213,"template":"","meta":{"_acf_changed":false,"om_disable_all_campaigns":false,"rs_blank_template":"","rs_page_bg_color":"","slide_template_v7":"","inline_featured_image":false,"_monsterinsights_skip_tracking":false,"_monsterinsights_sitenote_active":false,"_monsterinsights_sitenote_note":"","_monsterinsights_sitenote_category":0},"product_brand":[],"product_cat":[132,362],"product_tag":[],"class_list":{"0":"post-967212","1":"product","2":"type-product","3":"status-publish","4":"has-post-thumbnail","6":"product_cat-lectures-per-preadolescents-6-12-anys","7":"product_cat-libros-preadolescentes-6-12-anos","9":"first","10":"instock","11":"taxable","12":"shipping-taxable","13":"purchasable","14":"product-type-simple"},"acf":{"autor":"MAGAZINER, LAUREN","codart":"842724163","libros-coleccion":"FICCI\u00d3N KIDS","ediciones":"1","encuadernacion":"Carton\u00e9","fecha_de_publicacion":"01\/05\/2024","novedad":"1","paginas":"335","subtitulo":"","orden":"0","portada":"0","idioma":"spa","editorial":[{"ID":6346,"post_author":"3","post_date":"2022-07-28 17:50:13","post_date_gmt":"2022-07-28 15:50:13","post_content":"","post_title":"RBA Molino","post_excerpt":"","post_status":"publish","comment_status":"closed","ping_status":"closed","post_password":"","post_name":"rba-molino","to_ping":"","pinged":"","post_modified":"2022-07-28 17:50:13","post_modified_gmt":"2022-07-28 15:50:13","post_content_filtered":"","post_parent":0,"guid":"http:\/\/dev.claret.cat\/editorial\/rba-molino\/","menu_order":0,"post_type":"editorial","post_mime_type":"","comment_count":"0","filter":"raw"}]},"aioseo_notices":[],"_links":{"self":[{"href":"https:\/\/www.claret.cat\/es\/wp-json\/wp\/v2\/product\/967212","targetHints":{"allow":["GET"]}}],"collection":[{"href":"https:\/\/www.claret.cat\/es\/wp-json\/wp\/v2\/product"}],"about":[{"href":"https:\/\/www.claret.cat\/es\/wp-json\/wp\/v2\/types\/product"}],"wp:featuredmedia":[{"embeddable":true,"href":"https:\/\/www.claret.cat\/es\/wp-json\/wp\/v2\/media\/967213"}],"wp:attachment":[{"href":"https:\/\/www.claret.cat\/es\/wp-json\/wp\/v2\/media?parent=967212"}],"wp:term":[{"taxonomy":"product_brand","embeddable":true,"href":"https:\/\/www.claret.cat\/es\/wp-json\/wp\/v2\/product_brand?post=967212"},{"taxonomy":"product_cat","embeddable":true,"href":"https:\/\/www.claret.cat\/es\/wp-json\/wp\/v2\/product_cat?post=967212"},{"taxonomy":"product_tag","embeddable":true,"href":"https:\/\/www.claret.cat\/es\/wp-json\/wp\/v2\/product_tag?post=967212"}],"curies":[{"name":"wp","href":"https:\/\/api.w.org\/{rel}","templated":true}]}}