{"id":967413,"date":"2024-05-29T16:46:04","date_gmt":"2024-05-29T14:46:04","guid":{"rendered":"https:\/\/www.claret.cat\/llibre\/salio-el-sembrador-9788429316872\/"},"modified":"2024-06-05T12:25:37","modified_gmt":"2024-06-05T10:25:37","slug":"salio-el-sembrador-9788429316872","status":"publish","type":"product","link":"https:\/\/www.claret.cat\/es\/libro\/salio-el-sembrador-9788429316872\/","title":{"rendered":"SALI\u00d3 EL SEMBRADOR"},"content":{"rendered":"<p>Para permitirnos intuir el Reino y la aventura y el riesgo de la Palabra, Jes\u00fas emplea un lenguaje sencillo, concreto e inmediato. De ese modo, y gracias a unas im\u00e1genes que les son familiares, sus oyentes logran percibir las realidades m\u00e1s dif\u00edciles de entender. Esperanza cotidiana y poes\u00eda al un\u00edsono.<br \/>En un mundo en el que parece primar lo aparente, lo espectacular y lo estrepitoso, la par\u00e1bola del sembrador y las que le siguen pretenden hacernos conscientes de que las realidades decisivas tienen lugar en un contexto de peque\u00f1ez, escondimiento y silencio.<br \/>Se trata de atravesar la corteza y adivinar la fuerza que act\u00faa en lo m\u00e1s hondo. Debilidad y fuerza de la simiente. Lo importante permanece oculto a los ojos. Las transformaciones aut\u00e9nticas y decisivas se producen sin que aparentemente ocurra nada, sin concesi\u00f3n alguna a la curiosidad.<\/p>\n","protected":false},"excerpt":{"rendered":"<p>PRONZATO, ALESSANDRO<\/p>\n","protected":false},"featured_media":0,"template":"","meta":{"_acf_changed":false,"om_disable_all_campaigns":false,"rs_blank_template":"","rs_page_bg_color":"","slide_template_v7":"","inline_featured_image":false,"_monsterinsights_skip_tracking":false,"_monsterinsights_sitenote_active":false,"_monsterinsights_sitenote_note":"","_monsterinsights_sitenote_category":0},"product_brand":[],"product_cat":[234,487,523,299,285,419,464,203],"product_tag":[],"class_list":{"0":"post-967413","1":"product","2":"type-product","3":"status-publish","5":"product_cat-cristocentrica","6":"product_cat-cristocentrica-espiritualidad-1_espiritualidad","7":"product_cat-laicos-y-testimonios","8":"product_cat-laics-i-testimonis","9":"product_cat-pastoral-teologia","10":"product_cat-pastoral-teologia-1_espiritualidad","11":"product_cat-sinopticos","12":"product_cat-sinoptics","14":"first","15":"instock","16":"taxable","17":"shipping-taxable","18":"purchasable","19":"product-type-simple"},"acf":{"autor":"PRONZATO, ALESSANDRO","codart":"842931687","libros-coleccion":"El Pozo de Siquem","ediciones":"1","encuadernacion":"R\u00fastica","fecha_de_publicacion":"12\/02\/2007","novedad":"0","paginas":"104","subtitulo":"LAS PAR\u00c1BOLAS DE LOS COMIENZOS","orden":"999","portada":"0","idioma":"spa","editorial":[{"ID":6351,"post_author":"3","post_date":"2022-07-28 17:50:19","post_date_gmt":"2022-07-28 15:50:19","post_content":"","post_title":"Sal Terrae","post_excerpt":"","post_status":"publish","comment_status":"closed","ping_status":"closed","post_password":"","post_name":"sal-terrae","to_ping":"","pinged":"","post_modified":"2022-07-28 17:50:19","post_modified_gmt":"2022-07-28 15:50:19","post_content_filtered":"","post_parent":0,"guid":"http:\/\/dev.claret.cat\/editorial\/sal-terrae\/","menu_order":0,"post_type":"editorial","post_mime_type":"","comment_count":"0","filter":"raw"}],"autores-libros":[{"ID":5220,"post_author":"3","post_date":"2022-07-28 17:19:25","post_date_gmt":"2022-07-28 15:19:25","post_content":"","post_title":"ALESSANDRO PRONZATO","post_excerpt":"","post_status":"publish","comment_status":"closed","ping_status":"closed","post_password":"","post_name":"alessandro-pronzato","to_ping":"","pinged":"","post_modified":"2022-07-29 11:24:10","post_modified_gmt":"2022-07-29 09:24:10","post_content_filtered":"","post_parent":0,"guid":"http:\/\/dev.claret.cat\/autor\/alessandro-pronzato\/","menu_order":0,"post_type":"autor","post_mime_type":"","comment_count":"0","filter":"raw"}]},"aioseo_notices":[],"_links":{"self":[{"href":"https:\/\/www.claret.cat\/es\/wp-json\/wp\/v2\/product\/967413","targetHints":{"allow":["GET"]}}],"collection":[{"href":"https:\/\/www.claret.cat\/es\/wp-json\/wp\/v2\/product"}],"about":[{"href":"https:\/\/www.claret.cat\/es\/wp-json\/wp\/v2\/types\/product"}],"wp:attachment":[{"href":"https:\/\/www.claret.cat\/es\/wp-json\/wp\/v2\/media?parent=967413"}],"wp:term":[{"taxonomy":"product_brand","embeddable":true,"href":"https:\/\/www.claret.cat\/es\/wp-json\/wp\/v2\/product_brand?post=967413"},{"taxonomy":"product_cat","embeddable":true,"href":"https:\/\/www.claret.cat\/es\/wp-json\/wp\/v2\/product_cat?post=967413"},{"taxonomy":"product_tag","embeddable":true,"href":"https:\/\/www.claret.cat\/es\/wp-json\/wp\/v2\/product_tag?post=967413"}],"curies":[{"name":"wp","href":"https:\/\/api.w.org\/{rel}","templated":true}]}}