{"id":967454,"date":"2024-05-29T17:01:33","date_gmt":"2024-05-29T15:01:33","guid":{"rendered":"https:\/\/www.claret.cat\/llibre\/packtrilogia-del-baztan-9788423351688\/"},"modified":"2025-09-05T10:17:08","modified_gmt":"2025-09-05T08:17:08","slug":"packtrilogia-del-baztan-9788423351688","status":"publish","type":"product","link":"https:\/\/www.claret.cat\/es\/libro\/packtrilogia-del-baztan-9788423351688\/","title":{"rendered":"PACK:TRILOG\u00cdA DEL BAZT\u00c1N"},"content":{"rendered":"<p>A orillas del r\u00edo Bazt\u00e1n la aparici\u00f3n del cad\u00e1ver de una adolescente obliga a la inspectora de homicidios Amaia Salazar a regresar al valle en el que naci\u00f3 y del que lleva toda su vida huyendo. Este ser\u00e1 s\u00f3lo el principio de una historia apasionante en la que los seres legendarios del Norte conviven con cr\u00edmenes aterradores.<\/p>\n","protected":false},"excerpt":{"rendered":"<p>REDONDO, DOLORES<\/p>\n","protected":false},"featured_media":1050494,"template":"","meta":{"_acf_changed":false,"om_disable_all_campaigns":false,"rs_blank_template":"","rs_page_bg_color":"","slide_template_v7":"","inline_featured_image":false,"_monsterinsights_skip_tracking":false,"_monsterinsights_sitenote_active":false,"_monsterinsights_sitenote_note":"","_monsterinsights_sitenote_category":0},"product_brand":[],"product_cat":[87,353],"product_tag":[],"class_list":{"0":"post-967454","1":"product","2":"type-product","3":"status-publish","4":"has-post-thumbnail","6":"product_cat-literatura","7":"product_cat-literatura-2_humanidades","9":"first","10":"outofstock","11":"taxable","12":"shipping-taxable","13":"purchasable","14":"product-type-simple"},"acf":{"autor":"REDONDO, DOLORES","codart":"842335168","libros-coleccion":"Crimen y Misterio","ediciones":"1","encuadernacion":"R\u00fastica","fecha_de_publicacion":"01\/11\/2016","novedad":"0","paginas":"1600","subtitulo":"","orden":"0","portada":"0","idioma":"spa","editorial":[{"ID":6149,"post_author":"3","post_date":"2022-07-28 17:45:56","post_date_gmt":"2022-07-28 15:45:56","post_content":"","post_title":"BOOKET","post_excerpt":"","post_status":"publish","comment_status":"closed","ping_status":"closed","post_password":"","post_name":"booket","to_ping":"","pinged":"","post_modified":"2022-07-28 17:45:56","post_modified_gmt":"2022-07-28 15:45:56","post_content_filtered":"","post_parent":0,"guid":"http:\/\/dev.claret.cat\/editorial\/booket\/","menu_order":0,"post_type":"editorial","post_mime_type":"","comment_count":"0","filter":"raw"}],"autores-libros":[{"ID":154233,"post_author":"3","post_date":"2022-10-14 15:03:10","post_date_gmt":"2022-10-14 13:03:10","post_content":"","post_title":"DOLORES REDONDO","post_excerpt":"","post_status":"publish","comment_status":"closed","ping_status":"closed","post_password":"","post_name":"dolores-redondo-2","to_ping":"","pinged":"","post_modified":"2022-10-14 15:03:10","post_modified_gmt":"2022-10-14 13:03:10","post_content_filtered":"","post_parent":0,"guid":"http:\/\/dev.claret.cat\/autor\/dolores-redondo-2\/","menu_order":0,"post_type":"autor","post_mime_type":"","comment_count":"0","filter":"raw"}],"booktrailer":"","resenas":""},"aioseo_notices":[],"_links":{"self":[{"href":"https:\/\/www.claret.cat\/es\/wp-json\/wp\/v2\/product\/967454","targetHints":{"allow":["GET"]}}],"collection":[{"href":"https:\/\/www.claret.cat\/es\/wp-json\/wp\/v2\/product"}],"about":[{"href":"https:\/\/www.claret.cat\/es\/wp-json\/wp\/v2\/types\/product"}],"wp:featuredmedia":[{"embeddable":true,"href":"https:\/\/www.claret.cat\/es\/wp-json\/wp\/v2\/media\/1050494"}],"wp:attachment":[{"href":"https:\/\/www.claret.cat\/es\/wp-json\/wp\/v2\/media?parent=967454"}],"wp:term":[{"taxonomy":"product_brand","embeddable":true,"href":"https:\/\/www.claret.cat\/es\/wp-json\/wp\/v2\/product_brand?post=967454"},{"taxonomy":"product_cat","embeddable":true,"href":"https:\/\/www.claret.cat\/es\/wp-json\/wp\/v2\/product_cat?post=967454"},{"taxonomy":"product_tag","embeddable":true,"href":"https:\/\/www.claret.cat\/es\/wp-json\/wp\/v2\/product_tag?post=967454"}],"curies":[{"name":"wp","href":"https:\/\/api.w.org\/{rel}","templated":true}]}}