{"id":967658,"date":"2024-05-30T12:32:07","date_gmt":"2024-05-30T10:32:07","guid":{"rendered":"https:\/\/www.claret.cat\/llibre\/me-llamo-goa-4-go-go-goa-9788419910530\/"},"modified":"2026-04-07T12:34:47","modified_gmt":"2026-04-07T10:34:47","slug":"me-llamo-goa-4-go-go-goa-9788419910530","status":"publish","type":"product","link":"https:\/\/www.claret.cat\/es\/libro\/me-llamo-goa-4-go-go-goa-9788419910530\/","title":{"rendered":"ME LLAMO GOA 4 &#8211; GO, GO, GOA!"},"content":{"rendered":"<p>\u00a1Llega la cuarta entrega de Me llamo Goa, la serie que ha enganchado a m\u00e1s de 60.000 lectores y lectoras! \u00ab\u00bfPor qu\u00e9 no pueden durar para siempre, las vacaciones? \u00a1Ojal\u00e1 fuese m\u00e1s larga la Navidad! La vuelta al insti ha empezado mal, siento que mis padres no me entienden, echo much\u00edsimo de menos a Klaus y, encima, \u00a1me espera una monta\u00f1a de deberes! Apenas ha empezado el a\u00f1o y, literal, \u00a1no puedo m\u00e1s!\u00bb.Nuevo a\u00f1o, nuevas complicaciones. La vuelta a clase despu\u00e9s de Navidad trae consigo m\u00e1s cambios para Goa. Aunque no es la \u00fanica que tiene que lidiar con nuevos problemas: Klaus no est\u00e1 bien, y las ri\u00f1as en casa van cada vez peor con consecuencias inesperadas. La adolescencia est\u00e1 siendo una monta\u00f1a rusa para Goa y sus amigos, pero por lo menos est\u00e1n juntos en esto.Una nueva entrega de la serie juvenil de M\u00edriam Tirado, autora de \u00e9xitos como El hilo invisible, Sensibles e Infinito. Ida y vuelta, donde explora la adolescencia con el humor y la sensibilidad que la caracterizan.<\/p>\n","protected":false},"excerpt":{"rendered":"<p>TIRADO, M\u00cdRIAM<\/p>\n","protected":false},"featured_media":1079365,"template":"","meta":{"_acf_changed":false,"om_disable_all_campaigns":false,"rs_blank_template":"","rs_page_bg_color":"","slide_template_v7":"","inline_featured_image":false,"_monsterinsights_skip_tracking":false,"_monsterinsights_sitenote_active":false,"_monsterinsights_sitenote_note":"","_monsterinsights_sitenote_category":0},"product_brand":[],"product_cat":[132,362],"product_tag":[],"class_list":{"0":"post-967658","1":"product","2":"type-product","3":"status-publish","4":"has-post-thumbnail","6":"product_cat-lectures-per-preadolescents-6-12-anys","7":"product_cat-libros-preadolescentes-6-12-anos","9":"first","10":"instock","11":"taxable","12":"shipping-taxable","13":"purchasable","14":"product-type-simple"},"acf":{"autor":"TIRADO, M\u00cdRIAM","codart":"841991053","libros-coleccion":"ESCRITURA DESATADA","ediciones":"1","encuadernacion":"Carton\u00e9","fecha_de_publicacion":"01\/05\/2024","novedad":"1","paginas":"200","subtitulo":"UF... \u00a1NO PUEDO M\u00c1S!","orden":"0","portada":"0","idioma":"spa","editorial":[{"ID":294535,"post_author":"3","post_date":"2022-12-12 12:50:10","post_date_gmt":"2022-12-12 11:50:10","post_content":"","post_title":"B de Blok","post_excerpt":"","post_status":"publish","comment_status":"closed","ping_status":"closed","post_password":"","post_name":"b-de-blok","to_ping":"","pinged":"","post_modified":"2022-12-12 12:50:10","post_modified_gmt":"2022-12-12 11:50:10","post_content_filtered":"","post_parent":0,"guid":"http:\/\/dev.claret.cat\/editorial\/b-de-blok\/","menu_order":0,"post_type":"editorial","post_mime_type":"","comment_count":"0","filter":"raw"}],"booktrailer":"","resenas":""},"aioseo_notices":[],"_links":{"self":[{"href":"https:\/\/www.claret.cat\/es\/wp-json\/wp\/v2\/product\/967658","targetHints":{"allow":["GET"]}}],"collection":[{"href":"https:\/\/www.claret.cat\/es\/wp-json\/wp\/v2\/product"}],"about":[{"href":"https:\/\/www.claret.cat\/es\/wp-json\/wp\/v2\/types\/product"}],"wp:featuredmedia":[{"embeddable":true,"href":"https:\/\/www.claret.cat\/es\/wp-json\/wp\/v2\/media\/1079365"}],"wp:attachment":[{"href":"https:\/\/www.claret.cat\/es\/wp-json\/wp\/v2\/media?parent=967658"}],"wp:term":[{"taxonomy":"product_brand","embeddable":true,"href":"https:\/\/www.claret.cat\/es\/wp-json\/wp\/v2\/product_brand?post=967658"},{"taxonomy":"product_cat","embeddable":true,"href":"https:\/\/www.claret.cat\/es\/wp-json\/wp\/v2\/product_cat?post=967658"},{"taxonomy":"product_tag","embeddable":true,"href":"https:\/\/www.claret.cat\/es\/wp-json\/wp\/v2\/product_tag?post=967658"}],"curies":[{"name":"wp","href":"https:\/\/api.w.org\/{rel}","templated":true}]}}