{"id":967663,"date":"2024-05-30T12:39:19","date_gmt":"2024-05-30T10:39:19","guid":{"rendered":"https:\/\/www.claret.cat\/llibre\/sense-pantalles-sento-i-penso-millor-9788410050808\/"},"modified":"2026-01-27T17:12:45","modified_gmt":"2026-01-27T16:12:45","slug":"sense-pantalles-sento-i-penso-millor-9788410050808","status":"publish","type":"product","link":"https:\/\/www.claret.cat\/es\/libro\/sense-pantalles-sento-i-penso-millor-9788410050808\/","title":{"rendered":"SENSE PANTALLES SENTO I PENSO MILLOR"},"content":{"rendered":"<p>Si les pantalles s\u00f3n perjudicials per a la salut f\u00edsica i emocional dels nens i els adolescents, per qu\u00e8 ning\u00fa fa res per protegir-los? \u2022 Per qu\u00e8 els treballadors de les empreses tecnol\u00f2giques eduquen els seus fills sense m\u00f2bil? \u2022 Existeixen realment els nadius digitals? \u2022 Qu\u00e8 \u00e9s la plasticitat cerebral? I la regulaci\u00f3 emocional? \u2022 \u00c9s cert que el cervell continua creixent fins als 22 anys? \u2022 Quina relaci\u00f3 hi ha entre els likes i la dopamina?\u2022 Per qu\u00e8 \u00e9s millor llegir en paper que en pantalla? \u2022 Com es practica la concentraci\u00f3 plena? \u2022 Per qu\u00e8 ens sentim sols si estem m\u00e9s connectats que mai? \u2022 \u00c9s possible protegir els menors del porno? \u2022 Per qu\u00e8 hi ha 5 vegades m\u00e9s bullying a internet que a la vida real? No hauries d&#8221;utilitzar pantalles fins als 16 anys.En aquest llibre t&#8221;oferim les claus per entendre per qu\u00e8. Gr\u00e0cies a la neuroci\u00e8ncia, la psicologia i el desmantellament dels mites del m\u00e0rqueting, en aquest llibre aprendr\u00e0s les 7 raons per les quals sense pantalles viur\u00e0s molt millor. El teu cervell necessita nodrir-se de les experi\u00e8ncies meravelloses del m\u00f3n real: aprendre, comunicar, estimar, sentir i viure de veritat. Preparem el m\u00f3n per a la inf\u00e0ncia que vindr\u00e0.<\/p>\n","protected":false},"excerpt":{"rendered":"<p>VILLAR, FRANCISCO<\/p>\n","protected":false},"featured_media":968229,"template":"","meta":{"_acf_changed":false,"om_disable_all_campaigns":false,"rs_blank_template":"","rs_page_bg_color":"","slide_template_v7":"","inline_featured_image":false,"_monsterinsights_skip_tracking":false,"_monsterinsights_sitenote_active":false,"_monsterinsights_sitenote_note":"","_monsterinsights_sitenote_category":0},"product_brand":[],"product_cat":[132,137,425,362],"product_tag":[],"class_list":{"0":"post-967663","1":"product","2":"type-product","3":"status-publish","4":"has-post-thumbnail","6":"product_cat-lectures-per-preadolescents-6-12-anys","7":"product_cat-escola-de-pares-infantil","8":"product_cat-escuela-de-padres","9":"product_cat-libros-preadolescentes-6-12-anos","11":"first","12":"instock","13":"taxable","14":"shipping-taxable","15":"purchasable","16":"product-type-simple"},"acf":{"autor":"VILLAR, FRANCISCO","codart":"841005080","libros-coleccion":"FORA DE COL.LECCI\u00d3","ediciones":"1","encuadernacion":"R\u00fastica","fecha_de_publicacion":"01\/05\/2024","novedad":"1","paginas":"160","subtitulo":"NO DEIXIS QUE LES PANTALLES DOMININ EL TEU CERVELL. APR\u00c8N COM ET AFECTEN I DESCO","orden":"0","portada":"0","idioma":"cat","editorial":[{"ID":6310,"post_author":"3","post_date":"2022-07-28 17:49:26","post_date_gmt":"2022-07-28 15:49:26","post_content":"","post_title":"MONTENA","post_excerpt":"","post_status":"publish","comment_status":"closed","ping_status":"closed","post_password":"","post_name":"montena","to_ping":"","pinged":"","post_modified":"2022-07-28 17:49:26","post_modified_gmt":"2022-07-28 15:49:26","post_content_filtered":"","post_parent":0,"guid":"http:\/\/dev.claret.cat\/editorial\/montena\/","menu_order":0,"post_type":"editorial","post_mime_type":"","comment_count":"0","filter":"raw"}],"booktrailer":"","resenas":""},"aioseo_notices":[],"_links":{"self":[{"href":"https:\/\/www.claret.cat\/es\/wp-json\/wp\/v2\/product\/967663","targetHints":{"allow":["GET"]}}],"collection":[{"href":"https:\/\/www.claret.cat\/es\/wp-json\/wp\/v2\/product"}],"about":[{"href":"https:\/\/www.claret.cat\/es\/wp-json\/wp\/v2\/types\/product"}],"wp:featuredmedia":[{"embeddable":true,"href":"https:\/\/www.claret.cat\/es\/wp-json\/wp\/v2\/media\/968229"}],"wp:attachment":[{"href":"https:\/\/www.claret.cat\/es\/wp-json\/wp\/v2\/media?parent=967663"}],"wp:term":[{"taxonomy":"product_brand","embeddable":true,"href":"https:\/\/www.claret.cat\/es\/wp-json\/wp\/v2\/product_brand?post=967663"},{"taxonomy":"product_cat","embeddable":true,"href":"https:\/\/www.claret.cat\/es\/wp-json\/wp\/v2\/product_cat?post=967663"},{"taxonomy":"product_tag","embeddable":true,"href":"https:\/\/www.claret.cat\/es\/wp-json\/wp\/v2\/product_tag?post=967663"}],"curies":[{"name":"wp","href":"https:\/\/api.w.org\/{rel}","templated":true}]}}