{"id":967735,"date":"2024-05-30T13:18:44","date_gmt":"2024-05-30T11:18:44","guid":{"rendered":"https:\/\/www.claret.cat\/llibre\/gran-quadern-montessori-dactivitats-per-a-tot-lany-9788419739995\/"},"modified":"2025-07-12T10:30:42","modified_gmt":"2025-07-12T08:30:42","slug":"gran-quadern-montessori-dactivitats-per-a-tot-lany-9788419739995","status":"publish","type":"product","link":"https:\/\/www.claret.cat\/es\/libro\/gran-quadern-montessori-dactivitats-per-a-tot-lany-9788419739995\/","title":{"rendered":"GRAN QUADERN MONTESSORI D&#8221;ACTIVITATS PER A TOT L&#8217;ANY"},"content":{"rendered":"<p>Aquest quadern, que segueix els fonaments de la pedagogia Montessori i est\u00e0 adre\u00e7at a infants de 3 a 6 anys i a les seves fam\u00edlies, ofereix activitats l\u00fadiques per afavorir els primers aprenentatges i despertar la curiositat dels m\u00e9s petits per la natura i les ci\u00e8ncies. <\/p>\n<p>El quadern segueix el ritme de les estacions amb idees d&#8221;activitats, objectius, consells, jocs i receptes sobre un tema determinat per a cadascun dels mesos de l&#8221;any. <br \/>&#8211; 50 activitats manuals i originals per fer en fam\u00edlia a casa. &#8211; 35 activitats l\u00fadiques per explorar el m\u00f3n i despertar la curiositat. &#8211; 12 delicioses receptes de temporada creades per als infants. <\/p>\n<p>La millor manera de treballar a casa amb la pedagogia Montessori.<\/p>\n","protected":false},"excerpt":{"rendered":"<p>\u00c9DITIONS LAROUSSE<\/p>\n","protected":false},"featured_media":1023951,"template":"","meta":{"_acf_changed":false,"om_disable_all_campaigns":false,"rs_blank_template":"","rs_page_bg_color":"","slide_template_v7":"","inline_featured_image":false,"_monsterinsights_skip_tracking":false,"_monsterinsights_sitenote_active":false,"_monsterinsights_sitenote_note":"","_monsterinsights_sitenote_category":0},"product_brand":[],"product_cat":[333,122],"product_tag":[],"class_list":{"0":"post-967735","1":"product","2":"type-product","3":"status-publish","4":"has-post-thumbnail","6":"product_cat-cuadernos-de-vacaciones","7":"product_cat-quaderns-de-vacances","9":"first","10":"instock","11":"taxable","12":"shipping-taxable","13":"purchasable","14":"product-type-simple"},"acf":{"autor":"\u00c9DITIONS LAROUSSE","codart":"841973999","libros-coleccion":"Larousse - Infantil \/ Juvenil - Catal\u00e1n","ediciones":"1","encuadernacion":"R\u00fastica","fecha_de_publicacion":"01\/05\/2024","novedad":"1","paginas":"0","subtitulo":"(DE 3 A 6 ANYS)","orden":"0","portada":"0","idioma":"cat","editorial":[{"ID":148398,"post_author":"3","post_date":"2022-10-14 11:57:56","post_date_gmt":"2022-10-14 09:57:56","post_content":"","post_title":"Larousse","post_excerpt":"","post_status":"publish","comment_status":"closed","ping_status":"closed","post_password":"","post_name":"larousse","to_ping":"","pinged":"","post_modified":"2022-10-14 11:57:56","post_modified_gmt":"2022-10-14 09:57:56","post_content_filtered":"","post_parent":0,"guid":"http:\/\/dev.claret.cat\/editorial\/larousse\/","menu_order":0,"post_type":"editorial","post_mime_type":"","comment_count":"0","filter":"raw"}],"autores-libros":"","traductores-libros":"","ilustradores-libros":"","formato":"","linkebook":"","precioebook":"","ebookportada":false,"ficha":"","muestra":"","presentacion":"","booktrailer":"","resenas":"","recomendamos":"","mas_vendido":""},"aioseo_notices":[],"_links":{"self":[{"href":"https:\/\/www.claret.cat\/es\/wp-json\/wp\/v2\/product\/967735","targetHints":{"allow":["GET"]}}],"collection":[{"href":"https:\/\/www.claret.cat\/es\/wp-json\/wp\/v2\/product"}],"about":[{"href":"https:\/\/www.claret.cat\/es\/wp-json\/wp\/v2\/types\/product"}],"wp:featuredmedia":[{"embeddable":true,"href":"https:\/\/www.claret.cat\/es\/wp-json\/wp\/v2\/media\/1023951"}],"wp:attachment":[{"href":"https:\/\/www.claret.cat\/es\/wp-json\/wp\/v2\/media?parent=967735"}],"wp:term":[{"taxonomy":"product_brand","embeddable":true,"href":"https:\/\/www.claret.cat\/es\/wp-json\/wp\/v2\/product_brand?post=967735"},{"taxonomy":"product_cat","embeddable":true,"href":"https:\/\/www.claret.cat\/es\/wp-json\/wp\/v2\/product_cat?post=967735"},{"taxonomy":"product_tag","embeddable":true,"href":"https:\/\/www.claret.cat\/es\/wp-json\/wp\/v2\/product_tag?post=967735"}],"curies":[{"name":"wp","href":"https:\/\/api.w.org\/{rel}","templated":true}]}}