{"id":967859,"date":"2024-05-30T14:35:51","date_gmt":"2024-05-30T12:35:51","guid":{"rendered":"https:\/\/www.claret.cat\/llibre\/vides-de-cesar-i-august-9788498594430\/"},"modified":"2025-03-13T19:10:33","modified_gmt":"2025-03-13T18:10:33","slug":"vides-de-cesar-i-august-9788498594430","status":"publish","type":"product","link":"https:\/\/www.claret.cat\/es\/libro\/vides-de-cesar-i-august-9788498594430\/","title":{"rendered":"VIDES DE C\u00c8SAR I AUGUST"},"content":{"rendered":"<p>Les Vides dels dotze c\u00e8sars, de Suetoni, s\u00f3n un recull de biografies hist\u00f2riques dels primers emperadors romans, des de Juli C\u00e8sar fins a Domici\u00e0. Aquest volum recull les vides de Juli C\u00e8sar i d\u2019August, probablement els governants m\u00e9s coneguts de la hist\u00f2ria de Roma. El primer, si b\u00e9 no va arribar a ser mai emperador, va precipitar, amb la seva ambici\u00f3 personal i la seva mort terrible, el pas de la Rep\u00fablica a l\u2019Imperi. El segon, hereu i venjador de C\u00e8sar, va aconseguir imposar la pau despr\u00e9s de m\u00e9s d\u2019un segle de guerres internes; tot presentant- se com el restaurador de la Rep\u00fablica, va acumular tots els poders que el seu pare adoptiu havia anhelat, i va convertir-se aix\u00ed en el primer emperador de Roma.<\/p>\n","protected":false},"excerpt":{"rendered":"<p>SUETONI<\/p>\n","protected":false},"featured_media":968150,"template":"","meta":{"_acf_changed":false,"om_disable_all_campaigns":false,"rs_blank_template":"","rs_page_bg_color":"","slide_template_v7":"","inline_featured_image":false,"_monsterinsights_skip_tracking":false,"_monsterinsights_sitenote_active":false,"_monsterinsights_sitenote_note":"","_monsterinsights_sitenote_category":0},"product_brand":[],"product_cat":[549,99],"product_tag":[],"class_list":{"0":"post-967859","1":"product","2":"type-product","3":"status-publish","4":"has-post-thumbnail","6":"product_cat-biografias","7":"product_cat-biografies","9":"first","10":"instock","11":"taxable","12":"shipping-taxable","13":"purchasable","14":"product-type-simple"},"acf":{"autor":"SUETONI","codart":"849859443","libros-coleccion":"BERNAT METGE ESSENCIAL","ediciones":"1","encuadernacion":"R\u00fastica","fecha_de_publicacion":"01\/04\/2024","novedad":"1","paginas":"304","subtitulo":"","orden":"0","portada":"0","idioma":"cat","editorial":[{"ID":6216,"post_author":"3","post_date":"2022-07-28 17:47:22","post_date_gmt":"2022-07-28 15:47:22","post_content":"","post_title":"Editorial Alpha","post_excerpt":"","post_status":"publish","comment_status":"closed","ping_status":"closed","post_password":"","post_name":"editorial-alpha","to_ping":"","pinged":"","post_modified":"2022-07-28 17:47:22","post_modified_gmt":"2022-07-28 15:47:22","post_content_filtered":"","post_parent":0,"guid":"http:\/\/dev.claret.cat\/editorial\/editorial-alpha\/","menu_order":0,"post_type":"editorial","post_mime_type":"","comment_count":"0","filter":"raw"}]},"aioseo_notices":[],"_links":{"self":[{"href":"https:\/\/www.claret.cat\/es\/wp-json\/wp\/v2\/product\/967859","targetHints":{"allow":["GET"]}}],"collection":[{"href":"https:\/\/www.claret.cat\/es\/wp-json\/wp\/v2\/product"}],"about":[{"href":"https:\/\/www.claret.cat\/es\/wp-json\/wp\/v2\/types\/product"}],"wp:featuredmedia":[{"embeddable":true,"href":"https:\/\/www.claret.cat\/es\/wp-json\/wp\/v2\/media\/968150"}],"wp:attachment":[{"href":"https:\/\/www.claret.cat\/es\/wp-json\/wp\/v2\/media?parent=967859"}],"wp:term":[{"taxonomy":"product_brand","embeddable":true,"href":"https:\/\/www.claret.cat\/es\/wp-json\/wp\/v2\/product_brand?post=967859"},{"taxonomy":"product_cat","embeddable":true,"href":"https:\/\/www.claret.cat\/es\/wp-json\/wp\/v2\/product_cat?post=967859"},{"taxonomy":"product_tag","embeddable":true,"href":"https:\/\/www.claret.cat\/es\/wp-json\/wp\/v2\/product_tag?post=967859"}],"curies":[{"name":"wp","href":"https:\/\/api.w.org\/{rel}","templated":true}]}}