{"id":968009,"date":"2024-05-30T16:36:32","date_gmt":"2024-05-30T14:36:32","guid":{"rendered":"https:\/\/www.claret.cat\/llibre\/la-julia-geganta-9788448868178\/"},"modified":"2024-05-30T17:43:38","modified_gmt":"2024-05-30T15:43:38","slug":"la-julia-geganta-9788448868178","status":"publish","type":"product","link":"https:\/\/www.claret.cat\/es\/libro\/la-julia-geganta-9788448868178\/","title":{"rendered":"LA J\u00daLIA GEGANTA"},"content":{"rendered":"<p>Arriba una nova hist\u00f2ria de l&#8217;autora de La bruixa que no volia ser princesa, en qu\u00e8 transmet un preci\u00f3s missatge sobre com s\u00f3n de valuosos els m\u00e9s petits per a la gent gran que els envolta. La J\u00falia, la protagonista d&#8217;aquesta hist\u00f2ria, \u00e9s extraordin\u00e0riament gran, per\u00f2, malgrat aix\u00f2, els adults que l&#8217;envolten la fan sentir molt i molt petita. El dia que la seva mare perd la paci\u00e8ncia amb ella i l&#8217;hi diu, la petita decideix fugir de casa i, travessant un t\u00fanel, arriba a un altre m\u00f3n. All\u00e0 la J\u00falia s&#8217;embarcar\u00e0 en una aventura m\u00e0gica i gegantesca en qu\u00e8 descobrir\u00e0, juntament amb en Bruno, un jove mag i el seu nou amic, que \u00e9s molt m\u00e9s valuosa del que es pensa. Susanna Isern, autora de La bruixa que no volia ser princesa i de la s\u00e8rie &#8216;Daniela la Pirata&#8217;, ens porta una hist\u00f2ria emotiva que ajudar\u00e0 nens i nenes a partir de 4 anys a entendre que, malgrat que alg\u00fa els esbronqui o s&#8217;enfadi, sempre s\u00f3n importants per a les persones que els estimen.<\/p>\n","protected":false},"excerpt":{"rendered":"<p>ISERN, SUSANNA<\/p>\n","protected":false},"featured_media":968247,"template":"","meta":{"_acf_changed":false,"om_disable_all_campaigns":false,"rs_blank_template":"","rs_page_bg_color":"","slide_template_v7":"","inline_featured_image":false,"_monsterinsights_skip_tracking":false,"_monsterinsights_sitenote_active":false,"_monsterinsights_sitenote_note":"","_monsterinsights_sitenote_category":0},"product_brand":[],"product_cat":[131,361],"product_tag":[],"class_list":{"0":"post-968009","1":"product","2":"type-product","3":"status-publish","4":"has-post-thumbnail","6":"product_cat-contes-per-infants-0-6-anys","7":"product_cat-cuentos-para-ninos-0-6-anos","9":"first","10":"instock","11":"taxable","12":"shipping-taxable","13":"purchasable","14":"product-type-simple"},"acf":{"autor":"ISERN, SUSANNA","codart":"844886817","libros-coleccion":"Contes infantils","ediciones":"1","encuadernacion":"Carton\u00e9","fecha_de_publicacion":"01\/05\/2024","novedad":"1","paginas":"48","subtitulo":"SE SENT PETITA","orden":"0","portada":"0","idioma":"cat","editorial":[{"ID":6141,"post_author":"3","post_date":"2022-07-28 17:45:46","post_date_gmt":"2022-07-28 15:45:46","post_content":"","post_title":"BEASCOA","post_excerpt":"","post_status":"publish","comment_status":"closed","ping_status":"closed","post_password":"","post_name":"beascoa","to_ping":"","pinged":"","post_modified":"2022-07-28 17:45:46","post_modified_gmt":"2022-07-28 15:45:46","post_content_filtered":"","post_parent":0,"guid":"http:\/\/dev.claret.cat\/editorial\/beascoa\/","menu_order":0,"post_type":"editorial","post_mime_type":"","comment_count":"0","filter":"raw"}]},"aioseo_notices":[],"_links":{"self":[{"href":"https:\/\/www.claret.cat\/es\/wp-json\/wp\/v2\/product\/968009","targetHints":{"allow":["GET"]}}],"collection":[{"href":"https:\/\/www.claret.cat\/es\/wp-json\/wp\/v2\/product"}],"about":[{"href":"https:\/\/www.claret.cat\/es\/wp-json\/wp\/v2\/types\/product"}],"wp:featuredmedia":[{"embeddable":true,"href":"https:\/\/www.claret.cat\/es\/wp-json\/wp\/v2\/media\/968247"}],"wp:attachment":[{"href":"https:\/\/www.claret.cat\/es\/wp-json\/wp\/v2\/media?parent=968009"}],"wp:term":[{"taxonomy":"product_brand","embeddable":true,"href":"https:\/\/www.claret.cat\/es\/wp-json\/wp\/v2\/product_brand?post=968009"},{"taxonomy":"product_cat","embeddable":true,"href":"https:\/\/www.claret.cat\/es\/wp-json\/wp\/v2\/product_cat?post=968009"},{"taxonomy":"product_tag","embeddable":true,"href":"https:\/\/www.claret.cat\/es\/wp-json\/wp\/v2\/product_tag?post=968009"}],"curies":[{"name":"wp","href":"https:\/\/api.w.org\/{rel}","templated":true}]}}