{"id":96829,"date":"2022-10-12T07:03:54","date_gmt":"2022-10-12T05:03:54","guid":{"rendered":"http:\/\/dev.claret.cat\/producte\/un-cuento-para-la-paz-las-botas-del-general\/"},"modified":"2023-01-28T17:47:42","modified_gmt":"2023-01-28T16:47:42","slug":"un-cuento-para-la-paz-las-botas-del-general-9788417210809","status":"publish","type":"product","link":"https:\/\/www.claret.cat\/es\/libro\/un-cuento-para-la-paz-las-botas-del-general-9788417210809\/","title":{"rendered":"UN CUENTO PARA LA PAZ &#8211; LAS BOTAS DEL GENERAL"},"content":{"rendered":"<p>Es un cuento infantil, en letra may\u00fascula, de Elisa Ramon y magn\u00edficamente dibujado por Francesc Rovira, dos de los profesionales con m\u00e1s trayectoria del panorama infantil. Recrea que, ante cualquier disyuntiva, siempre se tiene la opci\u00f3n de elegir lo que uno cree que es mejor, sin dejarse llevar por la corriente. Y es que nunca es tarde para la paz, \u00bfverdad?<\/p>\n<p> Un general necesita unas botas para ir a la guerra, as\u00ed que decide hac\u00e9rselas a medida. Para el general la guerra era la guerra: ten\u00eda que aniquilar todo lo que se encontraba en su camino. Pero lo que no sospechaba es que ni sus soldados ni sus botas opinaban igual. A ellos, la guerra no les gustaba; de hecho, el general no les gustaba; ni el olor a p\u00f3lvora, ni el silbido de las balas, ni\u2026 Entonces, \u00bfqu\u00e9 hac\u00edan ah\u00ed?<\/p>\n<p> Cuando el general grita: \u201cAl ataque\u201d, y se dispone a dar el primer paso, las botas se niegan a obedecerle, los soldados se marchan corriendo y el general se queda solo ante el enemigo y sin entender qu\u00e9 est\u00e1 pasando.<\/p>\n<p> Las botas empiezan a correr para huir de la guerra, llev\u00e1ndose al general lejos de la destrucci\u00f3n. Y es que nunca es tarde para celebrar la vida, \u00bfno te parece?<\/p>\n","protected":false},"excerpt":{"rendered":"<p>RAMON, ELISA<\/p>\n","protected":false},"featured_media":96830,"template":"","meta":{"_acf_changed":false,"om_disable_all_campaigns":false,"rs_blank_template":"","rs_page_bg_color":"","slide_template_v7":"","inline_featured_image":false,"_monsterinsights_skip_tracking":false,"_monsterinsights_sitenote_active":false,"_monsterinsights_sitenote_note":"","_monsterinsights_sitenote_category":0},"product_brand":[],"product_cat":[131],"product_tag":[],"class_list":{"0":"post-96829","1":"product","2":"type-product","3":"status-publish","4":"has-post-thumbnail","6":"product_cat-contes-per-infants-0-6-anys","8":"first","9":"instock","10":"taxable","11":"shipping-taxable","12":"purchasable","13":"product-type-simple"},"acf":{"autor":"RAMON, ELISA","codart":"841721080","libros-coleccion":"FORA DE COL.LECCI\u00d3","ediciones":"1","encuadernacion":"Carton\u00e9","fecha_de_publicacion":"01\/02\/2021","novedad":"1","paginas":"45","subtitulo":"CUENTOS INFANTILES 4 A\u00d1OS A 6 A\u00d1OS - EN MAY\u00daSCULAS","orden":"0","portada":"0","idioma":"spa","editorial":[{"ID":147970,"post_author":"3","post_date":"2022-10-14 11:54:38","post_date_gmt":"2022-10-14 09:54:38","post_content":"","post_title":"Editorial el Pirata","post_excerpt":"","post_status":"publish","comment_status":"closed","ping_status":"closed","post_password":"","post_name":"editorial-el-pirata","to_ping":"","pinged":"","post_modified":"2022-10-14 11:54:38","post_modified_gmt":"2022-10-14 09:54:38","post_content_filtered":"","post_parent":0,"guid":"http:\/\/dev.claret.cat\/editorial\/editorial-el-pirata\/","menu_order":0,"post_type":"editorial","post_mime_type":"","comment_count":"0","filter":"raw"}],"autores-libros":[{"ID":154802,"post_author":"3","post_date":"2022-10-14 15:07:45","post_date_gmt":"2022-10-14 13:07:45","post_content":"","post_title":"ELISA RAMON","post_excerpt":"","post_status":"publish","comment_status":"closed","ping_status":"closed","post_password":"","post_name":"elisa-ramon","to_ping":"","pinged":"","post_modified":"2022-10-14 15:07:45","post_modified_gmt":"2022-10-14 13:07:45","post_content_filtered":"","post_parent":0,"guid":"http:\/\/dev.claret.cat\/autor\/elisa-ramon\/","menu_order":0,"post_type":"autor","post_mime_type":"","comment_count":"0","filter":"raw"}]},"aioseo_notices":[],"_links":{"self":[{"href":"https:\/\/www.claret.cat\/es\/wp-json\/wp\/v2\/product\/96829","targetHints":{"allow":["GET"]}}],"collection":[{"href":"https:\/\/www.claret.cat\/es\/wp-json\/wp\/v2\/product"}],"about":[{"href":"https:\/\/www.claret.cat\/es\/wp-json\/wp\/v2\/types\/product"}],"wp:featuredmedia":[{"embeddable":true,"href":"https:\/\/www.claret.cat\/es\/wp-json\/wp\/v2\/media\/96830"}],"wp:attachment":[{"href":"https:\/\/www.claret.cat\/es\/wp-json\/wp\/v2\/media?parent=96829"}],"wp:term":[{"taxonomy":"product_brand","embeddable":true,"href":"https:\/\/www.claret.cat\/es\/wp-json\/wp\/v2\/product_brand?post=96829"},{"taxonomy":"product_cat","embeddable":true,"href":"https:\/\/www.claret.cat\/es\/wp-json\/wp\/v2\/product_cat?post=96829"},{"taxonomy":"product_tag","embeddable":true,"href":"https:\/\/www.claret.cat\/es\/wp-json\/wp\/v2\/product_tag?post=96829"}],"curies":[{"name":"wp","href":"https:\/\/api.w.org\/{rel}","templated":true}]}}