{"id":96847,"date":"2022-10-12T07:04:09","date_gmt":"2022-10-12T05:04:09","guid":{"rendered":"http:\/\/dev.claret.cat\/producte\/un-conte-per-la-pau-les-botes-del-general\/"},"modified":"2023-02-07T19:20:33","modified_gmt":"2023-02-07T18:20:33","slug":"un-conte-per-la-pau-les-botes-del-general-9788417207366","status":"publish","type":"product","link":"https:\/\/www.claret.cat\/es\/libro\/un-conte-per-la-pau-les-botes-del-general-9788417207366\/","title":{"rendered":"UN CONTE PER LA PAU &#8211; LES BOTES DEL GENERAL"},"content":{"rendered":"<p>\u00c9s un conte infantil, en lletra de PAL, d&#8221;Elisa Ram\u00f3n i dibuixat per en Francesc Rovira, dos dels professionals amb m\u00e9s traject\u00f2ria del panorama infantil catal\u00e0. Recrea magn\u00edficament que, a l&#8221;hora d&#8221;actuar, sempre es t\u00e9 la opci\u00f3 d&#8221;escollir all\u00f2 que un creu que \u00e9s millor, sense endur-se pel corrent. I \u00e9s que mai \u00e9s tard per a la pau, oi?<\/p>\n<p> Un general necessita unes botes per anar a la guerra, aix\u00ed que decideix fer-se&#8221;n unes a mida. Pel general, la guerra \u00e9s la guerra: ha d&#8221;aniquilar tot all\u00f2 que es trobi en el seu cam\u00ed.<\/p>\n<p> Per\u00f2 el que no sospita \u00e9s que ni els seus soldats ni les seves botes opinen igual. A ells, la guerra no els agrada gens; de fet, el general no els agrada gens, ni l&#8221;olor de p\u00f3lvora, ni els xiulets de les bales, ni&#8230; Llavors, qu\u00e8 hi fan all\u00e0?<\/p>\n<p> Quan el general crida \u201cA l&#8221;atac!\u201d i es disposa a fer la primera passa, les botes es neguen a obeir-lo, els soldats marxen corrents i el general es queda sol davant l&#8221;enemic, sense entendre qu\u00e8 est\u00e0 passant. I \u00e9s que mai \u00e9s tard per celebra la vida!<\/p>\n","protected":false},"excerpt":{"rendered":"<p>RAMON, ELISA<\/p>\n","protected":false},"featured_media":384781,"template":"","meta":{"_acf_changed":false,"om_disable_all_campaigns":false,"rs_blank_template":"","rs_page_bg_color":"","slide_template_v7":"","inline_featured_image":false,"_monsterinsights_skip_tracking":false,"_monsterinsights_sitenote_active":false,"_monsterinsights_sitenote_note":"","_monsterinsights_sitenote_category":0},"product_brand":[],"product_cat":[131,361],"product_tag":[],"class_list":{"0":"post-96847","1":"product","2":"type-product","3":"status-publish","4":"has-post-thumbnail","6":"product_cat-contes-per-infants-0-6-anys","7":"product_cat-cuentos-para-ninos-0-6-anos","9":"first","10":"instock","11":"taxable","12":"shipping-taxable","13":"purchasable","14":"product-type-simple"},"acf":{"autor":"RAMON, ELISA","codart":"841720736","libros-coleccion":"FORA DE COL.LECCI\u00d3","ediciones":"1","encuadernacion":"Carton\u00e9","fecha_de_publicacion":"01\/02\/2021","novedad":"1","paginas":"45","subtitulo":"CONTES INFANTILS EN CATAL\u00c0 - EN LLETRA DE PAL","orden":"0","portada":"0","idioma":"cat","editorial":[{"ID":147881,"post_author":"3","post_date":"2022-10-14 11:53:55","post_date_gmt":"2022-10-14 09:53:55","post_content":"","post_title":"EDICIONS DEL PIRATA","post_excerpt":"","post_status":"publish","comment_status":"closed","ping_status":"closed","post_password":"","post_name":"edicions-del-pirata","to_ping":"","pinged":"","post_modified":"2022-10-14 11:53:55","post_modified_gmt":"2022-10-14 09:53:55","post_content_filtered":"","post_parent":0,"guid":"http:\/\/dev.claret.cat\/editorial\/edicions-del-pirata\/","menu_order":0,"post_type":"editorial","post_mime_type":"","comment_count":"0","filter":"raw"}],"autores-libros":[{"ID":154802,"post_author":"3","post_date":"2022-10-14 15:07:45","post_date_gmt":"2022-10-14 13:07:45","post_content":"","post_title":"ELISA RAMON","post_excerpt":"","post_status":"publish","comment_status":"closed","ping_status":"closed","post_password":"","post_name":"elisa-ramon","to_ping":"","pinged":"","post_modified":"2022-10-14 15:07:45","post_modified_gmt":"2022-10-14 13:07:45","post_content_filtered":"","post_parent":0,"guid":"http:\/\/dev.claret.cat\/autor\/elisa-ramon\/","menu_order":0,"post_type":"autor","post_mime_type":"","comment_count":"0","filter":"raw"}]},"aioseo_notices":[],"_links":{"self":[{"href":"https:\/\/www.claret.cat\/es\/wp-json\/wp\/v2\/product\/96847","targetHints":{"allow":["GET"]}}],"collection":[{"href":"https:\/\/www.claret.cat\/es\/wp-json\/wp\/v2\/product"}],"about":[{"href":"https:\/\/www.claret.cat\/es\/wp-json\/wp\/v2\/types\/product"}],"wp:featuredmedia":[{"embeddable":true,"href":"https:\/\/www.claret.cat\/es\/wp-json\/wp\/v2\/media\/384781"}],"wp:attachment":[{"href":"https:\/\/www.claret.cat\/es\/wp-json\/wp\/v2\/media?parent=96847"}],"wp:term":[{"taxonomy":"product_brand","embeddable":true,"href":"https:\/\/www.claret.cat\/es\/wp-json\/wp\/v2\/product_brand?post=96847"},{"taxonomy":"product_cat","embeddable":true,"href":"https:\/\/www.claret.cat\/es\/wp-json\/wp\/v2\/product_cat?post=96847"},{"taxonomy":"product_tag","embeddable":true,"href":"https:\/\/www.claret.cat\/es\/wp-json\/wp\/v2\/product_tag?post=96847"}],"curies":[{"name":"wp","href":"https:\/\/api.w.org\/{rel}","templated":true}]}}