{"id":96850,"date":"2022-10-12T07:04:11","date_gmt":"2022-10-12T05:04:11","guid":{"rendered":"http:\/\/dev.claret.cat\/producte\/la-pequena-oruga-glotona-con-pegatinas-magneticas\/"},"modified":"2023-01-28T10:20:38","modified_gmt":"2023-01-28T09:20:38","slug":"la-pequena-oruga-glotona-con-pegatinas-magneticas-9788417742171","status":"publish","type":"product","link":"https:\/\/www.claret.cat\/es\/libro\/la-pequena-oruga-glotona-con-pegatinas-magneticas-9788417742171\/","title":{"rendered":"LA PEQUE\u00d1A ORUGA GLOTONA CON PEGATINAS MAGN\u00c9TICAS"},"content":{"rendered":"<p>Ayuda a la peque\u00f1a oruga glotona a encontrar su comida favorita.<br \/> Acompa\u00f1a a la peque\u00f1a oruga glotona y aprende con ella los primeros<br \/> n\u00fameros, los colores y las formas.<br \/> Este libro contiene 8 grandes pegatinas magn\u00e9ticas, perfectas para<br \/> manos peque\u00f1itas.<\/p>\n","protected":false},"excerpt":{"rendered":"<p>ERIC CARLE<\/p>\n","protected":false},"featured_media":96851,"template":"","meta":{"_acf_changed":false,"om_disable_all_campaigns":false,"rs_blank_template":"","rs_page_bg_color":"","slide_template_v7":"","inline_featured_image":false,"_monsterinsights_skip_tracking":false,"_monsterinsights_sitenote_active":false,"_monsterinsights_sitenote_note":"","_monsterinsights_sitenote_category":0},"product_brand":[],"product_cat":[131],"product_tag":[],"class_list":{"0":"post-96850","1":"product","2":"type-product","3":"status-publish","4":"has-post-thumbnail","6":"product_cat-contes-per-infants-0-6-anys","8":"first","9":"instock","10":"taxable","11":"shipping-taxable","12":"purchasable","13":"product-type-simple"},"acf":{"autor":"ERIC CARLE","codart":"841774217","libros-coleccion":"INFANTIL","ediciones":"1","encuadernacion":"Carton\u00e9","fecha_de_publicacion":"01\/02\/2021","novedad":"1","paginas":"12","subtitulo":"","orden":"0","portada":"0","idioma":"spa","editorial":[{"ID":147996,"post_author":"3","post_date":"2022-10-14 11:54:50","post_date_gmt":"2022-10-14 09:54:50","post_content":"","post_title":"Editorial K\u00f3kinos","post_excerpt":"","post_status":"publish","comment_status":"closed","ping_status":"closed","post_password":"","post_name":"editorial-kokinos","to_ping":"","pinged":"","post_modified":"2022-10-14 11:54:50","post_modified_gmt":"2022-10-14 09:54:50","post_content_filtered":"","post_parent":0,"guid":"http:\/\/dev.claret.cat\/editorial\/editorial-kokinos\/","menu_order":0,"post_type":"editorial","post_mime_type":"","comment_count":"0","filter":"raw"}],"autores-libros":[{"ID":155253,"post_author":"3","post_date":"2022-10-14 15:11:22","post_date_gmt":"2022-10-14 13:11:22","post_content":"","post_title":"ERIC CARLE","post_excerpt":"","post_status":"publish","comment_status":"closed","ping_status":"closed","post_password":"","post_name":"eric-carle-2","to_ping":"","pinged":"","post_modified":"2022-10-14 15:11:22","post_modified_gmt":"2022-10-14 13:11:22","post_content_filtered":"","post_parent":0,"guid":"http:\/\/dev.claret.cat\/autor\/eric-carle-2\/","menu_order":0,"post_type":"autor","post_mime_type":"","comment_count":"0","filter":"raw"}]},"aioseo_notices":[],"_links":{"self":[{"href":"https:\/\/www.claret.cat\/es\/wp-json\/wp\/v2\/product\/96850","targetHints":{"allow":["GET"]}}],"collection":[{"href":"https:\/\/www.claret.cat\/es\/wp-json\/wp\/v2\/product"}],"about":[{"href":"https:\/\/www.claret.cat\/es\/wp-json\/wp\/v2\/types\/product"}],"wp:featuredmedia":[{"embeddable":true,"href":"https:\/\/www.claret.cat\/es\/wp-json\/wp\/v2\/media\/96851"}],"wp:attachment":[{"href":"https:\/\/www.claret.cat\/es\/wp-json\/wp\/v2\/media?parent=96850"}],"wp:term":[{"taxonomy":"product_brand","embeddable":true,"href":"https:\/\/www.claret.cat\/es\/wp-json\/wp\/v2\/product_brand?post=96850"},{"taxonomy":"product_cat","embeddable":true,"href":"https:\/\/www.claret.cat\/es\/wp-json\/wp\/v2\/product_cat?post=96850"},{"taxonomy":"product_tag","embeddable":true,"href":"https:\/\/www.claret.cat\/es\/wp-json\/wp\/v2\/product_tag?post=96850"}],"curies":[{"name":"wp","href":"https:\/\/api.w.org\/{rel}","templated":true}]}}