{"id":968554,"date":"2024-06-03T11:36:02","date_gmt":"2024-06-03T09:36:02","guid":{"rendered":"https:\/\/www.claret.cat\/llibre\/un-far-a-la-fi-del-mon-9788424675318\/"},"modified":"2025-04-07T17:40:35","modified_gmt":"2025-04-07T15:40:35","slug":"un-far-a-la-fi-del-mon-9788424675318","status":"publish","type":"product","link":"https:\/\/www.claret.cat\/es\/libro\/un-far-a-la-fi-del-mon-9788424675318\/","title":{"rendered":"UN FAR A LA FI DEL M\u00d3N"},"content":{"rendered":"<p>Diuen que l&#8221;adolesc\u00e8ncia \u00e9s l&#8221;edat dels descobriments i de l&#8221;angoixa. En Max ho sap b\u00e9 aix\u00f2. Amb catorze anys acaba de veure com la seva vida fa un gir inesperat: al seu pare li han encarregat la reforma d&#8221;un far en un illa remota i durant uns mesos tota la fam\u00edlia s&#8221;instal\u00b7lar\u00e0 all\u00e0.<br \/>Just ara que en Max comen\u00e7ava a tenir amics a l&#8221;institut \u2014tot i que una part de la classe s&#8221;havia encarregat de fer-li con\u00e8ixer una paraula que el tortura, body shaming\u2014, just ara que havia comen\u00e7at una relaci\u00f3 especial amb una noia \u2014tot i que encara no li havien posat nom al qu\u00e8 sentien l&#8221;un per l&#8221;altra\u2014, just ara ho ha de deixar tot i comen\u00e7ar una nova vida que ning\u00fa li ha consultat si volia.\u00a0<br \/>Per\u00f2 en Max encara no sap que l&#8221;adolesc\u00e8ncia tamb\u00e9 \u00e9s l&#8221;edat del primer amor, el m\u00e9s intens, el que marca per sempre m\u00e9s. I que, quan \u00e9s necessari, l&#8221;amor mou muntanyes, travessa continents, oceans si cal, i troba a qui cal trobar.\u00a0<br \/>Novel\u00b7la guanyadora del premi Joaquim Ruyra 2022<br \/>\u00abUna novel\u00b7la tendra i costumista que ens explica el proc\u00e9s d&#8221;un enamorament.\u00bb Laia Falc\u00f3n, directora d&#8221;El Culturista<\/p>\n","protected":false},"excerpt":{"rendered":"<p>GUIX, GERARD<\/p>\n","protected":false},"featured_media":968555,"template":"","meta":{"_acf_changed":false,"om_disable_all_campaigns":false,"rs_blank_template":"","rs_page_bg_color":"","slide_template_v7":"","inline_featured_image":false,"_monsterinsights_skip_tracking":false,"_monsterinsights_sitenote_active":false,"_monsterinsights_sitenote_note":"","_monsterinsights_sitenote_category":0},"product_brand":[],"product_cat":[132,362],"product_tag":[],"class_list":{"0":"post-968554","1":"product","2":"type-product","3":"status-publish","4":"has-post-thumbnail","6":"product_cat-lectures-per-preadolescents-6-12-anys","7":"product_cat-libros-preadolescentes-6-12-anos","9":"first","10":"instock","11":"taxable","12":"shipping-taxable","13":"purchasable","14":"product-type-simple"},"acf":{"autor":"GUIX, GERARD","codart":"842467531","libros-coleccion":"FORA DE COL.LECCI\u00d3","ediciones":"1","encuadernacion":"R\u00fastica","fecha_de_publicacion":"01\/06\/2024","novedad":"1","paginas":"349","subtitulo":"","orden":"0","portada":"0","idioma":"cat","editorial":[{"ID":148189,"post_author":"3","post_date":"2022-10-14 11:56:19","post_date_gmt":"2022-10-14 09:56:19","post_content":"","post_title":"GALERA, EDITORIAL","post_excerpt":"","post_status":"publish","comment_status":"closed","ping_status":"closed","post_password":"","post_name":"galera-editorial","to_ping":"","pinged":"","post_modified":"2022-10-14 11:56:19","post_modified_gmt":"2022-10-14 09:56:19","post_content_filtered":"","post_parent":0,"guid":"http:\/\/dev.claret.cat\/editorial\/galera-editorial\/","menu_order":0,"post_type":"editorial","post_mime_type":"","comment_count":"0","filter":"raw"}]},"aioseo_notices":[],"_links":{"self":[{"href":"https:\/\/www.claret.cat\/es\/wp-json\/wp\/v2\/product\/968554","targetHints":{"allow":["GET"]}}],"collection":[{"href":"https:\/\/www.claret.cat\/es\/wp-json\/wp\/v2\/product"}],"about":[{"href":"https:\/\/www.claret.cat\/es\/wp-json\/wp\/v2\/types\/product"}],"wp:featuredmedia":[{"embeddable":true,"href":"https:\/\/www.claret.cat\/es\/wp-json\/wp\/v2\/media\/968555"}],"wp:attachment":[{"href":"https:\/\/www.claret.cat\/es\/wp-json\/wp\/v2\/media?parent=968554"}],"wp:term":[{"taxonomy":"product_brand","embeddable":true,"href":"https:\/\/www.claret.cat\/es\/wp-json\/wp\/v2\/product_brand?post=968554"},{"taxonomy":"product_cat","embeddable":true,"href":"https:\/\/www.claret.cat\/es\/wp-json\/wp\/v2\/product_cat?post=968554"},{"taxonomy":"product_tag","embeddable":true,"href":"https:\/\/www.claret.cat\/es\/wp-json\/wp\/v2\/product_tag?post=968554"}],"curies":[{"name":"wp","href":"https:\/\/api.w.org\/{rel}","templated":true}]}}