{"id":968566,"date":"2024-06-03T11:55:19","date_gmt":"2024-06-03T09:55:19","guid":{"rendered":"https:\/\/www.claret.cat\/llibre\/desig-sobre-rodes-9788419756428\/"},"modified":"2024-07-04T13:35:07","modified_gmt":"2024-07-04T11:35:07","slug":"desig-sobre-rodes-9788419756428","status":"publish","type":"product","link":"https:\/\/www.claret.cat\/es\/libro\/desig-sobre-rodes-9788419756428\/","title":{"rendered":"DESIG SOBRE RODES"},"content":{"rendered":"<p>Torna l&#8217;estiu, i torna la com\u00e8dia romanticoer\u00f2tica en catal\u00e0: apugem la temperatura al term\u00f2metre literari de l&#8217;estiu! Posem el desig sobre rodes.   Despr\u00e9s d&#8217;uns dies al Port de la Selva, l&#8217;Arnau es troba la Mun, la seva \u00abnoia de la platja\u00bb; la qu\u00edmica no triga en sorgir i en un breu trajecte en cotxe ja salten les espurnes. El seu desig deixar\u00e0 pas a una juguesca, a veure si els nostres protagonistes seran capa\u00e7os de sedu\u00efr-se mutuament: perd el primer que s&#8217;enamori! Atracci\u00f3, desig i seducci\u00f3 seran els ingredients d&#8217;un joc molt perill\u00f3s, en qu\u00e8 tamb\u00e9 hi haur\u00e0 lloc per a terceres persones. Qui posar\u00e0 fre a aquest desig sobre rodes?NEUS VERDAGUER PAG\u00c8S \u00e9s autora de Si no hi ha dem\u00e0 (2016), un llibre escrit a quatre mans amb S\u00edlvia Pag\u00e8s, i ha participat en l&#8217;antologia solid\u00e0ria Lluitem junts. La noia de la platja va ser la seva primera novel\u00b7la, escrita conjuntament amb V\u00edctor D\u00edaz G\u00f3mez. Aquesta\u00e9s la segona novel.la que escriuen de manera conjunta, i \u00e9s la segona part de La noia de la platja, que es pot llegir de manera independent.<\/p>\n","protected":false},"excerpt":{"rendered":"<p>D\u00cdAZ, V\u00cdCTOR \/ VERDAGUER, NEUS<\/p>\n","protected":false},"featured_media":968736,"template":"","meta":{"_acf_changed":false,"om_disable_all_campaigns":false,"rs_blank_template":"","rs_page_bg_color":"","slide_template_v7":"","inline_featured_image":false,"_monsterinsights_skip_tracking":false,"_monsterinsights_sitenote_active":false,"_monsterinsights_sitenote_note":"","_monsterinsights_sitenote_category":0},"product_brand":[],"product_cat":[127,357],"product_tag":[],"class_list":{"0":"post-968566","1":"product","2":"type-product","3":"status-publish","4":"has-post-thumbnail","6":"product_cat-novella-contemporania","7":"product_cat-novela-contemporanea","9":"first","10":"instock","11":"taxable","12":"shipping-taxable","13":"purchasable","14":"product-type-simple"},"acf":{"autor":"D\u00cdAZ, V\u00cdCTOR \/ VERDAGUER, NEUS","codart":"841975642","libros-coleccion":"NARRATIVA CATALANA","ediciones":"1","encuadernacion":"R\u00fastica","fecha_de_publicacion":"01\/06\/2024","novedad":"1","paginas":"317","subtitulo":"","orden":"0","portada":"0","idioma":"cat","editorial":[{"ID":6350,"post_author":"3","post_date":"2022-07-28 17:50:18","post_date_gmt":"2022-07-28 15:50:18","post_content":"","post_title":"ROSA DELS VENTS","post_excerpt":"","post_status":"publish","comment_status":"closed","ping_status":"closed","post_password":"","post_name":"rosa-dels-vents","to_ping":"","pinged":"","post_modified":"2022-07-28 17:50:18","post_modified_gmt":"2022-07-28 15:50:18","post_content_filtered":"","post_parent":0,"guid":"http:\/\/dev.claret.cat\/editorial\/rosa-dels-vents\/","menu_order":0,"post_type":"editorial","post_mime_type":"","comment_count":"0","filter":"raw"}]},"aioseo_notices":[],"_links":{"self":[{"href":"https:\/\/www.claret.cat\/es\/wp-json\/wp\/v2\/product\/968566","targetHints":{"allow":["GET"]}}],"collection":[{"href":"https:\/\/www.claret.cat\/es\/wp-json\/wp\/v2\/product"}],"about":[{"href":"https:\/\/www.claret.cat\/es\/wp-json\/wp\/v2\/types\/product"}],"wp:featuredmedia":[{"embeddable":true,"href":"https:\/\/www.claret.cat\/es\/wp-json\/wp\/v2\/media\/968736"}],"wp:attachment":[{"href":"https:\/\/www.claret.cat\/es\/wp-json\/wp\/v2\/media?parent=968566"}],"wp:term":[{"taxonomy":"product_brand","embeddable":true,"href":"https:\/\/www.claret.cat\/es\/wp-json\/wp\/v2\/product_brand?post=968566"},{"taxonomy":"product_cat","embeddable":true,"href":"https:\/\/www.claret.cat\/es\/wp-json\/wp\/v2\/product_cat?post=968566"},{"taxonomy":"product_tag","embeddable":true,"href":"https:\/\/www.claret.cat\/es\/wp-json\/wp\/v2\/product_tag?post=968566"}],"curies":[{"name":"wp","href":"https:\/\/api.w.org\/{rel}","templated":true}]}}