{"id":968578,"date":"2024-06-03T11:56:20","date_gmt":"2024-06-03T09:56:20","guid":{"rendered":"https:\/\/www.claret.cat\/llibre\/peppa-pig-libro-juguete-pequena-biblioteca-de-buenas-noches-9788448867904\/"},"modified":"2026-04-07T10:55:32","modified_gmt":"2026-04-07T08:55:32","slug":"peppa-pig-libro-juguete-pequena-biblioteca-de-buenas-noches-9788448867904","status":"publish","type":"product","link":"https:\/\/www.claret.cat\/es\/libro\/peppa-pig-libro-juguete-pequena-biblioteca-de-buenas-noches-9788448867904\/","title":{"rendered":"PEPPA PIG. LIBRO JUGUETE &#8211; PEQUE\u00d1A BIBLIOTECA DE BUENAS NOCHES"},"content":{"rendered":"<p>\u00a1La biblioteca de Peppa Pig est\u00e1 llena de maravillosos libros de cart\u00f3n!  Una fant\u00e1stica colecci\u00f3n de libros de cart\u00f3n con los personajes de Peppa Pig, perfecta para leer con los peque\u00f1os lectores antes de irse a la cama. Peppa y George se est\u00e1n preparando para irse a la cama con esta adorable peque\u00f1a librer\u00eda llena de cuentos incre\u00edbles.Cuatro libros que vienen en una preciosa cajita, con cuatro entra\u00f1ables historias perfectas para repasar con los peque\u00f1os la rutina diaria antes de dormir: La hora del ba\u00f1o, La hora del cuento, La hora de dormir y La hora de so\u00f1ar. Adem\u00e1s, con las im\u00e1genes de contracubierta de los cuatro libros, se forma un puzle m\u00e1gico con el que los m\u00e1s inquietos podr\u00e1n mantenerse ocupados hasta caer rendidos. \u00a1Disfruta leyendo estas peque\u00f1as aventuras de Peppa Pig!<\/p>\n","protected":false},"excerpt":{"rendered":"<p>HASBRO \/ EONE<\/p>\n","protected":false},"featured_media":968579,"template":"","meta":{"_acf_changed":false,"om_disable_all_campaigns":false,"rs_blank_template":"","rs_page_bg_color":"","slide_template_v7":"","inline_featured_image":false,"_monsterinsights_skip_tracking":false,"_monsterinsights_sitenote_active":false,"_monsterinsights_sitenote_note":"","_monsterinsights_sitenote_category":0},"product_brand":[],"product_cat":[131,361],"product_tag":[],"class_list":{"0":"post-968578","1":"product","2":"type-product","3":"status-publish","4":"has-post-thumbnail","6":"product_cat-contes-per-infants-0-6-anys","7":"product_cat-cuentos-para-ninos-0-6-anos","9":"first","10":"instock","11":"taxable","12":"shipping-taxable","13":"purchasable","14":"product-type-simple"},"acf":{"autor":"HASBRO \/ EONE","codart":"844886790","libros-coleccion":"PEPPA PIG","ediciones":"1","encuadernacion":"Carpeta","fecha_de_publicacion":"01\/06\/2024","novedad":"1","paginas":"1","subtitulo":"","orden":"0","portada":"0","idioma":"spa","editorial":[{"ID":6141,"post_author":"3","post_date":"2022-07-28 17:45:46","post_date_gmt":"2022-07-28 15:45:46","post_content":"","post_title":"BEASCOA","post_excerpt":"","post_status":"publish","comment_status":"closed","ping_status":"closed","post_password":"","post_name":"beascoa","to_ping":"","pinged":"","post_modified":"2022-07-28 17:45:46","post_modified_gmt":"2022-07-28 15:45:46","post_content_filtered":"","post_parent":0,"guid":"http:\/\/dev.claret.cat\/editorial\/beascoa\/","menu_order":0,"post_type":"editorial","post_mime_type":"","comment_count":"0","filter":"raw"}],"booktrailer":"","resenas":""},"aioseo_notices":[],"_links":{"self":[{"href":"https:\/\/www.claret.cat\/es\/wp-json\/wp\/v2\/product\/968578","targetHints":{"allow":["GET"]}}],"collection":[{"href":"https:\/\/www.claret.cat\/es\/wp-json\/wp\/v2\/product"}],"about":[{"href":"https:\/\/www.claret.cat\/es\/wp-json\/wp\/v2\/types\/product"}],"wp:featuredmedia":[{"embeddable":true,"href":"https:\/\/www.claret.cat\/es\/wp-json\/wp\/v2\/media\/968579"}],"wp:attachment":[{"href":"https:\/\/www.claret.cat\/es\/wp-json\/wp\/v2\/media?parent=968578"}],"wp:term":[{"taxonomy":"product_brand","embeddable":true,"href":"https:\/\/www.claret.cat\/es\/wp-json\/wp\/v2\/product_brand?post=968578"},{"taxonomy":"product_cat","embeddable":true,"href":"https:\/\/www.claret.cat\/es\/wp-json\/wp\/v2\/product_cat?post=968578"},{"taxonomy":"product_tag","embeddable":true,"href":"https:\/\/www.claret.cat\/es\/wp-json\/wp\/v2\/product_tag?post=968578"}],"curies":[{"name":"wp","href":"https:\/\/api.w.org\/{rel}","templated":true}]}}