{"id":968712,"date":"2024-06-03T17:36:17","date_gmt":"2024-06-03T15:36:17","guid":{"rendered":"https:\/\/www.claret.cat\/llibre\/mitoterapia-el-poder-curativo-de-los-mitos-9788419558862\/"},"modified":"2024-06-04T13:16:22","modified_gmt":"2024-06-04T11:16:22","slug":"mitoterapia-el-poder-curativo-de-los-mitos-9788419558862","status":"publish","type":"product","link":"https:\/\/www.claret.cat\/es\/libro\/mitoterapia-el-poder-curativo-de-los-mitos-9788419558862\/","title":{"rendered":"MITOTERAPIA. EL PODER CURATIVO DE LOS MITOS"},"content":{"rendered":"<p>Los mitos son historias an\u00f3nimas, transmitidas<br \/> de generaci\u00f3n en generaci\u00f3n, y en ellas late la<br \/> sabidur\u00eda y excepcionalidad de las sociedades<br \/> humanas.<br \/> El \u00abcon\u00f3cete a ti mismo\u00bb ha quedado relegado<br \/> al \u00abs\u00e9 t\u00fa mismo\u00bb. El moderno eslogan (principio<br \/> y fin de tantos libros de autoayuda) nos dice que<br \/> debemos ser simplemente lo que somos, actuar de<br \/> manera natural y espont\u00e1nea, vivir sin complejos,<br \/> despreocuparnos de todo\u2026 Pues bien, los mitos<br \/> nos curan justamente de eso, nos ayudan a no caer<br \/> en la trampa de la banalidad.<br \/> La mitolog\u00eda cl\u00e1sica nos proporciona un saber<br \/> arcano que podemos actualizar. Sabemos que la vida<br \/> no es un camino de rosas, que hay realidades que<br \/> no podemos cambiar y tenemos que aceptarlas, pero<br \/> tambi\u00e9n que muchas otras circunstancias vitales<br \/> s\u00ed las podemos gobernar. Los mitos nos aportan<br \/> sabidur\u00eda para discernir las primeras e inteligencia<br \/> para arremeter las segundas. Es cuesti\u00f3n de afinar<br \/> el o\u00eddo y escuchar lo que nos revela Apolo sobre<br \/> el autoconocimiento, Atenea sobre la intimidad,<br \/> Hera sobre el placer, Narciso sobre las apariencias,<br \/> Ant\u00edgona sobre la conciencia, Aquiles sobre<br \/> el ego\u00edsmo\u2026<br \/> Hay m\u00e1s fuerza vital en estas cincuenta y cinco<br \/> narraciones que en todos los libros de autoayuda.<br \/> Los mitos no juzgan; presentan modelos a seguir<br \/> o a evitar, vidas exprimidas hasta el l\u00edmite, acciones<br \/> heroicas y ruines, divinas y diab\u00f3licas. Estas<br \/> tradiciones tienen un poder curativo extraordinario<br \/> que descubrir\u00e1s en estas p\u00e1ginas.<\/p>\n","protected":false},"excerpt":{"rendered":"<p>GO\u00d1I, CARLOS<\/p>\n","protected":false},"featured_media":968815,"template":"","meta":{"_acf_changed":false,"om_disable_all_campaigns":false,"rs_blank_template":"","rs_page_bg_color":"","slide_template_v7":"","inline_featured_image":false,"_monsterinsights_skip_tracking":false,"_monsterinsights_sitenote_active":false,"_monsterinsights_sitenote_note":"","_monsterinsights_sitenote_category":0},"product_brand":[],"product_cat":[179,377],"product_tag":[],"class_list":{"0":"post-968712","1":"product","2":"type-product","3":"status-publish","4":"has-post-thumbnail","6":"product_cat-autoajuda-i-salut-mental","7":"product_cat-autoayuda-y-salud-mental","9":"first","10":"instock","11":"taxable","12":"shipping-taxable","13":"purchasable","14":"product-type-simple"},"acf":{"autor":"GO\u00d1I, CARLOS","codart":"841955886","libros-coleccion":"Psicolog\u00eda","ediciones":"1","encuadernacion":"R\u00fastica","fecha_de_publicacion":"01\/06\/2024","novedad":"1","paginas":"269","subtitulo":"","orden":"0","portada":"0","idioma":"spa","editorial":[{"ID":6127,"post_author":"3","post_date":"2022-07-28 17:45:28","post_date_gmt":"2022-07-28 15:45:28","post_content":"","post_title":"ARPA EDITORES","post_excerpt":"","post_status":"publish","comment_status":"closed","ping_status":"closed","post_password":"","post_name":"arpa-editores","to_ping":"","pinged":"","post_modified":"2022-07-28 17:45:28","post_modified_gmt":"2022-07-28 15:45:28","post_content_filtered":"","post_parent":0,"guid":"http:\/\/dev.claret.cat\/editorial\/arpa-editores\/","menu_order":0,"post_type":"editorial","post_mime_type":"","comment_count":"0","filter":"raw"}]},"aioseo_notices":[],"_links":{"self":[{"href":"https:\/\/www.claret.cat\/es\/wp-json\/wp\/v2\/product\/968712","targetHints":{"allow":["GET"]}}],"collection":[{"href":"https:\/\/www.claret.cat\/es\/wp-json\/wp\/v2\/product"}],"about":[{"href":"https:\/\/www.claret.cat\/es\/wp-json\/wp\/v2\/types\/product"}],"wp:featuredmedia":[{"embeddable":true,"href":"https:\/\/www.claret.cat\/es\/wp-json\/wp\/v2\/media\/968815"}],"wp:attachment":[{"href":"https:\/\/www.claret.cat\/es\/wp-json\/wp\/v2\/media?parent=968712"}],"wp:term":[{"taxonomy":"product_brand","embeddable":true,"href":"https:\/\/www.claret.cat\/es\/wp-json\/wp\/v2\/product_brand?post=968712"},{"taxonomy":"product_cat","embeddable":true,"href":"https:\/\/www.claret.cat\/es\/wp-json\/wp\/v2\/product_cat?post=968712"},{"taxonomy":"product_tag","embeddable":true,"href":"https:\/\/www.claret.cat\/es\/wp-json\/wp\/v2\/product_tag?post=968712"}],"curies":[{"name":"wp","href":"https:\/\/api.w.org\/{rel}","templated":true}]}}