{"id":968723,"date":"2024-06-03T17:40:55","date_gmt":"2024-06-03T15:40:55","guid":{"rendered":"https:\/\/www.claret.cat\/llibre\/sopas-de-letras-faciles-para-relajarse-9788410206021\/"},"modified":"2026-02-10T17:30:56","modified_gmt":"2026-02-10T16:30:56","slug":"sopas-de-letras-faciles-para-relajarse-9788410206021","status":"publish","type":"product","link":"https:\/\/www.claret.cat\/es\/libro\/sopas-de-letras-faciles-para-relajarse-9788410206021\/","title":{"rendered":"SOPAS DE LETRAS F\u00c1CILES PARA RELAJARSE"},"content":{"rendered":"<p>La tensi\u00f3n emocional o f\u00edsica puede aparecer en diferentes momentos de la vida, debida a la presi\u00f3n en el trabajo, las frustraciones diarias o las situaciones que nos hacen salir de nuestra zona de confort. Sin embargo, hay muchas cosas que podemos hacer para mejorar esa sensaci\u00f3n y empezar a relajarnos por dentro y por fuera. Las sopas de letras, y los pasatiempos en general, han demostrado ser muy efectivos para bajar los niveles de tensi\u00f3n en estos momentos clave. Prep\u00e1rate para disfrutar de los momentos de ocio y relax que te proporcionar\u00e1n.<br \/> Sopas de letras pensadas para resolverse en 3, 5 y 8 minutos con las que alcanzar\u00e1s el bienestar que tanto anhelas.<\/p>\n","protected":false},"excerpt":{"rendered":"<p>SES\u00c9, MIQUEL<\/p>\n","protected":false},"featured_media":968724,"template":"","meta":{"_acf_changed":false,"om_disable_all_campaigns":false,"rs_blank_template":"","rs_page_bg_color":"","slide_template_v7":"","inline_featured_image":false,"_monsterinsights_skip_tracking":false,"_monsterinsights_sitenote_active":false,"_monsterinsights_sitenote_note":"","_monsterinsights_sitenote_category":0},"product_brand":[],"product_cat":[90,540],"product_tag":[],"class_list":{"0":"post-968723","1":"product","2":"type-product","3":"status-publish","4":"has-post-thumbnail","6":"product_cat-altres","7":"product_cat-otros","9":"first","10":"instock","11":"taxable","12":"shipping-taxable","13":"purchasable","14":"product-type-simple"},"acf":{"autor":"SES\u00c9, MIQUEL","codart":"841020602","libros-coleccion":"Cuadrados de diversi\u00f3n","ediciones":"1","encuadernacion":"R\u00fastica","fecha_de_publicacion":"01\/06\/2024","novedad":"1","paginas":"0","subtitulo":"","orden":"0","portada":"0","idioma":"spa","editorial":[{"ID":147917,"post_author":"3","post_date":"2022-10-14 11:54:14","post_date_gmt":"2022-10-14 09:54:14","post_content":"","post_title":"EDITORIAL ALMA","post_excerpt":"","post_status":"publish","comment_status":"closed","ping_status":"closed","post_password":"","post_name":"editorial-alma","to_ping":"","pinged":"","post_modified":"2022-10-14 11:54:14","post_modified_gmt":"2022-10-14 09:54:14","post_content_filtered":"","post_parent":0,"guid":"http:\/\/dev.claret.cat\/editorial\/editorial-alma\/","menu_order":0,"post_type":"editorial","post_mime_type":"","comment_count":"0","filter":"raw"}],"booktrailer":"","resenas":""},"aioseo_notices":[],"_links":{"self":[{"href":"https:\/\/www.claret.cat\/es\/wp-json\/wp\/v2\/product\/968723","targetHints":{"allow":["GET"]}}],"collection":[{"href":"https:\/\/www.claret.cat\/es\/wp-json\/wp\/v2\/product"}],"about":[{"href":"https:\/\/www.claret.cat\/es\/wp-json\/wp\/v2\/types\/product"}],"wp:featuredmedia":[{"embeddable":true,"href":"https:\/\/www.claret.cat\/es\/wp-json\/wp\/v2\/media\/968724"}],"wp:attachment":[{"href":"https:\/\/www.claret.cat\/es\/wp-json\/wp\/v2\/media?parent=968723"}],"wp:term":[{"taxonomy":"product_brand","embeddable":true,"href":"https:\/\/www.claret.cat\/es\/wp-json\/wp\/v2\/product_brand?post=968723"},{"taxonomy":"product_cat","embeddable":true,"href":"https:\/\/www.claret.cat\/es\/wp-json\/wp\/v2\/product_cat?post=968723"},{"taxonomy":"product_tag","embeddable":true,"href":"https:\/\/www.claret.cat\/es\/wp-json\/wp\/v2\/product_tag?post=968723"}],"curies":[{"name":"wp","href":"https:\/\/api.w.org\/{rel}","templated":true}]}}