{"id":96877,"date":"2022-10-12T07:04:33","date_gmt":"2022-10-12T05:04:33","guid":{"rendered":"http:\/\/dev.claret.cat\/producte\/despertar-me-quan-no-dormo\/"},"modified":"2024-01-31T20:38:37","modified_gmt":"2024-01-31T19:38:37","slug":"despertarme-quan-no-dormo-9788475888736","status":"publish","type":"product","link":"https:\/\/www.claret.cat\/es\/libro\/despertarme-quan-no-dormo-9788475888736\/","title":{"rendered":"DESPERTAR-ME QUAN NO DORMO"},"content":{"rendered":"<p>Despertar-me quan no dormo \u00e9s un exercici de maduresa creativa en el qual la contemplaci\u00f3 de la natura i el di\u00e0leg amb la tradici\u00f3 po\u00e8tica i art\u00edstica conformen un univers de densitat moral i d&#8221;excel\u00b7l\u00e8ncia formal. L&#8221;autor ens el presenta servint-se d&#8221;una escriptura brillant, en qu\u00e8 el domini dels recursos po\u00e8tics i la confian\u00e7a en el poder creador del llenguatge s\u00f3n els arguments que donen a cadascun dels poemes, i al conjunt del llibre, una coher\u00e8ncia i una solidesa excepcionals.<\/p>\n","protected":false},"excerpt":{"rendered":"<p>DESCLOT, MIQUEL<\/p>\n","protected":false},"featured_media":96878,"template":"","meta":{"_acf_changed":false,"om_disable_all_campaigns":false,"rs_blank_template":"","rs_page_bg_color":"","slide_template_v7":"","inline_featured_image":false,"_monsterinsights_skip_tracking":false,"_monsterinsights_sitenote_active":false,"_monsterinsights_sitenote_note":"","_monsterinsights_sitenote_category":0},"product_brand":[],"product_cat":[121,340],"product_tag":[],"class_list":{"0":"post-96877","1":"product","2":"type-product","3":"status-publish","4":"has-post-thumbnail","6":"product_cat-poesia","7":"product_cat-poesia-5_otras","9":"first","10":"instock","11":"taxable","12":"shipping-taxable","13":"purchasable","14":"product-type-simple"},"acf":{"editorial":[{"ID":6336,"post_author":"3","post_date":"2022-07-28 17:50:00","post_date_gmt":"2022-07-28 15:50:00","post_content":"","post_title":"Proa","post_excerpt":"","post_status":"publish","comment_status":"closed","ping_status":"closed","post_password":"","post_name":"proa","to_ping":"","pinged":"","post_modified":"2022-07-28 17:50:00","post_modified_gmt":"2022-07-28 15:50:00","post_content_filtered":"","post_parent":0,"guid":"http:\/\/dev.claret.cat\/editorial\/proa\/","menu_order":0,"post_type":"editorial","post_mime_type":"","comment_count":"0","filter":"raw"}],"autor":"DESCLOT, MIQUEL","codart":"847588873","libros-coleccion":"OSSA MENOR","ediciones":"1","encuadernacion":"R\u00fastica","fecha_de_publicacion":"01\/02\/2021","novedad":"1","paginas":"64","subtitulo":"PREMI CARLES RIBA 2020","orden":"0","portada":"0","idioma":"cat","autores-libros":[{"ID":165148,"post_author":"3","post_date":"2022-10-14 17:52:48","post_date_gmt":"2022-10-14 15:52:48","post_content":"","post_title":"MIQUEL DESCLOT","post_excerpt":"","post_status":"publish","comment_status":"closed","ping_status":"closed","post_password":"","post_name":"miquel-desclot","to_ping":"","pinged":"","post_modified":"2022-10-14 17:52:48","post_modified_gmt":"2022-10-14 15:52:48","post_content_filtered":"","post_parent":0,"guid":"http:\/\/dev.claret.cat\/autor\/miquel-desclot\/","menu_order":0,"post_type":"autor","post_mime_type":"","comment_count":"0","filter":"raw"}]},"aioseo_notices":[],"_links":{"self":[{"href":"https:\/\/www.claret.cat\/es\/wp-json\/wp\/v2\/product\/96877","targetHints":{"allow":["GET"]}}],"collection":[{"href":"https:\/\/www.claret.cat\/es\/wp-json\/wp\/v2\/product"}],"about":[{"href":"https:\/\/www.claret.cat\/es\/wp-json\/wp\/v2\/types\/product"}],"wp:featuredmedia":[{"embeddable":true,"href":"https:\/\/www.claret.cat\/es\/wp-json\/wp\/v2\/media\/96878"}],"wp:attachment":[{"href":"https:\/\/www.claret.cat\/es\/wp-json\/wp\/v2\/media?parent=96877"}],"wp:term":[{"taxonomy":"product_brand","embeddable":true,"href":"https:\/\/www.claret.cat\/es\/wp-json\/wp\/v2\/product_brand?post=96877"},{"taxonomy":"product_cat","embeddable":true,"href":"https:\/\/www.claret.cat\/es\/wp-json\/wp\/v2\/product_cat?post=96877"},{"taxonomy":"product_tag","embeddable":true,"href":"https:\/\/www.claret.cat\/es\/wp-json\/wp\/v2\/product_tag?post=96877"}],"curies":[{"name":"wp","href":"https:\/\/api.w.org\/{rel}","templated":true}]}}