{"id":96883,"date":"2022-10-12T07:04:38","date_gmt":"2022-10-12T05:04:38","guid":{"rendered":"http:\/\/dev.claret.cat\/producte\/el-catala-tranquil\/"},"modified":"2024-02-05T13:49:23","modified_gmt":"2024-02-05T12:49:23","slug":"el-catala-tranquil-9788498094855","status":"publish","type":"product","link":"https:\/\/www.claret.cat\/es\/libro\/el-catala-tranquil-9788498094855\/","title":{"rendered":"EL CATAL\u00c0 TRANQUIL"},"content":{"rendered":"<p>La llengua catalana ha evolucionat de manera saludable durant 900 anys sense l&#8221;Institut d&#8221;Estudis Catalans ni cap acad\u00e8mia, per\u00f2 en canvi avui l&#8221;actitud dels ling\u00fcistes respecte al catal\u00e0 sovint \u00e9s d&#8221;un proteccionisme excessivament r\u00edgid. Enric Gom\u00e0 creu que cal deixar que la llengua es desenvolupi i cre\u00ef. Per aix\u00f2 proposa (amb arguments) l&#8221;acceptaci\u00f3 de paraules i expressions vives i expressives com \u2018enganxina&#8221;, \u2018guixeta&#8221;, &#8221;cumbai\u00e0&#8221;, \u2018xiruca&#8221;, \u2018xarrup&#8221; (per sorbet), \u2018peta&#8221; (per porro)&#8230; formes populars com &#8221;\u00e0rbit&#8221;, o expressions com \u2018al\u00b7lucinar mandonguilles&#8221;, \u2018bon vespre&#8221; o \u2018estar com un tren\u2018, que generen retic\u00e8ncies perqu\u00e8 no tenen tradici\u00f3. El catal\u00e0 tranquil \u00e9s un pamflet optimista que pret\u00e9n que els amants de la llengua no cre\u00efn m\u00e9s ansietat als parlants. Una llengua que crea inseguretat deixa de parlar-se.<\/p>\n","protected":false},"excerpt":{"rendered":"<p>GOM\u00c0 RIBAS, ENRIC<\/p>\n","protected":false},"featured_media":96884,"template":"","meta":{"_acf_changed":false,"om_disable_all_campaigns":false,"rs_blank_template":"","rs_page_bg_color":"","slide_template_v7":"","inline_featured_image":false,"_monsterinsights_skip_tracking":false,"_monsterinsights_sitenote_active":false,"_monsterinsights_sitenote_note":"","_monsterinsights_sitenote_category":0},"product_brand":[],"product_cat":[90,540],"product_tag":[],"class_list":{"0":"post-96883","1":"product","2":"type-product","3":"status-publish","4":"has-post-thumbnail","6":"product_cat-altres","7":"product_cat-otros","9":"first","10":"instock","11":"taxable","12":"shipping-taxable","13":"purchasable","14":"product-type-simple"},"acf":{"editorial":[{"ID":148023,"post_author":"3","post_date":"2022-10-14 11:55:02","post_date_gmt":"2022-10-14 09:55:02","post_content":"","post_title":"Editorial P\u00f2rtic","post_excerpt":"","post_status":"publish","comment_status":"closed","ping_status":"closed","post_password":"","post_name":"editorial-portic","to_ping":"","pinged":"","post_modified":"2022-10-14 11:55:02","post_modified_gmt":"2022-10-14 09:55:02","post_content_filtered":"","post_parent":0,"guid":"http:\/\/dev.claret.cat\/editorial\/editorial-portic\/","menu_order":0,"post_type":"editorial","post_mime_type":"","comment_count":"0","filter":"raw"}],"autor":"GOM\u00c0 RIBAS, ENRIC","codart":"849809485","libros-coleccion":"P.VISIONS","ediciones":"1","encuadernacion":"R\u00fastica","fecha_de_publicacion":"01\/02\/2021","novedad":"1","paginas":"190","subtitulo":"UN MANIFEST","orden":"0","portada":"0","idioma":"cat","autores-libros":[{"ID":155108,"post_author":"3","post_date":"2022-10-14 15:10:14","post_date_gmt":"2022-10-14 13:10:14","post_content":"","post_title":"ENRIC GOM\u00c0 RIBAS","post_excerpt":"","post_status":"publish","comment_status":"closed","ping_status":"closed","post_password":"","post_name":"enric-goma-ribas","to_ping":"","pinged":"","post_modified":"2022-10-14 15:10:14","post_modified_gmt":"2022-10-14 13:10:14","post_content_filtered":"","post_parent":0,"guid":"http:\/\/dev.claret.cat\/autor\/enric-goma-ribas\/","menu_order":0,"post_type":"autor","post_mime_type":"","comment_count":"0","filter":"raw"}]},"aioseo_notices":[],"_links":{"self":[{"href":"https:\/\/www.claret.cat\/es\/wp-json\/wp\/v2\/product\/96883","targetHints":{"allow":["GET"]}}],"collection":[{"href":"https:\/\/www.claret.cat\/es\/wp-json\/wp\/v2\/product"}],"about":[{"href":"https:\/\/www.claret.cat\/es\/wp-json\/wp\/v2\/types\/product"}],"wp:featuredmedia":[{"embeddable":true,"href":"https:\/\/www.claret.cat\/es\/wp-json\/wp\/v2\/media\/96884"}],"wp:attachment":[{"href":"https:\/\/www.claret.cat\/es\/wp-json\/wp\/v2\/media?parent=96883"}],"wp:term":[{"taxonomy":"product_brand","embeddable":true,"href":"https:\/\/www.claret.cat\/es\/wp-json\/wp\/v2\/product_brand?post=96883"},{"taxonomy":"product_cat","embeddable":true,"href":"https:\/\/www.claret.cat\/es\/wp-json\/wp\/v2\/product_cat?post=96883"},{"taxonomy":"product_tag","embeddable":true,"href":"https:\/\/www.claret.cat\/es\/wp-json\/wp\/v2\/product_tag?post=96883"}],"curies":[{"name":"wp","href":"https:\/\/api.w.org\/{rel}","templated":true}]}}