{"id":968927,"date":"2024-06-04T15:55:18","date_gmt":"2024-06-04T13:55:18","guid":{"rendered":"https:\/\/www.claret.cat\/llibre\/que-harias-si-no-tuvieras-miedo-9788408288732\/"},"modified":"2024-06-04T16:25:24","modified_gmt":"2024-06-04T14:25:24","slug":"que-harias-si-no-tuvieras-miedo-9788408288732","status":"publish","type":"product","link":"https:\/\/www.claret.cat\/es\/libro\/que-harias-si-no-tuvieras-miedo-9788408288732\/","title":{"rendered":"\u00bfQU\u00c9 HAR\u00cdAS SI NO TUVIERAS MIEDO?"},"content":{"rendered":"<p>Tensi\u00f3n, atracci\u00f3n y mucha qu\u00edmica en la segunda entrega de la trilog\u00eda m\u00e1s atrevida.Cole vuelve despu\u00e9s de un a\u00f1o fuera y conoce a Dakota, la nueva amiga de Noa.<br \/> Y chocan como dos meteoritos.<br \/> Pero, mientras Cole vuelve a encontrar su hueco en el grupo y Dakota trata de sobrellevar su relaci\u00f3n a distancia, ambos se dar\u00e1n cuenta de que tienen m\u00e1s cosas en com\u00fan de lo que pensaban.<br \/> Y eso los empujar\u00e1 a enfrentarse a sus mayores miedos.<br \/> \u00bfTendr\u00e1n el valor para hacerlo?<br \/> Una historia de nuevos comienzos, de superaci\u00f3n y de c\u00f3mo saber perdonar y curar las heridas m\u00e1s ocultas.<\/p>\n","protected":false},"excerpt":{"rendered":"<p>LLANES, NEREA<\/p>\n","protected":false},"featured_media":968928,"template":"","meta":{"_acf_changed":false,"om_disable_all_campaigns":false,"rs_blank_template":"","rs_page_bg_color":"","slide_template_v7":"","inline_featured_image":false,"_monsterinsights_skip_tracking":false,"_monsterinsights_sitenote_active":false,"_monsterinsights_sitenote_note":"","_monsterinsights_sitenote_category":0},"product_brand":[],"product_cat":[133,566,117,363],"product_tag":[],"class_list":{"0":"post-968927","1":"product","2":"type-product","3":"status-publish","4":"has-post-thumbnail","6":"product_cat-lectures-per-adolescents-12-18-anys","7":"product_cat-juvenil-3_infantil-juvenil-spa-spa","8":"product_cat-juvenil","9":"product_cat-lecturas-por-adolescentes-12-18-anos","11":"first","12":"instock","13":"taxable","14":"shipping-taxable","15":"purchasable","16":"product-type-simple"},"acf":{"autor":"LLANES, NEREA","codart":"840828873","libros-coleccion":"Ficci\u00f3n","ediciones":"1","encuadernacion":"R\u00fastica","fecha_de_publicacion":"01\/06\/2024","novedad":"1","paginas":"269","subtitulo":"","orden":"0","portada":"0","idioma":"spa","editorial":[{"ID":6233,"post_author":"3","post_date":"2022-07-28 17:47:48","post_date_gmt":"2022-07-28 15:47:48","post_content":"","post_title":"EDITORIAL PLANETA","post_excerpt":"","post_status":"publish","comment_status":"closed","ping_status":"closed","post_password":"","post_name":"editorial-planeta","to_ping":"","pinged":"","post_modified":"2022-07-28 17:47:48","post_modified_gmt":"2022-07-28 15:47:48","post_content_filtered":"","post_parent":0,"guid":"http:\/\/dev.claret.cat\/editorial\/editorial-planeta\/","menu_order":0,"post_type":"editorial","post_mime_type":"","comment_count":"0","filter":"raw"}]},"aioseo_notices":[],"_links":{"self":[{"href":"https:\/\/www.claret.cat\/es\/wp-json\/wp\/v2\/product\/968927","targetHints":{"allow":["GET"]}}],"collection":[{"href":"https:\/\/www.claret.cat\/es\/wp-json\/wp\/v2\/product"}],"about":[{"href":"https:\/\/www.claret.cat\/es\/wp-json\/wp\/v2\/types\/product"}],"wp:featuredmedia":[{"embeddable":true,"href":"https:\/\/www.claret.cat\/es\/wp-json\/wp\/v2\/media\/968928"}],"wp:attachment":[{"href":"https:\/\/www.claret.cat\/es\/wp-json\/wp\/v2\/media?parent=968927"}],"wp:term":[{"taxonomy":"product_brand","embeddable":true,"href":"https:\/\/www.claret.cat\/es\/wp-json\/wp\/v2\/product_brand?post=968927"},{"taxonomy":"product_cat","embeddable":true,"href":"https:\/\/www.claret.cat\/es\/wp-json\/wp\/v2\/product_cat?post=968927"},{"taxonomy":"product_tag","embeddable":true,"href":"https:\/\/www.claret.cat\/es\/wp-json\/wp\/v2\/product_tag?post=968927"}],"curies":[{"name":"wp","href":"https:\/\/api.w.org\/{rel}","templated":true}]}}