{"id":96901,"date":"2022-10-12T07:04:53","date_gmt":"2022-10-12T05:04:53","guid":{"rendered":"http:\/\/dev.claret.cat\/producte\/el-misteri-de-les-croquetes\/"},"modified":"2024-12-18T19:20:36","modified_gmt":"2024-12-18T18:20:36","slug":"el-misteri-de-les-croquetes-9788447943197","status":"publish","type":"product","link":"https:\/\/www.claret.cat\/es\/libro\/el-misteri-de-les-croquetes-9788447943197\/","title":{"rendered":"EL MISTERI DE LES CROQUETES"},"content":{"rendered":"<p>Nova York, 1917. Una gran baralla entre gats i gossos. L&#8221;Ed el Br\u00e8tol, un gos d&#8221;orelles grosses, acusa el clan dels Gattuccini d&#8221;enveninar les seves croquetes. Una banda de gossos contra una banda de gats: heus aqu\u00ed una nova i perillosa missi\u00f3 per a en Gatlock, que haur\u00e0 de restablir la pau entre ells. Un nou cas per a en Gatlock, el gat detectiu!<\/p>\n","protected":false},"excerpt":{"rendered":"<p>PEREZ, S\u00c9BASTIEN<\/p>\n","protected":false},"featured_media":96902,"template":"","meta":{"_acf_changed":false,"om_disable_all_campaigns":false,"rs_blank_template":"","rs_page_bg_color":"","slide_template_v7":"","inline_featured_image":false,"_monsterinsights_skip_tracking":false,"_monsterinsights_sitenote_active":false,"_monsterinsights_sitenote_note":"","_monsterinsights_sitenote_category":0},"product_brand":[],"product_cat":[132,362],"product_tag":[],"class_list":{"0":"post-96901","1":"product","2":"type-product","3":"status-publish","4":"has-post-thumbnail","6":"product_cat-lectures-per-preadolescents-6-12-anys","7":"product_cat-libros-preadolescentes-6-12-anos","9":"first","10":"instock","11":"taxable","12":"shipping-taxable","13":"purchasable","14":"product-type-simple"},"acf":{"autor":"PEREZ, S\u00c9BASTIEN","codart":"844794319","libros-coleccion":"FORA DE COL.LECCI\u00d3","ediciones":"1","encuadernacion":"R\u00fastica","fecha_de_publicacion":"01\/03\/2021","novedad":"1","paginas":"76","subtitulo":"","orden":"0","portada":"0","idioma":"cat","editorial":[{"ID":147536,"post_author":"3","post_date":"2022-10-14 11:51:19","post_date_gmt":"2022-10-14 09:51:19","post_content":"","post_title":"BAULA-EDELVIVES-VALENCIANO\/CATALAN-TXT-","post_excerpt":"","post_status":"publish","comment_status":"closed","ping_status":"closed","post_password":"","post_name":"baula-edelvives-valenciano-catalan-txt","to_ping":"","pinged":"","post_modified":"2022-10-14 11:51:19","post_modified_gmt":"2022-10-14 09:51:19","post_content_filtered":"","post_parent":0,"guid":"http:\/\/dev.claret.cat\/editorial\/baula-edelvives-valenciano-catalan-txt\/","menu_order":0,"post_type":"editorial","post_mime_type":"","comment_count":"0","filter":"raw"}],"autores-libros":[{"ID":169262,"post_author":"3","post_date":"2022-10-14 22:25:49","post_date_gmt":"2022-10-14 20:25:49","post_content":"","post_title":"S\u00c9BASTIEN PEREZ","post_excerpt":"","post_status":"publish","comment_status":"closed","ping_status":"closed","post_password":"","post_name":"sebastien-perez","to_ping":"","pinged":"","post_modified":"2022-10-14 22:25:49","post_modified_gmt":"2022-10-14 20:25:49","post_content_filtered":"","post_parent":0,"guid":"http:\/\/dev.claret.cat\/autor\/sebastien-perez\/","menu_order":0,"post_type":"autor","post_mime_type":"","comment_count":"0","filter":"raw"}]},"aioseo_notices":[],"_links":{"self":[{"href":"https:\/\/www.claret.cat\/es\/wp-json\/wp\/v2\/product\/96901","targetHints":{"allow":["GET"]}}],"collection":[{"href":"https:\/\/www.claret.cat\/es\/wp-json\/wp\/v2\/product"}],"about":[{"href":"https:\/\/www.claret.cat\/es\/wp-json\/wp\/v2\/types\/product"}],"wp:featuredmedia":[{"embeddable":true,"href":"https:\/\/www.claret.cat\/es\/wp-json\/wp\/v2\/media\/96902"}],"wp:attachment":[{"href":"https:\/\/www.claret.cat\/es\/wp-json\/wp\/v2\/media?parent=96901"}],"wp:term":[{"taxonomy":"product_brand","embeddable":true,"href":"https:\/\/www.claret.cat\/es\/wp-json\/wp\/v2\/product_brand?post=96901"},{"taxonomy":"product_cat","embeddable":true,"href":"https:\/\/www.claret.cat\/es\/wp-json\/wp\/v2\/product_cat?post=96901"},{"taxonomy":"product_tag","embeddable":true,"href":"https:\/\/www.claret.cat\/es\/wp-json\/wp\/v2\/product_tag?post=96901"}],"curies":[{"name":"wp","href":"https:\/\/api.w.org\/{rel}","templated":true}]}}