{"id":969043,"date":"2024-06-05T12:05:03","date_gmt":"2024-06-05T10:05:03","guid":{"rendered":"https:\/\/www.claret.cat\/llibre\/matrimonio-celebracion-lecturas-y-homilias-9788491655787\/"},"modified":"2025-10-09T12:25:59","modified_gmt":"2025-10-09T10:25:59","slug":"matrimonio-celebracion-lecturas-y-homilias-9788491655787","status":"publish","type":"product","link":"https:\/\/www.claret.cat\/es\/libro\/matrimonio-celebracion-lecturas-y-homilias-9788491655787\/","title":{"rendered":"MATRIMONIO. CELEBRACI\u00d3N, LECTURAS Y HOMIL\u00cdAS"},"content":{"rendered":"<p><span>La celebraci\u00f3n del matrimonio es una muy buena ocasi\u00f3n para acercar y ayudar a vivir la Buena Noticia de la fe cristiana. Para los que ya la viven, porque les har\u00e1 experimentar la proximidad y la compa\u00f1\u00eda de Dios en este momento tan trascendental y gozoso. Y para los que quiz\u00e1 est\u00e1n distanciados de la fe, porque les podr\u00e1 ayudar a reconocer de alg\u00fan modo a Dios presente en su alegr\u00eda y en el camino cotidiano de la vida. Es, por tanto, una ocasi\u00f3n que merece la pena aprovechar lo mejor posible.<\/span><\/p>\n<p><span>Este libro pretende ser una ayuda en este sentido. Concretamente, ofrecemos dos formularios para la celebraci\u00f3n (fuera de la misa y dentro de la misa), con variedad de posibilidades en cada caso; tambi\u00e9n, un amplio n\u00famero de homil\u00edas; y tambi\u00e9n, materiales para el aniversario del matrimonio. Todas las lecturas del ritual (antiguas y nuevas).<\/span><\/p>\n<p><span>Todo en la l\u00ednea de lo que hemos ofrecido ya en anteriores publicaciones, pero reorganizado y renovado: las homil\u00edas son pr\u00e1cticamente todas nuevas, y los formularios de celebraci\u00f3n han sido ampliados, y est\u00e1n dispuestos. de forma que sean a\u00fan de m\u00e1s f\u00e1cil uso<\/span><\/p>\n","protected":false},"excerpt":{"rendered":"<p>LLIGADAS, JOSEP<\/p>\n","protected":false},"featured_media":1050564,"template":"","meta":{"_acf_changed":false,"om_disable_all_campaigns":false,"rs_blank_template":"","rs_page_bg_color":"","slide_template_v7":"","inline_featured_image":false,"_monsterinsights_skip_tracking":false,"_monsterinsights_sitenote_active":false,"_monsterinsights_sitenote_note":"","_monsterinsights_sitenote_category":0},"product_brand":[],"product_cat":[253,399],"product_tag":[],"class_list":{"0":"post-969043","1":"product","2":"type-product","3":"status-publish","4":"has-post-thumbnail","6":"product_cat-any-liturgic","7":"product_cat-any-liturgic-liturgia-1_espiritualidad","9":"first","10":"outofstock","11":"taxable","12":"shipping-taxable","13":"purchasable","14":"product-type-simple"},"acf":{"autor":"LLIGADAS, JOSEP","codart":"849165578","libros-coleccion":"DOSSIERS-CASTELLA-C.P.L.","ediciones":"2","encuadernacion":"Carton\u00e9","fecha_de_publicacion":"06\/09\/2021","novedad":"0","paginas":"164","subtitulo":"","orden":"999","portada":"0","idioma":"spa","editorial":[{"ID":6172,"post_author":"3","post_date":"2022-07-28 17:46:27","post_date_gmt":"2022-07-28 15:46:27","post_content":"","post_title":"CPL","post_excerpt":"","post_status":"publish","comment_status":"closed","ping_status":"closed","post_password":"","post_name":"cpl","to_ping":"","pinged":"","post_modified":"2022-07-28 17:46:27","post_modified_gmt":"2022-07-28 15:46:27","post_content_filtered":"","post_parent":0,"guid":"http:\/\/dev.claret.cat\/editorial\/cpl\/","menu_order":0,"post_type":"editorial","post_mime_type":"","comment_count":"0","filter":"raw"}],"booktrailer":"","resenas":""},"aioseo_notices":[],"_links":{"self":[{"href":"https:\/\/www.claret.cat\/es\/wp-json\/wp\/v2\/product\/969043","targetHints":{"allow":["GET"]}}],"collection":[{"href":"https:\/\/www.claret.cat\/es\/wp-json\/wp\/v2\/product"}],"about":[{"href":"https:\/\/www.claret.cat\/es\/wp-json\/wp\/v2\/types\/product"}],"wp:featuredmedia":[{"embeddable":true,"href":"https:\/\/www.claret.cat\/es\/wp-json\/wp\/v2\/media\/1050564"}],"wp:attachment":[{"href":"https:\/\/www.claret.cat\/es\/wp-json\/wp\/v2\/media?parent=969043"}],"wp:term":[{"taxonomy":"product_brand","embeddable":true,"href":"https:\/\/www.claret.cat\/es\/wp-json\/wp\/v2\/product_brand?post=969043"},{"taxonomy":"product_cat","embeddable":true,"href":"https:\/\/www.claret.cat\/es\/wp-json\/wp\/v2\/product_cat?post=969043"},{"taxonomy":"product_tag","embeddable":true,"href":"https:\/\/www.claret.cat\/es\/wp-json\/wp\/v2\/product_tag?post=969043"}],"curies":[{"name":"wp","href":"https:\/\/api.w.org\/{rel}","templated":true}]}}