{"id":969077,"date":"2024-06-05T13:05:04","date_gmt":"2024-06-05T11:05:04","guid":{"rendered":"https:\/\/www.claret.cat\/llibre\/historia-de-los-samurais-ne-9788419035820\/"},"modified":"2025-01-27T19:45:09","modified_gmt":"2025-01-27T18:45:09","slug":"historia-de-los-samurais-ne-9788419035820","status":"publish","type":"product","link":"https:\/\/www.claret.cat\/es\/libro\/historia-de-los-samurais-ne-9788419035820\/","title":{"rendered":"HISTORIA DE LOS SAMUR\u00c1IS (NE)"},"content":{"rendered":"<p>Durante siete siglos, los samur\u00e1is constituyeron la \u00e9lite social y pol\u00edtica de Jap\u00f3n y forjaron en torno a s\u00ed el mito del guerrero noble de esp\u00edritu, valiente, honorable y fiel.Pero, \u00bfqu\u00e9 hay de cierto en aquello que sabemos -o creemos saber- acerca de los samur\u00e1is? \u00bfCu\u00e1l es su verdadera historia?A lo largo de los doce cap\u00edtulos que conforman este libro, recorreremos m\u00e1s de mil a\u00f1os de la historia de esta casta de guerreros, desde su paulatino surgimiento durante la segunda mitad del primer milenio hasta su desaparici\u00f3n oficial a finales del siglo XIX. Un relato veraz y ameno, basado en hechos, bibliograf\u00eda y documentos hist\u00f3ricos, que describe tambi\u00e9n la parte legendaria y m\u00edtica pero sin confundirla con la realidad, pues esta resulta suficientemente apasionante por s\u00ed misma.<\/p>\n","protected":false},"excerpt":{"rendered":"<p>LOPEZ-VERA, JONATHAN<\/p>\n","protected":false},"featured_media":969103,"template":"","meta":{"_acf_changed":false,"om_disable_all_campaigns":false,"rs_blank_template":"","rs_page_bg_color":"","slide_template_v7":"","inline_featured_image":false,"_monsterinsights_skip_tracking":false,"_monsterinsights_sitenote_active":false,"_monsterinsights_sitenote_note":"","_monsterinsights_sitenote_category":0},"product_brand":[],"product_cat":[157,370],"product_tag":[],"class_list":{"0":"post-969077","1":"product","2":"type-product","3":"status-publish","4":"has-post-thumbnail","6":"product_cat-investigacio-i-corrents","7":"product_cat-investigacion-y-corrientes","9":"first","10":"instock","11":"taxable","12":"shipping-taxable","13":"purchasable","14":"product-type-simple"},"acf":{"autor":"LOPEZ-VERA, JONATHAN","codart":"841903582","libros-coleccion":"Historia","ediciones":"1","encuadernacion":"R\u00fastica","fecha_de_publicacion":"01\/06\/2024","novedad":"1","paginas":"360","subtitulo":"","orden":"0","portada":"0","idioma":"spa","editorial":[{"ID":6358,"post_author":"3","post_date":"2022-07-28 17:50:29","post_date_gmt":"2022-07-28 15:50:29","post_content":"","post_title":"Satori","post_excerpt":"","post_status":"publish","comment_status":"closed","ping_status":"closed","post_password":"","post_name":"satori","to_ping":"","pinged":"","post_modified":"2022-07-28 17:50:29","post_modified_gmt":"2022-07-28 15:50:29","post_content_filtered":"","post_parent":0,"guid":"http:\/\/dev.claret.cat\/editorial\/satori\/","menu_order":0,"post_type":"editorial","post_mime_type":"","comment_count":"0","filter":"raw"}]},"aioseo_notices":[],"_links":{"self":[{"href":"https:\/\/www.claret.cat\/es\/wp-json\/wp\/v2\/product\/969077","targetHints":{"allow":["GET"]}}],"collection":[{"href":"https:\/\/www.claret.cat\/es\/wp-json\/wp\/v2\/product"}],"about":[{"href":"https:\/\/www.claret.cat\/es\/wp-json\/wp\/v2\/types\/product"}],"wp:featuredmedia":[{"embeddable":true,"href":"https:\/\/www.claret.cat\/es\/wp-json\/wp\/v2\/media\/969103"}],"wp:attachment":[{"href":"https:\/\/www.claret.cat\/es\/wp-json\/wp\/v2\/media?parent=969077"}],"wp:term":[{"taxonomy":"product_brand","embeddable":true,"href":"https:\/\/www.claret.cat\/es\/wp-json\/wp\/v2\/product_brand?post=969077"},{"taxonomy":"product_cat","embeddable":true,"href":"https:\/\/www.claret.cat\/es\/wp-json\/wp\/v2\/product_cat?post=969077"},{"taxonomy":"product_tag","embeddable":true,"href":"https:\/\/www.claret.cat\/es\/wp-json\/wp\/v2\/product_tag?post=969077"}],"curies":[{"name":"wp","href":"https:\/\/api.w.org\/{rel}","templated":true}]}}