{"id":969142,"date":"2024-06-05T14:15:59","date_gmt":"2024-06-05T12:15:59","guid":{"rendered":"https:\/\/www.claret.cat\/llibre\/enchiridion-theologicum-lullianum-edicion-bilingue-latinespanol-9788422023388\/"},"modified":"2024-06-05T14:35:22","modified_gmt":"2024-06-05T12:35:22","slug":"enchiridion-theologicum-lullianum-edicion-bilingue-latinespanol-9788422023388","status":"publish","type":"product","link":"https:\/\/www.claret.cat\/es\/libro\/enchiridion-theologicum-lullianum-edicion-bilingue-latinespanol-9788422023388\/","title":{"rendered":"ENCHIRIDION THEOLOGICUM LULLIANUM &#8211; EDICI\u00d3N BILING\u00dcE LAT\u00cdN\/ESPA\u00d1OL"},"content":{"rendered":"<p><\/p>\n<p>Ram\u00f3n Llull dedic\u00f3 su vida \u2014a ra\u00edz de una serie de apariciones que \u00e9l mismo dio en llamar su \u00abconversi\u00f3n\u00bb\u2014 a la contemplaci\u00f3n y al estudio. Concret\u00f3 esta conversi\u00f3n en un triple deseo: estar dispuesto al martirio; dedicarse a la evangelizaci\u00f3n con la redacci\u00f3n de un libro que fuese \u00abel mejor del mundo contra los errores de los infieles\u00bb y, finalmente, fundar monasterios que fuesen, llegado el caso, verdaderos centros de estudio donde ense\u00f1ar el \u00e1rabe y el hebreo. En cuanto a la elaboraci\u00f3n de aquel libro, su deseo vio m\u00e1s que cumplida realizaci\u00f3n, pues no una sino hasta 280 obras y op\u00fasculos conforman hoy el corpus luliano, escrito en lat\u00edn, catal\u00e1n y \u00e1rabe. La presente selecci\u00f3n se dirige, pues, a dar muestra detallada de todo el aparato teol\u00f3gico que vertebr\u00f3 de principio a fin su quehacer literario: la invenci\u00f3n del Arte, la ruptura con el discurso apolog\u00e9tico tradicional, las virtudes como centro de su propia antropolog\u00eda \u2014y a las que dedica sus textos m\u00e1s voluminosos\u2014, el recurso al serm\u00f3n como g\u00e9nero literario, etc. Una selecci\u00f3n, en fin, con la que se pretende profundizar en la doctrina teol\u00f3gica de Ram\u00f3n Llull y ponerle, de nuevo, en el lugar principal que le corresponde dentro de la historia de la teolog\u00eda medieval.<\/p>\n","protected":false},"excerpt":{"rendered":"<p>LLULL, RAM\u00d3N<\/p>\n","protected":false},"featured_media":969165,"template":"","meta":{"_acf_changed":false,"om_disable_all_campaigns":false,"rs_blank_template":"","rs_page_bg_color":"","slide_template_v7":"","inline_featured_image":false,"_monsterinsights_skip_tracking":false,"_monsterinsights_sitenote_active":false,"_monsterinsights_sitenote_note":"","_monsterinsights_sitenote_category":0},"product_brand":[],"product_cat":[90,540],"product_tag":[],"class_list":{"0":"post-969142","1":"product","2":"type-product","3":"status-publish","4":"has-post-thumbnail","6":"product_cat-altres","7":"product_cat-otros","9":"first","10":"instock","11":"taxable","12":"shipping-taxable","13":"purchasable","14":"product-type-simple"},"acf":{"autor":"LLULL, RAM\u00d3N","codart":"842202338","libros-coleccion":"BAC MAIOR","ediciones":"1","encuadernacion":"Carton\u00e9","fecha_de_publicacion":"05\/06\/2024","novedad":"1","paginas":"1184","subtitulo":"","orden":"999","portada":"0","idioma":"spa","editorial":[{"ID":147509,"post_author":"3","post_date":"2022-10-14 11:51:07","post_date_gmt":"2022-10-14 09:51:07","post_content":"","post_title":"B.A.C.","post_excerpt":"","post_status":"publish","comment_status":"closed","ping_status":"closed","post_password":"","post_name":"b-a-c","to_ping":"","pinged":"","post_modified":"2022-10-14 11:51:07","post_modified_gmt":"2022-10-14 09:51:07","post_content_filtered":"","post_parent":0,"guid":"http:\/\/dev.claret.cat\/editorial\/b-a-c\/","menu_order":0,"post_type":"editorial","post_mime_type":"","comment_count":"0","filter":"raw"}]},"aioseo_notices":[],"_links":{"self":[{"href":"https:\/\/www.claret.cat\/es\/wp-json\/wp\/v2\/product\/969142","targetHints":{"allow":["GET"]}}],"collection":[{"href":"https:\/\/www.claret.cat\/es\/wp-json\/wp\/v2\/product"}],"about":[{"href":"https:\/\/www.claret.cat\/es\/wp-json\/wp\/v2\/types\/product"}],"wp:featuredmedia":[{"embeddable":true,"href":"https:\/\/www.claret.cat\/es\/wp-json\/wp\/v2\/media\/969165"}],"wp:attachment":[{"href":"https:\/\/www.claret.cat\/es\/wp-json\/wp\/v2\/media?parent=969142"}],"wp:term":[{"taxonomy":"product_brand","embeddable":true,"href":"https:\/\/www.claret.cat\/es\/wp-json\/wp\/v2\/product_brand?post=969142"},{"taxonomy":"product_cat","embeddable":true,"href":"https:\/\/www.claret.cat\/es\/wp-json\/wp\/v2\/product_cat?post=969142"},{"taxonomy":"product_tag","embeddable":true,"href":"https:\/\/www.claret.cat\/es\/wp-json\/wp\/v2\/product_tag?post=969142"}],"curies":[{"name":"wp","href":"https:\/\/api.w.org\/{rel}","templated":true}]}}