{"id":969151,"date":"2024-06-05T14:25:39","date_gmt":"2024-06-05T12:25:39","guid":{"rendered":"https:\/\/www.claret.cat\/llibre\/listos-para-aprender-la-neuroeducacion-en-juego-4-anos-9788491017967\/"},"modified":"2024-06-05T16:32:45","modified_gmt":"2024-06-05T14:32:45","slug":"listos-para-aprender-la-neuroeducacion-en-juego-4-anos-9788491017967","status":"publish","type":"product","link":"https:\/\/www.claret.cat\/es\/libro\/listos-para-aprender-la-neuroeducacion-en-juego-4-anos-9788491017967\/","title":{"rendered":"\u00bfLISTOS PARA APRENDER? LA NEUROEDUCACI\u00d3N EN JUEGO 4 A\u00d1OS"},"content":{"rendered":"<p>Basados en las investigaciones m\u00e1s recientes sobre la neuroeducaci\u00f3n, estos cuadernos ayudar\u00e1n a los ni\u00f1os y ni\u00f1as a mejorar su aprendizaje, consolidar los conocimientos b\u00e1sicos de lengua y matem\u00e1ticas y aprender a aprender. Combinan actividades l\u00fadicas que refuerzan la motivaci\u00f3n, junto con la adquisici\u00f3n de las habilidades necesarias para su buen ritmo<br \/>escolar. \u00a1Dales confianza, acomp\u00e1\u00f1alos y an\u00edmales a superarse!<\/p>\n","protected":false},"excerpt":{"rendered":"<p>NAVARRO SIMON, \u00c0NGELS<\/p>\n","protected":false},"featured_media":969152,"template":"","meta":{"_acf_changed":false,"om_disable_all_campaigns":false,"rs_blank_template":"","rs_page_bg_color":"","slide_template_v7":"","inline_featured_image":false,"_monsterinsights_skip_tracking":false,"_monsterinsights_sitenote_active":false,"_monsterinsights_sitenote_note":"","_monsterinsights_sitenote_category":0},"product_brand":[],"product_cat":[131,361],"product_tag":[],"class_list":{"0":"post-969151","1":"product","2":"type-product","3":"status-publish","4":"has-post-thumbnail","6":"product_cat-contes-per-infants-0-6-anys","7":"product_cat-cuentos-para-ninos-0-6-anos","9":"first","10":"instock","11":"taxable","12":"shipping-taxable","13":"purchasable","14":"product-type-simple"},"acf":{"autor":"NAVARRO SIMON, \u00c0NGELS","codart":"849101796","libros-coleccion":"FORA DE COL.LECCI\u00d3","ediciones":"1","encuadernacion":"R\u00fastica","fecha_de_publicacion":"01\/06\/2022","novedad":"1","paginas":"41","subtitulo":"","orden":"0","portada":"0","idioma":"spa","editorial":[{"ID":147650,"post_author":"3","post_date":"2022-10-14 11:52:12","post_date_gmt":"2022-10-14 09:52:12","post_content":"","post_title":"COMBEL EDITORIL","post_excerpt":"","post_status":"publish","comment_status":"closed","ping_status":"closed","post_password":"","post_name":"combel-editoril","to_ping":"","pinged":"","post_modified":"2022-10-14 11:52:12","post_modified_gmt":"2022-10-14 09:52:12","post_content_filtered":"","post_parent":0,"guid":"http:\/\/dev.claret.cat\/editorial\/combel-editoril\/","menu_order":0,"post_type":"editorial","post_mime_type":"","comment_count":"0","filter":"raw"}]},"aioseo_notices":[],"_links":{"self":[{"href":"https:\/\/www.claret.cat\/es\/wp-json\/wp\/v2\/product\/969151","targetHints":{"allow":["GET"]}}],"collection":[{"href":"https:\/\/www.claret.cat\/es\/wp-json\/wp\/v2\/product"}],"about":[{"href":"https:\/\/www.claret.cat\/es\/wp-json\/wp\/v2\/types\/product"}],"wp:featuredmedia":[{"embeddable":true,"href":"https:\/\/www.claret.cat\/es\/wp-json\/wp\/v2\/media\/969152"}],"wp:attachment":[{"href":"https:\/\/www.claret.cat\/es\/wp-json\/wp\/v2\/media?parent=969151"}],"wp:term":[{"taxonomy":"product_brand","embeddable":true,"href":"https:\/\/www.claret.cat\/es\/wp-json\/wp\/v2\/product_brand?post=969151"},{"taxonomy":"product_cat","embeddable":true,"href":"https:\/\/www.claret.cat\/es\/wp-json\/wp\/v2\/product_cat?post=969151"},{"taxonomy":"product_tag","embeddable":true,"href":"https:\/\/www.claret.cat\/es\/wp-json\/wp\/v2\/product_tag?post=969151"}],"curies":[{"name":"wp","href":"https:\/\/api.w.org\/{rel}","templated":true}]}}