{"id":96916,"date":"2022-10-12T07:05:05","date_gmt":"2022-10-12T05:05:05","guid":{"rendered":"http:\/\/dev.claret.cat\/producte\/biografia-de-la-luz\/"},"modified":"2026-04-16T11:40:14","modified_gmt":"2026-04-16T09:40:14","slug":"biografia-de-la-luz-9788418526138","status":"publish","type":"product","link":"https:\/\/www.claret.cat\/es\/libro\/biografia-de-la-luz-9788418526138\/","title":{"rendered":"BIOGRAF\u00cdA DE LA LUZ"},"content":{"rendered":"<p>Este ensayo recoge, con tanta modestia como ambici\u00f3n, un itinerario espiritual para el hombre y la mujer de hoy. Una relectura imprescindible, tan sencilla como profunda, del legado de Cristo, faro de la humanidad. El evangelio como mapa de la conciencia y como permanente provocaci\u00f3n existencial. Biograf\u00eda de la luz es un texto pensado para todos los buscadores espirituales y, por ello, escrito desde una perspectiva cultural m\u00e1s que confesional. Un camino, tan radical como posible, para la iluminaci\u00f3n, entendi\u00e9ndola como algo sencillo y cotidiano. Una especie de manual po\u00e9tico de la interioridad, en el que se presentan algunas de las incontables im\u00e1genes y met\u00e1foras que esbozan los evangelistas y que son aut\u00e9nticos espejos de la identidad humana. Un libro para revisar la propia vida y para descubrir, tras el ruido de las sombras, que no buscar\u00edamos lo luminoso si no fu\u00e9ramos, al fin y al cabo, seres de luz. En la l\u00ednea de sus anteriores entregas literarias -El olvido de s\u00ed, Entusiasmo, la aclamada Biograf\u00eda del silencio&#8230;-, Pablo d&#8221;Ors nos regala ahora su obra definitiva. Todos necesitamos reflexiones como \u00e9stas, tan transparentes: historias que nos ayudan a ver las cosas de nuevo como son. Como seguramente las ve\u00edamos cuando \u00e9ramos ni\u00f1os. Im\u00e1genes e ideas que hacen patente que la vida no est\u00e1 lejos o fuera, sino dentro y aqu\u00ed.<\/p>\n","protected":false},"excerpt":{"rendered":"<p>D&#8217;ORS, PABLO<\/p>\n","protected":false},"featured_media":398510,"template":"","meta":{"_acf_changed":false,"om_disable_all_campaigns":false,"rs_blank_template":"","rs_page_bg_color":"","slide_template_v7":"","inline_featured_image":false,"_monsterinsights_skip_tracking":false,"_monsterinsights_sitenote_active":false,"_monsterinsights_sitenote_note":"","_monsterinsights_sitenote_category":0},"product_brand":[],"product_cat":[233,486],"product_tag":[],"class_list":{"0":"post-96916","1":"product","2":"type-product","3":"status-publish","4":"has-post-thumbnail","6":"product_cat-mistica","7":"product_cat-mistica-espiritualidad-1_espiritualidad","9":"first","10":"instock","11":"taxable","12":"shipping-taxable","13":"purchasable","14":"product-type-simple"},"acf":{"editorial":[{"ID":6260,"post_author":"3","post_date":"2022-07-28 17:48:23","post_date_gmt":"2022-07-28 15:48:23","post_content":"","post_title":"Galaxia Gutenberg","post_excerpt":"","post_status":"publish","comment_status":"closed","ping_status":"closed","post_password":"","post_name":"galaxia-gutenberg","to_ping":"","pinged":"","post_modified":"2022-07-28 17:48:23","post_modified_gmt":"2022-07-28 15:48:23","post_content_filtered":"","post_parent":0,"guid":"http:\/\/dev.claret.cat\/editorial\/galaxia-gutenberg\/","menu_order":0,"post_type":"editorial","post_mime_type":"","comment_count":"0","filter":"raw"}],"autores-libros":[{"ID":5913,"post_author":"3","post_date":"2022-07-28 17:34:10","post_date_gmt":"2022-07-28 15:34:10","post_content":"","post_title":"PABLO D\u00b4ORS","post_excerpt":"","post_status":"publish","comment_status":"closed","ping_status":"closed","post_password":"","post_name":"pablo-dors","to_ping":"","pinged":"","post_modified":"2022-07-28 17:34:10","post_modified_gmt":"2022-07-28 15:34:10","post_content_filtered":"","post_parent":0,"guid":"http:\/\/dev.claret.cat\/autor\/pablo-dors\/","menu_order":0,"post_type":"autor","post_mime_type":"","comment_count":"0","filter":"raw"}],"autor":"D'ORS, PABLO","codart":"841852613","libros-coleccion":"Narrativa","ediciones":"1","encuadernacion":"Carton\u00e9","fecha_de_publicacion":"01\/02\/2021","novedad":"1","paginas":"576","subtitulo":"UNA LECTURA M\u00cdSTICA DEL EVANGELIO","orden":"0","portada":"0","idioma":"spa","booktrailer":"","resenas":""},"aioseo_notices":[],"_links":{"self":[{"href":"https:\/\/www.claret.cat\/es\/wp-json\/wp\/v2\/product\/96916","targetHints":{"allow":["GET"]}}],"collection":[{"href":"https:\/\/www.claret.cat\/es\/wp-json\/wp\/v2\/product"}],"about":[{"href":"https:\/\/www.claret.cat\/es\/wp-json\/wp\/v2\/types\/product"}],"wp:featuredmedia":[{"embeddable":true,"href":"https:\/\/www.claret.cat\/es\/wp-json\/wp\/v2\/media\/398510"}],"wp:attachment":[{"href":"https:\/\/www.claret.cat\/es\/wp-json\/wp\/v2\/media?parent=96916"}],"wp:term":[{"taxonomy":"product_brand","embeddable":true,"href":"https:\/\/www.claret.cat\/es\/wp-json\/wp\/v2\/product_brand?post=96916"},{"taxonomy":"product_cat","embeddable":true,"href":"https:\/\/www.claret.cat\/es\/wp-json\/wp\/v2\/product_cat?post=96916"},{"taxonomy":"product_tag","embeddable":true,"href":"https:\/\/www.claret.cat\/es\/wp-json\/wp\/v2\/product_tag?post=96916"}],"curies":[{"name":"wp","href":"https:\/\/api.w.org\/{rel}","templated":true}]}}