{"id":969187,"date":"2024-06-05T16:05:24","date_gmt":"2024-06-05T14:05:24","guid":{"rendered":"https:\/\/www.claret.cat\/llibre\/la-fe-de-tolkien-9788427149076\/"},"modified":"2026-04-01T01:54:09","modified_gmt":"2026-03-31T23:54:09","slug":"la-fe-de-tolkien-9788427149076","status":"publish","type":"product","link":"https:\/\/www.claret.cat\/es\/libro\/la-fe-de-tolkien-9788427149076\/","title":{"rendered":"LA FE DE TOLKIEN"},"content":{"rendered":"<p>Este libro ofrece una exploraci\u00f3n profunda e in\u00e9dita sobre c\u00f3mo la religi\u00f3n molde\u00f3 la vida y la obra de <a href='https:\/\/www.claret.cat\/es\/catalogo\/?b=Tolkien' rel='noopener noreferrer' target='_blank'><strong>J.R.R. Tolkien<\/strong><\/a>, uno de los escritores m\u00e1s emblem\u00e1ticos del siglo XX. A trav\u00e9s de un detallado estudio biogr\u00e1fico, <strong>Holly Ordway<\/strong> desentra\u00f1a la compleja relaci\u00f3n entre la fe personal de Tolkien y su creaci\u00f3n literaria, especialmente en <a href='https:\/\/www.claret.cat\/es\/catalogo\/?b=el+se%C3%B1or+de+los+anillos' rel='noopener noreferrer' target='_blank'><strong><em>El Se\u00f1or de los Anillos<\/em><\/strong><\/a>, que el propio autor describi\u00f3 como una obra \u201cfundamentalmente religiosa y cat\u00f3lica\u201d. <\/p>\n<p>Este libro no solo presenta la evoluci\u00f3n espiritual de Tolkien, desde su infancia bajo la <strong>influencia del catolicismo<\/strong> hasta los desaf\u00edos y confirmaciones de su fe durante las guerras y su vida adulta, sino que tambi\u00e9n muestra c\u00f3mo estos elementos se entrelazan sutil y profundamente con<strong> los relatos de la Tierra Media.&nbsp;<\/strong><\/p>\n<p><\/p>\n<p><\/p>\n","protected":false},"excerpt":{"rendered":"<p>ORDWAY, HOLLY<\/p>\n","protected":false},"featured_media":1083629,"template":"","meta":{"_acf_changed":false,"om_disable_all_campaigns":false,"rs_blank_template":"","rs_page_bg_color":"","slide_template_v7":"","inline_featured_image":false,"_monsterinsights_skip_tracking":false,"_monsterinsights_sitenote_active":false,"_monsterinsights_sitenote_note":"","_monsterinsights_sitenote_category":0},"product_brand":[],"product_cat":[485,232,89,308,542,92],"product_tag":[],"class_list":{"0":"post-969187","1":"product","2":"type-product","3":"status-publish","4":"has-post-thumbnail","6":"product_cat-autores-espiritualidad-1_espiritualidad","7":"product_cat-autors-espiritualitat","8":"product_cat-els-mes-venuts","9":"product_cat-castella","10":"product_cat-vida-religiosa-1_espiritualidad-spa","11":"product_cat-vida-religiosa","13":"first","14":"instock","15":"taxable","16":"shipping-taxable","17":"purchasable","18":"product-type-simple"},"acf":{"autor":"ORDWAY, HOLLY","codart":"842714907","libros-coleccion":"","ediciones":"1","encuadernacion":"R\u00fastica","fecha_de_publicacion":"05\/06\/2024","novedad":"1","paginas":"536","subtitulo":"BIOGRAF\u00cdA ESPIRITUAL","orden":"11","portada":"1","idioma":"spa","editorial":[{"ID":8258,"post_author":"3","post_date":"2022-09-30 09:21:32","post_date_gmt":"2022-09-30 07:21:32","post_content":"","post_title":"MENSAJERO","post_excerpt":"","post_status":"publish","comment_status":"closed","ping_status":"closed","post_password":"","post_name":"mensajero","to_ping":"","pinged":"","post_modified":"2022-09-30 09:21:32","post_modified_gmt":"2022-09-30 07:21:32","post_content_filtered":"","post_parent":0,"guid":"http:\/\/dev.claret.cat\/editorial\/mensajero\/","menu_order":0,"post_type":"editorial","post_mime_type":"","comment_count":"0","filter":"raw"}],"booktrailer":"","linkebook":"","ficha":"","muestra":"","precioebook":"0","presentacion":"","resenas":""},"aioseo_notices":[],"_links":{"self":[{"href":"https:\/\/www.claret.cat\/es\/wp-json\/wp\/v2\/product\/969187","targetHints":{"allow":["GET"]}}],"collection":[{"href":"https:\/\/www.claret.cat\/es\/wp-json\/wp\/v2\/product"}],"about":[{"href":"https:\/\/www.claret.cat\/es\/wp-json\/wp\/v2\/types\/product"}],"wp:featuredmedia":[{"embeddable":true,"href":"https:\/\/www.claret.cat\/es\/wp-json\/wp\/v2\/media\/1083629"}],"wp:attachment":[{"href":"https:\/\/www.claret.cat\/es\/wp-json\/wp\/v2\/media?parent=969187"}],"wp:term":[{"taxonomy":"product_brand","embeddable":true,"href":"https:\/\/www.claret.cat\/es\/wp-json\/wp\/v2\/product_brand?post=969187"},{"taxonomy":"product_cat","embeddable":true,"href":"https:\/\/www.claret.cat\/es\/wp-json\/wp\/v2\/product_cat?post=969187"},{"taxonomy":"product_tag","embeddable":true,"href":"https:\/\/www.claret.cat\/es\/wp-json\/wp\/v2\/product_tag?post=969187"}],"curies":[{"name":"wp","href":"https:\/\/api.w.org\/{rel}","templated":true}]}}