{"id":969202,"date":"2024-06-05T16:10:35","date_gmt":"2024-06-05T14:10:35","guid":{"rendered":"https:\/\/www.claret.cat\/llibre\/encuentros-en-california-1968-9788429332025\/"},"modified":"2025-07-25T10:14:30","modified_gmt":"2025-07-25T08:14:30","slug":"encuentros-en-california-1968-9788429332025","status":"publish","type":"product","link":"https:\/\/www.claret.cat\/es\/libro\/encuentros-en-california-1968-9788429332025\/","title":{"rendered":"ENCUENTROS EN CALIFORNIA (1968)"},"content":{"rendered":"<p>\u00bfQu\u00e9 desvelan los postreros di\u00e1logos de Thomas Merton acerca del di\u00e1logo, la espiritualidad y el interreligioso? Esta obra recoge las conferencias y cartas que Merton dirigi\u00f3 en mayo y octubre de 1968 a las religiosas benedictinas de Nuestra Se\u00f1ora de Redwoods (al norte de California), en las que se despliega una visi\u00f3n \u00fanica a su pensamiento prof\u00e9tico y maduro. Encontramos un Merton que habla de forma cercana, con hondura, sobre la oraci\u00f3n, la espiritualidad y el di\u00e1logo interreligioso, adem\u00e1s de otros temas candentes en aquel tiempo y relevantes hoy, como el cuidado medioambiental, los cambios sociales, los avances cient\u00edficos, o las exploraciones incipientes, desde la religi\u00f3n y la psicolog\u00eda, hacia una nueva conciencia.<\/p>\n","protected":false},"excerpt":{"rendered":"<p>MERTON, THOMAS<\/p>\n","protected":false},"featured_media":969249,"template":"","meta":{"_acf_changed":false,"om_disable_all_campaigns":false,"rs_blank_template":"","rs_page_bg_color":"","slide_template_v7":"","inline_featured_image":false,"_monsterinsights_skip_tracking":false,"_monsterinsights_sitenote_active":false,"_monsterinsights_sitenote_note":"","_monsterinsights_sitenote_category":0},"product_brand":[],"product_cat":[239,490],"product_tag":[],"class_list":{"0":"post-969202","1":"product","2":"type-product","3":"status-publish","4":"has-post-thumbnail","6":"product_cat-monastica","7":"product_cat-monastica-espiritualidad-1_espiritualidad","9":"first","10":"instock","11":"taxable","12":"shipping-taxable","13":"purchasable","14":"product-type-simple"},"acf":{"autor":"MERTON, THOMAS","codart":"842933202","libros-coleccion":"","ediciones":"1","encuadernacion":"R\u00fastica","fecha_de_publicacion":"05\/06\/2024","novedad":"1","paginas":"480","subtitulo":"CONFERENCIAS Y CARTAS DE REDWOODS","orden":"0","portada":"1","idioma":"spa","editorial":[{"ID":6351,"post_author":"3","post_date":"2022-07-28 17:50:19","post_date_gmt":"2022-07-28 15:50:19","post_content":"","post_title":"Sal Terrae","post_excerpt":"","post_status":"publish","comment_status":"closed","ping_status":"closed","post_password":"","post_name":"sal-terrae","to_ping":"","pinged":"","post_modified":"2022-07-28 17:50:19","post_modified_gmt":"2022-07-28 15:50:19","post_content_filtered":"","post_parent":0,"guid":"http:\/\/dev.claret.cat\/editorial\/sal-terrae\/","menu_order":0,"post_type":"editorial","post_mime_type":"","comment_count":"0","filter":"raw"}],"booktrailer":"","resenas":""},"aioseo_notices":[],"_links":{"self":[{"href":"https:\/\/www.claret.cat\/es\/wp-json\/wp\/v2\/product\/969202","targetHints":{"allow":["GET"]}}],"collection":[{"href":"https:\/\/www.claret.cat\/es\/wp-json\/wp\/v2\/product"}],"about":[{"href":"https:\/\/www.claret.cat\/es\/wp-json\/wp\/v2\/types\/product"}],"wp:featuredmedia":[{"embeddable":true,"href":"https:\/\/www.claret.cat\/es\/wp-json\/wp\/v2\/media\/969249"}],"wp:attachment":[{"href":"https:\/\/www.claret.cat\/es\/wp-json\/wp\/v2\/media?parent=969202"}],"wp:term":[{"taxonomy":"product_brand","embeddable":true,"href":"https:\/\/www.claret.cat\/es\/wp-json\/wp\/v2\/product_brand?post=969202"},{"taxonomy":"product_cat","embeddable":true,"href":"https:\/\/www.claret.cat\/es\/wp-json\/wp\/v2\/product_cat?post=969202"},{"taxonomy":"product_tag","embeddable":true,"href":"https:\/\/www.claret.cat\/es\/wp-json\/wp\/v2\/product_tag?post=969202"}],"curies":[{"name":"wp","href":"https:\/\/api.w.org\/{rel}","templated":true}]}}