{"id":969396,"date":"2024-06-07T17:40:02","date_gmt":"2024-06-07T15:40:02","guid":{"rendered":"https:\/\/www.claret.cat\/llibre\/de-mayo-del-68-a-la-cultura-woke-9788413683744\/"},"modified":"2024-06-07T18:10:26","modified_gmt":"2024-06-07T16:10:26","slug":"de-mayo-del-68-a-la-cultura-woke-9788413683744","status":"publish","type":"product","link":"https:\/\/www.claret.cat\/es\/libro\/de-mayo-del-68-a-la-cultura-woke-9788413683744\/","title":{"rendered":"DE MAYO DEL 68 A LA CULTURA WOKE"},"content":{"rendered":"<p>Entre los sucesos m\u00e1s influyentes de finales del siglo XX est\u00e1 la llamada revoluci\u00f3n del 68: dio lugar a una generaci\u00f3n, los sesentayochistas, que nos ha gobernado hasta hoy. Hay quien piensa que lo ocurrido en 1989, el hundimiento del socialismo real, tiene derecho a competir con el 68, pero los \u00faltimos a\u00f1os parecen confirmar la mayor hondura y trascendencia del cambio de los sesenta. Puede que el aparente fracaso pol\u00edtico de aquellos hechos haya enga\u00f1ado a algunos, pero no hubo fracaso, sino efecto retardado.<\/p>\n<p> En cuanto a la relaci\u00f3n con la cultura woke, cualquier an\u00e1lisis hist\u00f3rico selecciona algunas causas para crear una narraci\u00f3n razonable de los hechos, sin que se pueda alcanzar una explicaci\u00f3n exhaustiva ni de estos ni de sus or\u00edgenes, ni pueda tomarse esa explicaci\u00f3n por \u00fanica o definitiva.<\/p>\n<p> Pablo P\u00e9rez L\u00f3pez presenta aqu\u00ed una propuesta de comprensi\u00f3n de la relaci\u00f3n entre mayo de 1968 y la cultura woke: un tejido de personas, ideas y acontecimientos que se remonta a la crisis del siglo XX y ocupa las \u00faltimas seis d\u00e9cadas. As\u00ed entiende \u00e9l c\u00f3mo han tenido lugar y se han encadenado unos sucesos tan influyentes como aleccionadores para pensar nuestro futuro.<\/p>\n","protected":false},"excerpt":{"rendered":"<p>P\u00c9REZ L\u00d3PEZ, PABLO<\/p>\n","protected":false},"featured_media":969409,"template":"","meta":{"_acf_changed":false,"om_disable_all_campaigns":false,"rs_blank_template":"","rs_page_bg_color":"","slide_template_v7":"","inline_featured_image":false,"_monsterinsights_skip_tracking":false,"_monsterinsights_sitenote_active":false,"_monsterinsights_sitenote_note":"","_monsterinsights_sitenote_category":0},"product_brand":[],"product_cat":[158,433],"product_tag":[],"class_list":{"0":"post-969396","1":"product","2":"type-product","3":"status-publish","4":"has-post-thumbnail","6":"product_cat-historia-i-corrents","7":"product_cat-historia-y-corrientes-sociologia-2_humanidades","9":"first","10":"instock","11":"taxable","12":"shipping-taxable","13":"purchasable","14":"product-type-simple"},"acf":{"autor":"P\u00c9REZ L\u00d3PEZ, PABLO","codart":"841368374","libros-coleccion":"Dbolsillo","ediciones":"1","encuadernacion":"R\u00fastica","fecha_de_publicacion":"01\/05\/2024","novedad":"1","paginas":"192","subtitulo":"","orden":"0","portada":"0","idioma":"spa","editorial":[{"ID":148624,"post_author":"3","post_date":"2022-10-14 11:59:42","post_date_gmt":"2022-10-14 09:59:42","post_content":"","post_title":"PALABRA S.A., EDICIONES","post_excerpt":"","post_status":"publish","comment_status":"closed","ping_status":"closed","post_password":"","post_name":"palabra-s-a-ediciones","to_ping":"","pinged":"","post_modified":"2022-10-14 11:59:42","post_modified_gmt":"2022-10-14 09:59:42","post_content_filtered":"","post_parent":0,"guid":"http:\/\/dev.claret.cat\/editorial\/palabra-s-a-ediciones\/","menu_order":0,"post_type":"editorial","post_mime_type":"","comment_count":"0","filter":"raw"}]},"aioseo_notices":[],"_links":{"self":[{"href":"https:\/\/www.claret.cat\/es\/wp-json\/wp\/v2\/product\/969396","targetHints":{"allow":["GET"]}}],"collection":[{"href":"https:\/\/www.claret.cat\/es\/wp-json\/wp\/v2\/product"}],"about":[{"href":"https:\/\/www.claret.cat\/es\/wp-json\/wp\/v2\/types\/product"}],"wp:featuredmedia":[{"embeddable":true,"href":"https:\/\/www.claret.cat\/es\/wp-json\/wp\/v2\/media\/969409"}],"wp:attachment":[{"href":"https:\/\/www.claret.cat\/es\/wp-json\/wp\/v2\/media?parent=969396"}],"wp:term":[{"taxonomy":"product_brand","embeddable":true,"href":"https:\/\/www.claret.cat\/es\/wp-json\/wp\/v2\/product_brand?post=969396"},{"taxonomy":"product_cat","embeddable":true,"href":"https:\/\/www.claret.cat\/es\/wp-json\/wp\/v2\/product_cat?post=969396"},{"taxonomy":"product_tag","embeddable":true,"href":"https:\/\/www.claret.cat\/es\/wp-json\/wp\/v2\/product_tag?post=969396"}],"curies":[{"name":"wp","href":"https:\/\/api.w.org\/{rel}","templated":true}]}}