{"id":969492,"date":"2024-06-10T11:45:35","date_gmt":"2024-06-10T09:45:35","guid":{"rendered":"https:\/\/www.claret.cat\/llibre\/nica-canica-1-primer-dia-en-la-escuela-de-brujas-9788427241831\/"},"modified":"2025-04-07T11:34:02","modified_gmt":"2025-04-07T09:34:02","slug":"nica-canica-1-primer-dia-en-la-escuela-de-brujas-9788427241831","status":"publish","type":"product","link":"https:\/\/www.claret.cat\/es\/libro\/nica-canica-1-primer-dia-en-la-escuela-de-brujas-9788427241831\/","title":{"rendered":"NICA CANICA 1 &#8211; PRIMER D\u00cdA EN LA ESCUELA DE BRUJAS"},"content":{"rendered":"<p>UNA SERIE DE PRIMERAS LECTURAS PARA CREER EN LA MAGIA \u00a1Veli, veri, POM! \u00a1Un conjuro para brujas que molan un mont\u00f3n! \u00a1Hola, soy Nica Canica! Seguro que piensas que las brujas solo visten de negro, tienen verrugas en la nariz y te convierten en sapo.Yo tambi\u00e9n lo pensaba, hasta que descubr\u00ed que \u00a1soy una brujita! Pero no s\u00e9 volar en escoba, ni hacer hechizos ni preparar pociones&#8230; Por eso me han invitado a la Escuela Coraz\u00f3n, \u00a1un cole m\u00e1gico que flota por encima de las nubes! Resulta que ser bruja es m\u00e1s dif\u00edcil de lo que parece&#8230; Pero, con la ayuda mis nuevas amigas y del gatito m\u00e1gico que me acompa\u00f1a a todas partes, \u00a1estoy convencida que lo conseguir\u00e9!\u00bfTe apetece visitar la Escuela Coraz\u00f3n? -Incluye much\u00edsimas ilustraciones a todo color en cada p\u00e1gina. -Con texto sencillo y muy f\u00e1cil de leer para engancharse a la lectura \u00a1y empezar a leer solos! -Un mundo m\u00e1gico y colorido que despertar\u00e1 la imaginaci\u00f3n y las ganas de so\u00f1ar, \u00a1no podr\u00eda ser m\u00e1s cuqui!-Historias ricas en valores para crecer como lectores y como brujitos y brujitas.<\/p>\n","protected":false},"excerpt":{"rendered":"<p>CENCERRADO, M\u00d3NICA<\/p>\n","protected":false},"featured_media":969493,"template":"","meta":{"_acf_changed":false,"om_disable_all_campaigns":false,"rs_blank_template":"","rs_page_bg_color":"","slide_template_v7":"","inline_featured_image":false,"_monsterinsights_skip_tracking":false,"_monsterinsights_sitenote_active":false,"_monsterinsights_sitenote_note":"","_monsterinsights_sitenote_category":0},"product_brand":[],"product_cat":[132,362],"product_tag":[],"class_list":{"0":"post-969492","1":"product","2":"type-product","3":"status-publish","4":"has-post-thumbnail","6":"product_cat-lectures-per-preadolescents-6-12-anys","7":"product_cat-libros-preadolescentes-6-12-anos","9":"first","10":"instock","11":"taxable","12":"shipping-taxable","13":"purchasable","14":"product-type-simple"},"acf":{"autor":"CENCERRADO, M\u00d3NICA","codart":"842724183","libros-coleccion":"PEQUES","ediciones":"1","encuadernacion":"R\u00fastica","fecha_de_publicacion":"01\/06\/2024","novedad":"1","paginas":"122","subtitulo":"","orden":"0","portada":"0","idioma":"spa","editorial":[{"ID":6346,"post_author":"3","post_date":"2022-07-28 17:50:13","post_date_gmt":"2022-07-28 15:50:13","post_content":"","post_title":"RBA Molino","post_excerpt":"","post_status":"publish","comment_status":"closed","ping_status":"closed","post_password":"","post_name":"rba-molino","to_ping":"","pinged":"","post_modified":"2022-07-28 17:50:13","post_modified_gmt":"2022-07-28 15:50:13","post_content_filtered":"","post_parent":0,"guid":"http:\/\/dev.claret.cat\/editorial\/rba-molino\/","menu_order":0,"post_type":"editorial","post_mime_type":"","comment_count":"0","filter":"raw"}]},"aioseo_notices":[],"_links":{"self":[{"href":"https:\/\/www.claret.cat\/es\/wp-json\/wp\/v2\/product\/969492","targetHints":{"allow":["GET"]}}],"collection":[{"href":"https:\/\/www.claret.cat\/es\/wp-json\/wp\/v2\/product"}],"about":[{"href":"https:\/\/www.claret.cat\/es\/wp-json\/wp\/v2\/types\/product"}],"wp:featuredmedia":[{"embeddable":true,"href":"https:\/\/www.claret.cat\/es\/wp-json\/wp\/v2\/media\/969493"}],"wp:attachment":[{"href":"https:\/\/www.claret.cat\/es\/wp-json\/wp\/v2\/media?parent=969492"}],"wp:term":[{"taxonomy":"product_brand","embeddable":true,"href":"https:\/\/www.claret.cat\/es\/wp-json\/wp\/v2\/product_brand?post=969492"},{"taxonomy":"product_cat","embeddable":true,"href":"https:\/\/www.claret.cat\/es\/wp-json\/wp\/v2\/product_cat?post=969492"},{"taxonomy":"product_tag","embeddable":true,"href":"https:\/\/www.claret.cat\/es\/wp-json\/wp\/v2\/product_tag?post=969492"}],"curies":[{"name":"wp","href":"https:\/\/api.w.org\/{rel}","templated":true}]}}