{"id":969675,"date":"2024-06-10T13:05:36","date_gmt":"2024-06-10T11:05:36","guid":{"rendered":"https:\/\/www.claret.cat\/llibre\/quien-es-quien-libro-juego-9788469642825\/"},"modified":"2025-03-07T16:50:21","modified_gmt":"2025-03-07T15:50:21","slug":"quien-es-quien-libro-juego-9788469642825","status":"publish","type":"product","link":"https:\/\/www.claret.cat\/es\/libro\/quien-es-quien-libro-juego-9788469642825\/","title":{"rendered":"\u00bfQUI\u00c9N ES QUI\u00c9N? LIBRO JUEGO"},"content":{"rendered":"<p>Un divertido libro juego con 40 l\u00e1minas y casi 500 personajes. Haciendo preguntas sobre las caracter\u00edsticas de los distintos personajes, cada jugador tiene que averiguar cu\u00e1l ha escogido su adversario. \u00a1Un emocionante juego para aut\u00e9nticos detectives!<\/p>\n","protected":false},"excerpt":{"rendered":"<p>AA.VV.<\/p>\n","protected":false},"featured_media":969707,"template":"","meta":{"_acf_changed":false,"om_disable_all_campaigns":false,"rs_blank_template":"","rs_page_bg_color":"","slide_template_v7":"","inline_featured_image":false,"_monsterinsights_skip_tracking":false,"_monsterinsights_sitenote_active":false,"_monsterinsights_sitenote_note":"","_monsterinsights_sitenote_category":0},"product_brand":[],"product_cat":[131,361,135,365,136,366],"product_tag":[],"class_list":{"0":"post-969675","1":"product","2":"type-product","3":"status-publish","4":"has-post-thumbnail","6":"product_cat-contes-per-infants-0-6-anys","7":"product_cat-cuentos-para-ninos-0-6-anos","8":"product_cat-entreteniment","9":"product_cat-entretenimientos","10":"product_cat-jocs-destimulacio","11":"product_cat-juegos-de-estimulacion","13":"first","14":"instock","15":"taxable","16":"shipping-taxable","17":"purchasable","18":"product-type-simple"},"acf":{"autor":"AA.VV.","codart":"846964282","libros-coleccion":"Castellano - A Partir De 3 A\u00f1os - Manipu","ediciones":"1","encuadernacion":"Carton\u00e9","fecha_de_publicacion":"01\/06\/2024","novedad":"1","paginas":"40","subtitulo":"","orden":"0","portada":"0","idioma":"spa","editorial":[{"ID":147936,"post_author":"3","post_date":"2022-10-14 11:54:22","post_date_gmt":"2022-10-14 09:54:22","post_content":"","post_title":"Editorial Bru\u00f1o","post_excerpt":"","post_status":"publish","comment_status":"closed","ping_status":"closed","post_password":"","post_name":"editorial-bruno","to_ping":"","pinged":"","post_modified":"2022-10-14 11:54:22","post_modified_gmt":"2022-10-14 09:54:22","post_content_filtered":"","post_parent":0,"guid":"http:\/\/dev.claret.cat\/editorial\/editorial-bruno\/","menu_order":0,"post_type":"editorial","post_mime_type":"","comment_count":"0","filter":"raw"}]},"aioseo_notices":[],"_links":{"self":[{"href":"https:\/\/www.claret.cat\/es\/wp-json\/wp\/v2\/product\/969675","targetHints":{"allow":["GET"]}}],"collection":[{"href":"https:\/\/www.claret.cat\/es\/wp-json\/wp\/v2\/product"}],"about":[{"href":"https:\/\/www.claret.cat\/es\/wp-json\/wp\/v2\/types\/product"}],"wp:featuredmedia":[{"embeddable":true,"href":"https:\/\/www.claret.cat\/es\/wp-json\/wp\/v2\/media\/969707"}],"wp:attachment":[{"href":"https:\/\/www.claret.cat\/es\/wp-json\/wp\/v2\/media?parent=969675"}],"wp:term":[{"taxonomy":"product_brand","embeddable":true,"href":"https:\/\/www.claret.cat\/es\/wp-json\/wp\/v2\/product_brand?post=969675"},{"taxonomy":"product_cat","embeddable":true,"href":"https:\/\/www.claret.cat\/es\/wp-json\/wp\/v2\/product_cat?post=969675"},{"taxonomy":"product_tag","embeddable":true,"href":"https:\/\/www.claret.cat\/es\/wp-json\/wp\/v2\/product_tag?post=969675"}],"curies":[{"name":"wp","href":"https:\/\/api.w.org\/{rel}","templated":true}]}}