{"id":969692,"date":"2024-06-10T13:25:05","date_gmt":"2024-06-10T11:25:05","guid":{"rendered":"https:\/\/www.claret.cat\/llibre\/el-juego-de-las-preguntas-biblicas-nivel-intermedio-9780511930027\/"},"modified":"2026-02-25T17:35:41","modified_gmt":"2026-02-25T16:35:41","slug":"el-juego-de-las-preguntas-biblicas-nivel-intermedio-9780511930027","status":"publish","type":"product","link":"https:\/\/www.claret.cat\/es\/libro\/el-juego-de-las-preguntas-biblicas-nivel-intermedio-9780511930027\/","title":{"rendered":"EL JUEGO DE LAS PREGUNTAS BIBLICAS. NIVEL INTERMEDIO"},"content":{"rendered":"<p>El juego de las cartas b\u00edblicas es un juego ideal para aprender m\u00e1s de la Biblia de una manera din\u00e1mica y divertida<\/p>\n<p>Contiene 52 cartas cin m\u00e1s de 150 preguntas<\/p>\n<p>El nivel intermedio es ideal para j\u00f3venes y adolescentes, as\u00ed como personas que quieran adquirir m\u00e1s conocimiento B\u00edblico.<\/p>\n<p>Instrucciones<\/p>\n<p>Las preguntas<br \/>En este juego hay m\u00e1s de 150 preguntas y respuestas b\u00edblicas.<br \/>En cada carta encontrar\u00e1s tres preguntas, que corresponden a estas categor\u00edas:<\/p>\n<p>1) Preguntas y respuestas sobre el Nuevo Testamento. Basadas en los textos b\u00edblicos del Nuevo Testamento.<br \/>2) Preguntas y respuestas sobre el Antiguo Testamento. Basadas en las historias que aparecen en el Antiguo Testamento.<br \/>3) Preguntas y respuestas sobre un personaje b\u00edblico. Basadas en la vida de alg\u00fan personaje que aparece en la Biblia, ya sea del Nuevo o del Antiguo Testamento.<\/p>\n<p>N\u00famero de jugadores: De 2 a los que queramos. Se puede jugar por equipos o individualmente.<\/p>\n<p>C\u00f3mo se juega<\/p>\n<p>Modalidad A. Por puntos<br \/>El primer equipo toma una carta y le hace las tres preguntas que hay en la carta al otro equipo. Si el otro equipo acierta las tres preguntas tiene tres puntos, si acierta dos tiene dos puntos, si acierta una tiene un punto y si no acierta ninguna 0 puntos.<br \/>La puntuaci\u00f3n se anota en un papel. Y el otro equipo pasa a tomar otra carta y a hacer las preguntas a otro jugador. Y seg\u00fan los aciertos se anota en un papel la puntuaci\u00f3n del equipo. Esto se repite seg\u00fan equipos o personas est\u00e9n jugando.<br \/>La partida se puede hacer al mejor de 10, de 20 o de 30 cartas\u2026 Al final de la partida se hacen recuento de puntos y gana qui\u00e9n m\u00e1s puntos tenga.<\/p>\n<p>Modalidad B. Por cartas<br \/>El primer equipo toma una carta y pregunta al otro equipo sobre qu\u00e9 categor\u00eda quiere responder: Sobre el Nuevo Testamento, sobre el Antiguo Testamento o sobre un personaje b\u00edblico.<br \/>El primer equipo le hace la pregunta sobre la categor\u00eda que ha escogido. Si la acierta se queda la carta, si no la acierta y hay un tercer equipo o jugador, hay rebote y se le hace la misma pregunta a \u00e9ste y si la acierta ser\u00e1 \u00e9l quien se quede la carta. Si nadie la acierta se aparta la carta del juego.<br \/>Esto se repite seg\u00fan equipos o personas est\u00e9n jugando hasta que ya no queden m\u00e1s cartas en la baraja. Una pregunta por turno.<br \/>Gana el juego qui\u00e9n se quede con m\u00e1s cartas al finalizar las preguntas.<\/p>\n<p>Modalidad C. El m\u00e1s r\u00e1pido (Un m\u00ednimo de tres personas o equipos)<br \/>El primer equipo toma una carta y pregunta sobre la categor\u00eda que \u00e9l decida al resto de los equipos. El equipo que responda m\u00e1s r\u00e1pido se queda con la carta. Si ning\u00fan equipo acierta la pregunta, la carta queda apartada.<br \/>Tras esto es el segundo equipo quien toma una carta y pregunta al resto de equipos, el equipo que responda m\u00e1s r\u00e1pido se hace con la carta\u2026 Y as\u00ed sucesivamente hasta que no queden cartas en la baraja.<br \/>Gana el equipo que haya logrado m\u00e1s cartas.<\/p>\n<p>\u00a1Esperamos que disfrut\u00e9is del juego y aprend\u00e1is mucho de la Biblia!<\/p>\n","protected":false},"excerpt":{"rendered":"<p>GRIFTS AND LIGHT<\/p>\n","protected":false},"featured_media":1007367,"template":"","meta":{"_acf_changed":false,"om_disable_all_campaigns":false,"rs_blank_template":"","rs_page_bg_color":"","slide_template_v7":"","inline_featured_image":false,"_monsterinsights_skip_tracking":false,"_monsterinsights_sitenote_active":false,"_monsterinsights_sitenote_note":"","_monsterinsights_sitenote_category":0},"product_brand":[],"product_cat":[75,341,226,388],"product_tag":[],"class_list":{"0":"post-969692","1":"product","2":"type-product","3":"status-publish","4":"has-post-thumbnail","6":"product_cat-biblia","7":"product_cat-biblia-es","8":"product_cat-didactica","9":"product_cat-didactica-catequesis-1_espiritualidad","11":"first","12":"instock","13":"taxable","14":"shipping-taxable","15":"purchasable","16":"product-type-simple"},"acf":{"autor":"GRIFTS AND LIGHT","codart":"051193002","libros-coleccion":"","ediciones":"1","encuadernacion":"R\u00fastica","fecha_de_publicacion":"25\/09\/2018","novedad":"0","paginas":"1","subtitulo":"","orden":"0","portada":"0","idioma":"spa","editorial":[{"ID":8255,"post_author":"3","post_date":"2022-09-30 09:21:31","post_date_gmt":"2022-09-30 07:21:31","post_content":"","post_title":"LUCIANO'S GIFTS","post_excerpt":"","post_status":"publish","comment_status":"closed","ping_status":"closed","post_password":"","post_name":"lucianos-gifts-3","to_ping":"","pinged":"","post_modified":"2022-09-30 09:21:31","post_modified_gmt":"2022-09-30 07:21:31","post_content_filtered":"","post_parent":0,"guid":"http:\/\/dev.claret.cat\/editorial\/lucianos-gifts-3\/","menu_order":0,"post_type":"editorial","post_mime_type":"","comment_count":"0","filter":"raw"}],"autores-libros":[{"ID":969691,"post_author":"3","post_date":"2024-06-10 13:25:01","post_date_gmt":"2024-06-10 11:25:01","post_content":"","post_title":"GRIFTS AND LIGHT","post_excerpt":"","post_status":"publish","comment_status":"closed","ping_status":"closed","post_password":"","post_name":"grifts-and-light","to_ping":"","pinged":"","post_modified":"2024-06-10 13:25:01","post_modified_gmt":"2024-06-10 11:25:01","post_content_filtered":"","post_parent":0,"guid":"https:\/\/www.claret.cat\/autor\/grifts-and-light\/","menu_order":0,"post_type":"autor","post_mime_type":"","comment_count":"0","filter":"raw"}],"booktrailer":"","resenas":""},"aioseo_notices":[],"_links":{"self":[{"href":"https:\/\/www.claret.cat\/es\/wp-json\/wp\/v2\/product\/969692","targetHints":{"allow":["GET"]}}],"collection":[{"href":"https:\/\/www.claret.cat\/es\/wp-json\/wp\/v2\/product"}],"about":[{"href":"https:\/\/www.claret.cat\/es\/wp-json\/wp\/v2\/types\/product"}],"wp:featuredmedia":[{"embeddable":true,"href":"https:\/\/www.claret.cat\/es\/wp-json\/wp\/v2\/media\/1007367"}],"wp:attachment":[{"href":"https:\/\/www.claret.cat\/es\/wp-json\/wp\/v2\/media?parent=969692"}],"wp:term":[{"taxonomy":"product_brand","embeddable":true,"href":"https:\/\/www.claret.cat\/es\/wp-json\/wp\/v2\/product_brand?post=969692"},{"taxonomy":"product_cat","embeddable":true,"href":"https:\/\/www.claret.cat\/es\/wp-json\/wp\/v2\/product_cat?post=969692"},{"taxonomy":"product_tag","embeddable":true,"href":"https:\/\/www.claret.cat\/es\/wp-json\/wp\/v2\/product_tag?post=969692"}],"curies":[{"name":"wp","href":"https:\/\/api.w.org\/{rel}","templated":true}]}}