{"id":969865,"date":"2024-06-11T13:20:09","date_gmt":"2024-06-11T11:20:09","guid":{"rendered":"https:\/\/www.claret.cat\/llibre\/la-passio-per-levangelitzacio-catequesis-del-papa-francesc-9788491365419\/"},"modified":"2025-07-23T10:28:06","modified_gmt":"2025-07-23T08:28:06","slug":"la-passio-per-levangelitzacio-catequesis-del-papa-francesc-9788491365419","status":"publish","type":"product","link":"https:\/\/www.claret.cat\/es\/libro\/la-passio-per-levangelitzacio-catequesis-del-papa-francesc-9788491365419\/","title":{"rendered":"LA PASSI\u00d3 PER L\u2019EVANGELITZACI\u00d3. CATEQUESIS DEL PAPA FRANCESC"},"content":{"rendered":"<p>Cada dimecres, si el <strong>Papa \u00e9s a Roma<\/strong>, rep els pelegrins en una Audi\u00e8ncia. \u00c9s una <strong>catequesi<\/strong> sobre temes de vida cristiana i de fe. Qu\u00e8 t\u00e9 d\u2019especial? El seu llenguatge \u00e9s proper i arriba al fons de l\u2019\u00e0nima. El que crida m\u00e9s l\u2019atenci\u00f3 \u00e9s <strong>el seu estil<\/strong>: un pare que parla per a tota la fam\u00edlia, que explica com es dona <strong>sentit a l\u2019exist\u00e8ncia<\/strong>. S\u2019expressa en itali\u00e0, per\u00f2 l\u2019idioma no representa cap problema. Hi ha una <strong>comunicaci\u00f3 directa<\/strong> que fa que acabis amb el regust que ha valgut la pena i que t\u2019has enriquit <strong>d\u2019il\u00b7lusi\u00f3<\/strong>, <strong>de fraternitat<\/strong> <strong>i de<\/strong> <strong>joia<\/strong>.<\/p>\n","protected":false},"excerpt":{"rendered":"<p>PAPA FRANCESC<\/p>\n","protected":false},"featured_media":984028,"template":"","meta":{"_acf_changed":false,"om_disable_all_campaigns":false,"rs_blank_template":"","rs_page_bg_color":"","slide_template_v7":"","inline_featured_image":false,"_monsterinsights_skip_tracking":false,"_monsterinsights_sitenote_active":false,"_monsterinsights_sitenote_note":"","_monsterinsights_sitenote_category":0},"product_brand":[],"product_cat":[307,221,480,581],"product_tag":[],"class_list":{"0":"post-969865","1":"product","2":"type-product","3":"status-publish","4":"has-post-thumbnail","6":"product_cat-catala","7":"product_cat-dadults","8":"product_cat-de-adultos","9":"product_cat-editorial-claret","11":"first","12":"instock","13":"taxable","14":"shipping-taxable","15":"purchasable","16":"product-type-simple"},"acf":{"autor":"PAPA FRANCESC","codart":"849136541","libros-coleccion":"","ediciones":"0","encuadernacion":"R\u00fastica","fecha_de_publicacion":"19\/06\/2024","novedad":"1","paginas":"118","subtitulo":"","orden":"7","portada":"1","idioma":"cat","editorial":[{"ID":6158,"post_author":"3","post_date":"2022-07-28 17:46:08","post_date_gmt":"2022-07-28 15:46:08","post_content":"","post_title":"CLARET","post_excerpt":"","post_status":"publish","comment_status":"closed","ping_status":"closed","post_password":"","post_name":"claret","to_ping":"","pinged":"","post_modified":"2022-07-28 17:46:08","post_modified_gmt":"2022-07-28 15:46:08","post_content_filtered":"","post_parent":0,"guid":"http:\/\/dev.claret.cat\/editorial\/claret\/","menu_order":0,"post_type":"editorial","post_mime_type":"","comment_count":"0","filter":"raw"}],"autores-libros":[{"ID":361202,"post_author":"3","post_date":"2023-01-15 07:18:00","post_date_gmt":"2023-01-15 06:18:00","post_content":"El <strong>Papa Francesc<\/strong>, Jorge Mario Bergoglio (Buenos Aires, 17 de desembre de 1936),<strong>\u00a0<\/strong>\u00e9s el m\u00e0xim representant de l'Esgl\u00e9sia Cat\u00f2lica, sent el primer pont\u00edfex americ\u00e0 i el primer Papa no europeu des de l'any 741. Va entrar al noviciat de l'orde jesu\u00efta de Santiago de Xile, on es llicenci\u00e0 en humanitats. Ordenat sacerdot l'any 1969, va tenir una llarga traject\u00f2ria dins l'orde religi\u00f3s, arribant a ser provincial. Abans d'arribar al Vatic\u00e0 com a cardenal, va ser arquebisbe de Buenos Aires.\r\n\r\nEl 13 de mar\u00e7 de 2013 va resultar elegit pont\u00edfex despr\u00e9s de la ren\u00fancia al c\u00e0rrec de Benet XVI, pels cardenals que van votar en el conclave.\r\n\r\nCom a pont\u00edfex, el Papa Francesc ha redactat les enc\u00edcliques <strong><a href=\"https:\/\/www.editorialclaret.cat\/producte\/la-llum-de-la-fe-lumen-fidei-9788498467796\/?c\"><em>Lumen Fidei<\/em><\/a><\/strong> (2013),<em> <a href=\"https:\/\/www.editorialclaret.cat\/producte\/lloat-sigueu-laudato-si-enciclica-9788498469417\/?c\"><strong>Laudato si<\/strong><\/a> (<\/em>2015) i <em><a href=\"https:\/\/www.editorialclaret.cat\/producte\/fratelli-tutti-germans-tots-9788491363101\/?c\"><strong>Fratelli Tutti<\/strong><\/a><\/em> (2020). Tamb\u00e9 ha escrit diverses constitucions i exhortacions apost\u00f2liques com<a href=\"https:\/\/www.editorialclaret.cat\/producte\/la-joia-de-levangeli-evangelii-gaudium-9788498468281\/?c\"><em><strong>\u00a0Evangelii Gaudium<\/strong><\/em><\/a> (2013), <em><a href=\"https:\/\/www.claret.cat\/llibre\/amoris-laetitia-9788490732397\/?c=\"><strong>Amoris Laetitia<\/strong><\/a><\/em> (2016), <a href=\"https:\/\/www.claret.cat\/llibre\/constitucio-apostolica-vultum-dei-quaerere-sobre-la-vida-contemplativa-femenina-9788498465471\/?c=\"><strong><em>Vultum Dei quaerere<\/em><\/strong><\/a> (2016), Gaudete et exultate (2018), <a href=\"https:\/\/www.claret.cat\/llibre\/veritatis-gaudium-la-alegria-de-la-verdad-9788428554800\/?c=\"><em><strong>Veritatis gaudium<\/strong><\/em><\/a> (2018) o <a href=\"https:\/\/www.claret.cat\/llibre\/praedicate-evangelium-predicad-el-evangelio-9788428567060\/?c=\"><em><strong>Praedicate Evangelium<\/strong><\/em><\/a> (2022).","post_title":"PAPA FRANCESC","post_excerpt":"","post_status":"publish","comment_status":"closed","ping_status":"closed","post_password":"","post_name":"papa-francesc-3","to_ping":"","pinged":"","post_modified":"2024-07-05 10:25:59","post_modified_gmt":"2024-07-05 08:25:59","post_content_filtered":"","post_parent":0,"guid":"https:\/\/www.claret.cat\/autor\/papa-francesc-3\/","menu_order":0,"post_type":"autor","post_mime_type":"","comment_count":"0","filter":"raw"}],"booktrailer":"","linkebook":"","ficha":"","muestra":"","precioebook":"0","presentacion":"","resenas":"<p>Catalunya Religi\u00f3, 19\/06\/2024<\/p>\n<p><a href=\"https:\/\/www.catalunyareligio.cat\/ca\/blog\/llibres-recomanats\/passio-evangelitzacio-catequesis-papa-francesc-313967\" rel=\"noopener noreferrer\" target=\"_blank\">https:\/\/www.catalunyareligio.cat\/ca\/blog\/llibres-recomanats\/passio-evangelitzacio-catequesis-papa-francesc-313967<\/a><\/p>\n<p><\/p>\n<p>Catalunya Religi\u00f3, 20\/06\/2024<\/p>\n<p><a href=\"https:\/\/www.catalunyareligio.cat\/ca\/editorial-claret-publica-catequesis-papa-francesc\" rel=\"noopener noreferrer\" target=\"_blank\">https:\/\/www.catalunyareligio.cat\/ca\/editorial-claret-publica-catequesis-papa-francesc<\/a><\/p>\n<p><\/p>\n<p>Catalunya Cristiana (digital), 22\/06\/2024<\/p>\n<p><a href=\"https:\/\/www.catalunyacristiana.cat\/catequesis-papa-catala-editorial-claret\/\" rel=\"noopener noreferrer\" target=\"_blank\">https:\/\/www.catalunyacristiana.cat\/catequesis-papa-catala-editorial-claret\/<\/a><\/p>\n","traductores-libros":"","ilustradores-libros":"","formato":"","ebookportada":false,"recomendamos":"","mas_vendido":""},"aioseo_notices":[],"_links":{"self":[{"href":"https:\/\/www.claret.cat\/es\/wp-json\/wp\/v2\/product\/969865","targetHints":{"allow":["GET"]}}],"collection":[{"href":"https:\/\/www.claret.cat\/es\/wp-json\/wp\/v2\/product"}],"about":[{"href":"https:\/\/www.claret.cat\/es\/wp-json\/wp\/v2\/types\/product"}],"wp:featuredmedia":[{"embeddable":true,"href":"https:\/\/www.claret.cat\/es\/wp-json\/wp\/v2\/media\/984028"}],"wp:attachment":[{"href":"https:\/\/www.claret.cat\/es\/wp-json\/wp\/v2\/media?parent=969865"}],"wp:term":[{"taxonomy":"product_brand","embeddable":true,"href":"https:\/\/www.claret.cat\/es\/wp-json\/wp\/v2\/product_brand?post=969865"},{"taxonomy":"product_cat","embeddable":true,"href":"https:\/\/www.claret.cat\/es\/wp-json\/wp\/v2\/product_cat?post=969865"},{"taxonomy":"product_tag","embeddable":true,"href":"https:\/\/www.claret.cat\/es\/wp-json\/wp\/v2\/product_tag?post=969865"}],"curies":[{"name":"wp","href":"https:\/\/api.w.org\/{rel}","templated":true}]}}